{"id":742723,"date":"2025-03-03T18:23:13","date_gmt":"2025-03-03T17:23:13","guid":{"rendered":"https:\/\/stoic-curie.212-227-153-4.plesk.page\/producto\/tuba-za-vucu-na-vodi-hydra-crvena-1p\/"},"modified":"2026-02-25T00:01:02","modified_gmt":"2026-02-25T00:01:02","slug":"tuba-za-vucu-na-vodi-hydra-crvena-1p","status":"publish","type":"product","link":"https:\/\/stoic-curie.212-227-153-4.plesk.page\/hr\/product\/tuba-za-vucu-na-vodi-hydra-crvena-1p\/","title":{"rendered":"Tuba za vu\u010du na vodi Hydra crvena 1p"},"content":{"rendered":"<p>Tuba za vu\u010du na vodi Hydra crvena 1p &#8211; <\/p>\n<p>Hidrodinami\u010dka vu\u010dna daska napravljena od izdr\u017eljivog 20G PVC-a s za\u0161titnim slojem od 420D najlona. Oja\u010dani prsten za vu\u010du i 2 podstavljene ru\u010dke s za\u0161titom od neoprena. S trogodi\u0161njim jamstvom nakon registracije na Jobe web stranici.<\/p>\n","protected":false},"excerpt":{"rendered":"<p>Tuba za vu\u010du na vodi Hydra crvena 1p &#8211; Hidrodinami\u010dka vu\u010dna daska napravljena od izdr\u017eljivog 20G PVC-a s za\u0161titnim slojem<\/p>\n","protected":false},"featured_media":5944184,"comment_status":"open","ping_status":"closed","template":"","meta":[],"product_brand":[3041],"product_cat":[1846],"product_tag":[],"class_list":{"0":"post-742723","1":"product","2":"type-product","3":"status-publish","4":"has-post-thumbnail","6":"product_brand-jobe-sports-hr","7":"product_cat-oprema-za-skijanje-na-vodi","9":"first","10":"instock","11":"shipping-taxable","12":"purchasable","13":"product-type-simple"},"_links":{"self":[{"href":"https:\/\/stoic-curie.212-227-153-4.plesk.page\/hr\/wp-json\/wp\/v2\/product\/742723","targetHints":{"allow":["GET"]}}],"collection":[{"href":"https:\/\/stoic-curie.212-227-153-4.plesk.page\/hr\/wp-json\/wp\/v2\/product"}],"about":[{"href":"https:\/\/stoic-curie.212-227-153-4.plesk.page\/hr\/wp-json\/wp\/v2\/types\/product"}],"replies":[{"embeddable":true,"href":"https:\/\/stoic-curie.212-227-153-4.plesk.page\/hr\/wp-json\/wp\/v2\/comments?post=742723"}],"version-history":[{"count":0,"href":"https:\/\/stoic-curie.212-227-153-4.plesk.page\/hr\/wp-json\/wp\/v2\/product\/742723\/revisions"}],"wp:featuredmedia":[{"embeddable":true,"href":"https:\/\/stoic-curie.212-227-153-4.plesk.page\/hr\/wp-json\/wp\/v2\/media\/5944184"}],"wp:attachment":[{"href":"https:\/\/stoic-curie.212-227-153-4.plesk.page\/hr\/wp-json\/wp\/v2\/media?parent=742723"}],"wp:term":[{"taxonomy":"product_brand","embeddable":true,"href":"https:\/\/stoic-curie.212-227-153-4.plesk.page\/hr\/wp-json\/wp\/v2\/product_brand?post=742723"},{"taxonomy":"product_cat","embeddable":true,"href":"https:\/\/stoic-curie.212-227-153-4.plesk.page\/hr\/wp-json\/wp\/v2\/product_cat?post=742723"},{"taxonomy":"product_tag","embeddable":true,"href":"https:\/\/stoic-curie.212-227-153-4.plesk.page\/hr\/wp-json\/wp\/v2\/product_tag?post=742723"}],"curies":[{"name":"wp","href":"https:\/\/api.w.org\/{rel}","templated":true}]}}