{"id":742724,"date":"2025-03-03T18:23:14","date_gmt":"2025-03-03T17:23:14","guid":{"rendered":"https:\/\/stoic-curie.212-227-153-4.plesk.page\/producto\/koloturnik-master-violinski-sa-stoperom-i-nosacem-60mm-do-12mm-konop\/"},"modified":"2026-02-25T00:01:02","modified_gmt":"2026-02-25T00:01:02","slug":"koloturnik-master-violinski-sa-stoperom-i-nosacem-60mm-do-12mm-konop","status":"publish","type":"product","link":"https:\/\/stoic-curie.212-227-153-4.plesk.page\/hr\/product\/koloturnik-master-violinski-sa-stoperom-i-nosacem-60mm-do-12mm-konop\/","title":{"rendered":"Koloturnik Master violinski sa \u0161toperom i nosa\u010dem 60mm do 12mm konop"},"content":{"rendered":"<p>Koloturnik Master violinski sa \u0161toperom i nosa\u010dem 60mm do 12mm konop &#8211; <\/p>\n<p>Majstorski blokovi s ravnim le\u017eajevima dizajnirani za laganu te\u017einu, snagu i superiorno rukovanje. Izra\u0111eni su od nylon razja\u010dane staklenim vlaknima kako bi pru\u017eili \u010dvrsto\u0107u poput metala. Samolakiraju\u0107i valjak smanjuje trenje i pove\u0107ava u\u010dinkovitost. Ravni le\u017eaj od nehr\u0111aju\u0107eg \u010delika 316 omogu\u0107uje glatku rotaciju, \u0161to olak\u0161ava prenos snage za jedrili\u010dare i smanjuje tro\u0161enje u\u017eadi. Ravni le\u017eaj: nehr\u0111aju\u0107i \u010delik 316 Promjer valjka 60 mm: samolakiraju\u0107i acetalni spoj \u010celjusti: poja\u010dani nylon spoj od staklenih vlakana stabiliziran UV zra\u010denjem Opru\u017eni karabin: kovanog razreda 316 od nehr\u0111aju\u0107eg \u010delika WL: Radna optere\u0107enje BL: Loma\u010dka optere\u0107enje NAPOMENA: Radno\/loma\u010dko optere\u0107enje blokova s kamom temelji se na \u010dvrsto\u0107i kame.<\/p>\n","protected":false},"excerpt":{"rendered":"<p>Koloturnik Master violinski sa \u0161toperom i nosa\u010dem 60mm do 12mm konop &#8211; Majstorski blokovi s ravnim le\u017eajevima dizajnirani za laganu<\/p>\n","protected":false},"featured_media":5944187,"comment_status":"open","ping_status":"closed","template":"","meta":[],"product_brand":[3131],"product_cat":[1770],"product_tag":[],"class_list":{"0":"post-742724","1":"product","2":"type-product","3":"status-publish","4":"has-post-thumbnail","6":"product_brand-master-hr","7":"product_cat-master-koloture-za-jedrilice","9":"first","10":"instock","11":"shipping-taxable","12":"purchasable","13":"product-type-simple"},"_links":{"self":[{"href":"https:\/\/stoic-curie.212-227-153-4.plesk.page\/hr\/wp-json\/wp\/v2\/product\/742724","targetHints":{"allow":["GET"]}}],"collection":[{"href":"https:\/\/stoic-curie.212-227-153-4.plesk.page\/hr\/wp-json\/wp\/v2\/product"}],"about":[{"href":"https:\/\/stoic-curie.212-227-153-4.plesk.page\/hr\/wp-json\/wp\/v2\/types\/product"}],"replies":[{"embeddable":true,"href":"https:\/\/stoic-curie.212-227-153-4.plesk.page\/hr\/wp-json\/wp\/v2\/comments?post=742724"}],"version-history":[{"count":0,"href":"https:\/\/stoic-curie.212-227-153-4.plesk.page\/hr\/wp-json\/wp\/v2\/product\/742724\/revisions"}],"wp:featuredmedia":[{"embeddable":true,"href":"https:\/\/stoic-curie.212-227-153-4.plesk.page\/hr\/wp-json\/wp\/v2\/media\/5944187"}],"wp:attachment":[{"href":"https:\/\/stoic-curie.212-227-153-4.plesk.page\/hr\/wp-json\/wp\/v2\/media?parent=742724"}],"wp:term":[{"taxonomy":"product_brand","embeddable":true,"href":"https:\/\/stoic-curie.212-227-153-4.plesk.page\/hr\/wp-json\/wp\/v2\/product_brand?post=742724"},{"taxonomy":"product_cat","embeddable":true,"href":"https:\/\/stoic-curie.212-227-153-4.plesk.page\/hr\/wp-json\/wp\/v2\/product_cat?post=742724"},{"taxonomy":"product_tag","embeddable":true,"href":"https:\/\/stoic-curie.212-227-153-4.plesk.page\/hr\/wp-json\/wp\/v2\/product_tag?post=742724"}],"curies":[{"name":"wp","href":"https:\/\/api.w.org\/{rel}","templated":true}]}}