{"id":742725,"date":"2025-03-03T18:23:14","date_gmt":"2025-03-03T17:23:14","guid":{"rendered":"https:\/\/stoic-curie.212-227-153-4.plesk.page\/producto\/jednostruki-koloturnik-master-72-mm-za-konope-od-12-mm\/"},"modified":"2026-02-25T00:01:02","modified_gmt":"2026-02-25T00:01:02","slug":"jednostruki-koloturnik-master-72-mm-za-konope-od-12-mm","status":"publish","type":"product","link":"https:\/\/stoic-curie.212-227-153-4.plesk.page\/hr\/product\/jednostruki-koloturnik-master-72-mm-za-konope-od-12-mm\/","title":{"rendered":"Jednostruki koloturnik Master 72 mm za konope od 12 mm"},"content":{"rendered":"<p>Jednostruki koloturnik Master 72 mm za konope od 12 mm &#8211; <\/p>\n<p>Majstorski blokovi s ravnim le\u017eajevima konstruirani za laganu te\u017einu, snagu i superiorno upravljanje. Izra\u0111eni su od Najlona oja\u010danog staklenim vlaknima radi pru\u017eanja \u010dvrsto\u0107e sli\u010dne metalu. Samo podmazivanje kolevice smanjuje trenje i pove\u0107ava u\u010dinkovitost. Ravni le\u017eaj od 316 nehr\u0111aju\u0107eg \u010delika omogu\u0107ava glatko okretanje, olak\u0161avaju\u0107i jedrili\u010darima prijenos snage i smanjuju\u0107i habanje u\u017eeta. Ravni le\u017eaj: 316 nehr\u0111aju\u0107i \u010delik Promjer kolevice 72 mm: samoprimljeni acetalni kompozit Bo\u010dne strane: oja\u010dani kompozit najlona sa staklenim vlaknima stabiliziran UV svjetlom Opruga za okretanje: kovana nehr\u0111aju\u0107a \u010delik razreda 316 WL: Radno optere\u0107enje BL: Razlomno optere\u0107enje NAPOMENA: Radno\/brzato optere\u0107enje blokova s kamenom temelji se na \u010dvrsto\u0107i kamena.<\/p>\n","protected":false},"excerpt":{"rendered":"<p>Jednostruki koloturnik Master 72 mm za konope od 12 mm &#8211; Majstorski blokovi s ravnim le\u017eajevima konstruirani za laganu te\u017einu,<\/p>\n","protected":false},"featured_media":5944188,"comment_status":"open","ping_status":"closed","template":"","meta":[],"product_brand":[3131,2291],"product_cat":[1770],"product_tag":[],"class_list":{"0":"post-742725","1":"product","2":"type-product","3":"status-publish","4":"has-post-thumbnail","6":"product_brand-master-hr","7":"product_brand-master","8":"product_cat-master-koloture-za-jedrilice","10":"first","11":"instock","12":"shipping-taxable","13":"purchasable","14":"product-type-simple"},"_links":{"self":[{"href":"https:\/\/stoic-curie.212-227-153-4.plesk.page\/hr\/wp-json\/wp\/v2\/product\/742725","targetHints":{"allow":["GET"]}}],"collection":[{"href":"https:\/\/stoic-curie.212-227-153-4.plesk.page\/hr\/wp-json\/wp\/v2\/product"}],"about":[{"href":"https:\/\/stoic-curie.212-227-153-4.plesk.page\/hr\/wp-json\/wp\/v2\/types\/product"}],"replies":[{"embeddable":true,"href":"https:\/\/stoic-curie.212-227-153-4.plesk.page\/hr\/wp-json\/wp\/v2\/comments?post=742725"}],"version-history":[{"count":0,"href":"https:\/\/stoic-curie.212-227-153-4.plesk.page\/hr\/wp-json\/wp\/v2\/product\/742725\/revisions"}],"wp:featuredmedia":[{"embeddable":true,"href":"https:\/\/stoic-curie.212-227-153-4.plesk.page\/hr\/wp-json\/wp\/v2\/media\/5944188"}],"wp:attachment":[{"href":"https:\/\/stoic-curie.212-227-153-4.plesk.page\/hr\/wp-json\/wp\/v2\/media?parent=742725"}],"wp:term":[{"taxonomy":"product_brand","embeddable":true,"href":"https:\/\/stoic-curie.212-227-153-4.plesk.page\/hr\/wp-json\/wp\/v2\/product_brand?post=742725"},{"taxonomy":"product_cat","embeddable":true,"href":"https:\/\/stoic-curie.212-227-153-4.plesk.page\/hr\/wp-json\/wp\/v2\/product_cat?post=742725"},{"taxonomy":"product_tag","embeddable":true,"href":"https:\/\/stoic-curie.212-227-153-4.plesk.page\/hr\/wp-json\/wp\/v2\/product_tag?post=742725"}],"curies":[{"name":"wp","href":"https:\/\/api.w.org\/{rel}","templated":true}]}}