{"id":742726,"date":"2025-03-03T18:23:14","date_gmt":"2025-03-03T17:23:14","guid":{"rendered":"https:\/\/stoic-curie.212-227-153-4.plesk.page\/producto\/master-violinska-kolotura-s-nosacem-i-stoperom-72-mm-za-konop-12-mm\/"},"modified":"2026-02-25T00:01:02","modified_gmt":"2026-02-25T00:01:02","slug":"master-violinska-kolotura-s-nosacem-i-stoperom-72-mm-za-konop-12-mm","status":"publish","type":"product","link":"https:\/\/stoic-curie.212-227-153-4.plesk.page\/hr\/product\/master-violinska-kolotura-s-nosacem-i-stoperom-72-mm-za-konop-12-mm\/","title":{"rendered":"Master violinska kolotura s nosa\u010dem i \u0161toperom 72 mm za konop 12 mm"},"content":{"rendered":"<p>Master violinska kolotura s nosa\u010dem i \u0161toperom 72 mm za konop 12 mm &#8211; <\/p>\n<p>Master blokovi glavne le\u017eajeve dizajnirani su za laganu te\u017einu, \u010dvrsto\u0107u i superiornu upravljivost. Izra\u0111eni od najlona oja\u010danog staklenim vlaknima kako bi pru\u017eili \u010dvrsto\u0107u poput metala. Samo podmazani kota\u010di\u0107 smanjuje trenje i pove\u0107ava u\u010dinkovitost. Glavni le\u017eaj od nehr\u0111aju\u0107eg \u010delika 316 omogu\u0107uje glatku rotaciju, olak\u0161avaju\u0107i mornarima prijenos snage i smanjenje tro\u0161enja u\u017eeta. Glavni le\u017eaj: nehr\u0111aju\u0107i \u010delik 316 Promjer kota\u010di\u0107a 72 mm: samo podmazuju\u0107i acetalski kompozit Bo\u010dne strane: oja\u010dani kompozit od staklenih vlakana, UV stabiliziran Okretni kuk: kovanog razreda 316 od nehr\u0111aju\u0107eg \u010delika WL: radno optere\u0107enje BL: prekidno optere\u0107enje NAPOMENA: Radno\/prekidno optere\u0107enje blokova s kamenom temelji se na \u010dvrsto\u0107i kamena.<\/p>\n","protected":false},"excerpt":{"rendered":"<p>Master violinska kolotura s nosa\u010dem i \u0161toperom 72 mm za konop 12 mm &#8211; Master blokovi glavne le\u017eajeve dizajnirani su<\/p>\n","protected":false},"featured_media":5944189,"comment_status":"open","ping_status":"closed","template":"","meta":[],"product_brand":[3131],"product_cat":[1770],"product_tag":[],"class_list":{"0":"post-742726","1":"product","2":"type-product","3":"status-publish","4":"has-post-thumbnail","6":"product_brand-master-hr","7":"product_cat-master-koloture-za-jedrilice","9":"first","10":"instock","11":"shipping-taxable","12":"purchasable","13":"product-type-simple"},"_links":{"self":[{"href":"https:\/\/stoic-curie.212-227-153-4.plesk.page\/hr\/wp-json\/wp\/v2\/product\/742726","targetHints":{"allow":["GET"]}}],"collection":[{"href":"https:\/\/stoic-curie.212-227-153-4.plesk.page\/hr\/wp-json\/wp\/v2\/product"}],"about":[{"href":"https:\/\/stoic-curie.212-227-153-4.plesk.page\/hr\/wp-json\/wp\/v2\/types\/product"}],"replies":[{"embeddable":true,"href":"https:\/\/stoic-curie.212-227-153-4.plesk.page\/hr\/wp-json\/wp\/v2\/comments?post=742726"}],"version-history":[{"count":0,"href":"https:\/\/stoic-curie.212-227-153-4.plesk.page\/hr\/wp-json\/wp\/v2\/product\/742726\/revisions"}],"wp:featuredmedia":[{"embeddable":true,"href":"https:\/\/stoic-curie.212-227-153-4.plesk.page\/hr\/wp-json\/wp\/v2\/media\/5944189"}],"wp:attachment":[{"href":"https:\/\/stoic-curie.212-227-153-4.plesk.page\/hr\/wp-json\/wp\/v2\/media?parent=742726"}],"wp:term":[{"taxonomy":"product_brand","embeddable":true,"href":"https:\/\/stoic-curie.212-227-153-4.plesk.page\/hr\/wp-json\/wp\/v2\/product_brand?post=742726"},{"taxonomy":"product_cat","embeddable":true,"href":"https:\/\/stoic-curie.212-227-153-4.plesk.page\/hr\/wp-json\/wp\/v2\/product_cat?post=742726"},{"taxonomy":"product_tag","embeddable":true,"href":"https:\/\/stoic-curie.212-227-153-4.plesk.page\/hr\/wp-json\/wp\/v2\/product_tag?post=742726"}],"curies":[{"name":"wp","href":"https:\/\/api.w.org\/{rel}","templated":true}]}}