{"id":742727,"date":"2025-03-03T18:23:14","date_gmt":"2025-03-03T17:23:14","guid":{"rendered":"https:\/\/stoic-curie.212-227-153-4.plesk.page\/producto\/violinska-kolotura-master-windrider-sa-stoperom-i-nosacem-40-mm-za-konope-do-8-mm\/"},"modified":"2026-02-25T00:01:02","modified_gmt":"2026-02-25T00:01:02","slug":"violinska-kolotura-master-windrider-sa-stoperom-i-nosacem-40-mm-za-konope-do-8-mm","status":"publish","type":"product","link":"https:\/\/stoic-curie.212-227-153-4.plesk.page\/hr\/product\/violinska-kolotura-master-windrider-sa-stoperom-i-nosacem-40-mm-za-konope-do-8-mm\/","title":{"rendered":"Violinska kolotura Master Windrider sa \u0161toperom i nosa\u010dem 40 mm za konope do 8 mm"},"content":{"rendered":"<p>Violinska kolotura Master Windrider sa \u0161toperom i nosa\u010dem 40 mm za konope do 8 mm &#8211; <\/p>\n<p>Master kompozitne niskofrikcijske blokove le\u017eaja su dizajnirane za natjecateljsko jedrenje. Bo\u010dne plo\u010de od visoko jakog kompozita osiguravaju vrhunske performanse pri radnim optere\u0107enjima. Prekrasan dizajn i jednostavna upotreba.<br \/>Le\u017eajevi: samolubrikantni acetalni kompozit<br \/>Promjer remenice 40 mm: samolubrikantni acetalni kompozit<br \/>Obloge: oja\u010dani kompozitni najlon od staklenih vlakana stabiliziran UV-om<br \/>Rotacijski zakovica: Forgirano nehr\u0111aju\u0107e \u010delik razreda 316<br \/>WL: Radno optere\u0107enje<br \/>BL: Rasklopno optere\u0107enje<br \/>NAPOMENA: Radno\/raspadno optere\u0107enje blokova s \u200b\u200bkamenom temelji se na \u010dvrsto\u0107i kamena.<\/p>\n","protected":false},"excerpt":{"rendered":"<p>Violinska kolotura Master Windrider sa \u0161toperom i nosa\u010dem 40 mm za konope do 8 mm &#8211; Master kompozitne niskofrikcijske blokove<\/p>\n","protected":false},"featured_media":5944190,"comment_status":"open","ping_status":"closed","template":"","meta":[],"product_brand":[3131],"product_cat":[1770],"product_tag":[],"class_list":{"0":"post-742727","1":"product","2":"type-product","3":"status-publish","4":"has-post-thumbnail","6":"product_brand-master-hr","7":"product_cat-master-koloture-za-jedrilice","9":"first","10":"instock","11":"shipping-taxable","12":"purchasable","13":"product-type-simple"},"_links":{"self":[{"href":"https:\/\/stoic-curie.212-227-153-4.plesk.page\/hr\/wp-json\/wp\/v2\/product\/742727","targetHints":{"allow":["GET"]}}],"collection":[{"href":"https:\/\/stoic-curie.212-227-153-4.plesk.page\/hr\/wp-json\/wp\/v2\/product"}],"about":[{"href":"https:\/\/stoic-curie.212-227-153-4.plesk.page\/hr\/wp-json\/wp\/v2\/types\/product"}],"replies":[{"embeddable":true,"href":"https:\/\/stoic-curie.212-227-153-4.plesk.page\/hr\/wp-json\/wp\/v2\/comments?post=742727"}],"version-history":[{"count":0,"href":"https:\/\/stoic-curie.212-227-153-4.plesk.page\/hr\/wp-json\/wp\/v2\/product\/742727\/revisions"}],"wp:featuredmedia":[{"embeddable":true,"href":"https:\/\/stoic-curie.212-227-153-4.plesk.page\/hr\/wp-json\/wp\/v2\/media\/5944190"}],"wp:attachment":[{"href":"https:\/\/stoic-curie.212-227-153-4.plesk.page\/hr\/wp-json\/wp\/v2\/media?parent=742727"}],"wp:term":[{"taxonomy":"product_brand","embeddable":true,"href":"https:\/\/stoic-curie.212-227-153-4.plesk.page\/hr\/wp-json\/wp\/v2\/product_brand?post=742727"},{"taxonomy":"product_cat","embeddable":true,"href":"https:\/\/stoic-curie.212-227-153-4.plesk.page\/hr\/wp-json\/wp\/v2\/product_cat?post=742727"},{"taxonomy":"product_tag","embeddable":true,"href":"https:\/\/stoic-curie.212-227-153-4.plesk.page\/hr\/wp-json\/wp\/v2\/product_tag?post=742727"}],"curies":[{"name":"wp","href":"https:\/\/api.w.org\/{rel}","templated":true}]}}