{"id":742730,"date":"2025-03-03T18:23:15","date_gmt":"2025-03-03T17:23:15","guid":{"rendered":"https:\/\/stoic-curie.212-227-153-4.plesk.page\/producto\/univerzalni-sportski-prsluk-jobe-crveni-50n\/"},"modified":"2026-02-25T00:01:02","modified_gmt":"2026-02-25T00:01:02","slug":"univerzalni-sportski-prsluk-jobe-crveni-50n","status":"publish","type":"product","link":"https:\/\/stoic-curie.212-227-153-4.plesk.page\/hr\/product\/univerzalni-sportski-prsluk-jobe-crveni-50n\/","title":{"rendered":"Univerzalni sportski prsluk Jobe crveni, 50N"},"content":{"rendered":"<p>Univerzalni sportski prsluk Jobe crveni, 50N &#8211; <\/p>\n<p>Jobe ISO EN12402-5 odobrena 50N prsluk za plovnost, pogodan za vodene sportove. Izra\u0111en od meke PE pjene oblo\u017eene otpornim najlonom s sustavom za odvod vode. Univerzalna veli\u010dina za odrasle, svestran zbog podesivih trakica. Sa brzim YKK kop\u010danjem. 50N &#8211; podpora za plovnost i pomo\u0107 pri plivanju. Ovo nije \u017eivotni prsluk. Za redovite pliva\u010de. Koristiti u blizini obale.<\/p>\n","protected":false},"excerpt":{"rendered":"<p>Univerzalni sportski prsluk Jobe crveni, 50N &#8211; Jobe ISO EN12402-5 odobrena 50N prsluk za plovnost, pogodan za vodene sportove. Izra\u0111en<\/p>\n","protected":false},"featured_media":5944194,"comment_status":"open","ping_status":"closed","template":"","meta":[],"product_brand":[2214,3041],"product_cat":[1842,1603],"product_tag":[],"class_list":{"0":"post-742730","1":"product","2":"type-product","3":"status-publish","4":"has-post-thumbnail","6":"product_brand-jobe-sports","7":"product_brand-jobe-sports-hr","8":"product_cat-prsluci-za-spasavanje-za-sportove-na-vodi","9":"product_cat-uzgonska-pomagala","11":"first","12":"instock","13":"shipping-taxable","14":"purchasable","15":"product-type-simple"},"_links":{"self":[{"href":"https:\/\/stoic-curie.212-227-153-4.plesk.page\/hr\/wp-json\/wp\/v2\/product\/742730","targetHints":{"allow":["GET"]}}],"collection":[{"href":"https:\/\/stoic-curie.212-227-153-4.plesk.page\/hr\/wp-json\/wp\/v2\/product"}],"about":[{"href":"https:\/\/stoic-curie.212-227-153-4.plesk.page\/hr\/wp-json\/wp\/v2\/types\/product"}],"replies":[{"embeddable":true,"href":"https:\/\/stoic-curie.212-227-153-4.plesk.page\/hr\/wp-json\/wp\/v2\/comments?post=742730"}],"version-history":[{"count":0,"href":"https:\/\/stoic-curie.212-227-153-4.plesk.page\/hr\/wp-json\/wp\/v2\/product\/742730\/revisions"}],"wp:featuredmedia":[{"embeddable":true,"href":"https:\/\/stoic-curie.212-227-153-4.plesk.page\/hr\/wp-json\/wp\/v2\/media\/5944194"}],"wp:attachment":[{"href":"https:\/\/stoic-curie.212-227-153-4.plesk.page\/hr\/wp-json\/wp\/v2\/media?parent=742730"}],"wp:term":[{"taxonomy":"product_brand","embeddable":true,"href":"https:\/\/stoic-curie.212-227-153-4.plesk.page\/hr\/wp-json\/wp\/v2\/product_brand?post=742730"},{"taxonomy":"product_cat","embeddable":true,"href":"https:\/\/stoic-curie.212-227-153-4.plesk.page\/hr\/wp-json\/wp\/v2\/product_cat?post=742730"},{"taxonomy":"product_tag","embeddable":true,"href":"https:\/\/stoic-curie.212-227-153-4.plesk.page\/hr\/wp-json\/wp\/v2\/product_tag?post=742730"}],"curies":[{"name":"wp","href":"https:\/\/api.w.org\/{rel}","templated":true}]}}