{"id":742736,"date":"2025-03-03T18:23:17","date_gmt":"2025-03-03T17:23:17","guid":{"rendered":"https:\/\/stoic-curie.212-227-153-4.plesk.page\/producto\/splav-za-spasavanje-eurovinil-10-osoba-kontejner-iso-9650\/"},"modified":"2026-02-25T00:01:02","modified_gmt":"2026-02-25T00:01:02","slug":"splav-za-spasavanje-eurovinil-10-osoba-kontejner-iso-9650","status":"publish","type":"product","link":"https:\/\/stoic-curie.212-227-153-4.plesk.page\/hr\/product\/splav-za-spasavanje-eurovinil-10-osoba-kontejner-iso-9650\/","title":{"rendered":"Splav za spa\u0161avanje Eurovinil, 10 osoba, kontejner, ISO 9650"},"content":{"rendered":"<p>Splav za spa\u0161avanje Eurovinil, 10 osoba, kontejner, ISO 9650 &#8211; <\/p>\n<p style=\"color: rgb(34, 34, 34); font-family: Arial, Helvetica, sans-serif; font-size: small;\">Eurovinil Syntesy splavi za spa\u0161avanje imaju certifikat prema ISO 9650:2005, osiguravaju\u0107i sigurnost du\u017ee od 24 sata i plovidbu izvan obale na udaljenost ve\u0107u od 12 nauti\u010dkih milja. Prepoznat kao vode\u0107i splav za spa\u0161avanje me\u0111u svim europskim opcijama certificiranim prema ISO-u, Syntesy 9650 je izvrsna opcija za plovidbu oceanom, udobno smje\u0161taju\u0107i do 10 osoba. Ima va\u017ene komponente poput unutarnjih i vanjskih ljestava za lak\u0161i pristup, dizajn s duplim dnom za pobolj\u0161anu stabilnost i vre\u0107e za toplinsku za\u0161titu koje zadr\u017eavaju toplinu za putnike.<\/p>\n<p style=\"color: rgb(34, 34, 34); font-family: Arial, Helvetica, sans-serif; font-size: small;\">Osim toga, ovaj splav za spa\u0161avanje dolazi opremljen sveobuhvatnim kompletnim paketom za pre\u017eivljavanje koji uklju\u010duje obroke i prvu pomo\u0107. Tako\u0111er ima unutarnje i vanjske svjetlosti za pobolj\u0161anje vidljivosti, zajedno s sigurnosnim elementima kao \u0161to su retroreflektivni materijali na pokriva\u010du \u0161atora i signal za pomo\u0107.<\/p>\n<p style=\"color: rgb(34, 34, 34); font-family: Arial, Helvetica, sans-serif; font-size: small;\"><strong>Specifikacije:<\/strong><\/p>\n<ul style=\"color: rgb(34, 34, 34); font-family: Arial, Helvetica, sans-serif; font-size: small;\">\n<li><strong>Kapacitet:<\/strong>\u00a010 osoba (2901160)<\/li>\n<li><strong>Certifikacija:<\/strong>\u00a0ISO 9650:2005<\/li>\n<li><strong>Dimenzije:<\/strong>\u00a078 x 47 x 29 cm<\/li>\n<li><strong>Te\u017eina:<\/strong>\u00a073 kg<\/li>\n<li><strong>Konfiguracija ljestava:<\/strong>\u00a0Sadr\u017ei unutarnje i vanjske ljestve za lak\u0161i pristup<\/li>\n<li><strong>Stabilna konstrukcija:<\/strong>\u00a0Dizajnirano s dvostrukim dnom i balastnim d\u017eepovima za pobolj\u0161anu stabilnost<\/li>\n<li><strong>Toplinska za\u0161tita:<\/strong>\u00a0Uklju\u010duje vre\u0107e za toplinsku za\u0161titu za odr\u017eavanje topline u hladnim uvjetima<\/li>\n<li><strong>Paket za pre\u017eivljavanje:<\/strong>\u00a0Dolazi s obrocima, ribolovnim setom, pitkom vodom i paketom prve pomo\u0107i<\/li>\n<li><strong>Osvjetljenje:<\/strong>\u00a0Opremljen unutarnjim i vanjskim osvjetljenjem za pobolj\u0161anu vidljivost<\/li>\n<li><strong>Sigurnosna obilje\u017eja:<\/strong>\u00a0Koristi retroreflektivni materijal na pokriva\u010du \u0161atora i uklju\u010duje signal za pomo\u0107<\/li>\n<\/ul>\n<p style=\"color: rgb(34, 34, 34); font-family: Arial, Helvetica, sans-serif; font-size: small;\">Ovaj splav za spa\u0161avanje pa\u017eljivo je projektiran kako bi osigurao mir i sigurnost onima koji se upu\u0161taju u otvorena mora.<\/p>\n","protected":false},"excerpt":{"rendered":"<p>Splav za spa\u0161avanje Eurovinil, 10 osoba, kontejner, ISO 9650 &#8211; Eurovinil Syntesy splavi za spa\u0161avanje imaju certifikat prema ISO 9650:2005,<\/p>\n","protected":false},"featured_media":5944212,"comment_status":"open","ping_status":"closed","template":"","meta":[],"product_brand":[2926],"product_cat":[1607],"product_tag":[],"class_list":{"0":"post-742736","1":"product","2":"type-product","3":"status-publish","4":"has-post-thumbnail","6":"product_brand-eurovinil-hr","7":"product_cat-splavi-za-spasavanje","9":"first","10":"outofstock","11":"shipping-taxable","12":"purchasable","13":"product-type-simple"},"_links":{"self":[{"href":"https:\/\/stoic-curie.212-227-153-4.plesk.page\/hr\/wp-json\/wp\/v2\/product\/742736","targetHints":{"allow":["GET"]}}],"collection":[{"href":"https:\/\/stoic-curie.212-227-153-4.plesk.page\/hr\/wp-json\/wp\/v2\/product"}],"about":[{"href":"https:\/\/stoic-curie.212-227-153-4.plesk.page\/hr\/wp-json\/wp\/v2\/types\/product"}],"replies":[{"embeddable":true,"href":"https:\/\/stoic-curie.212-227-153-4.plesk.page\/hr\/wp-json\/wp\/v2\/comments?post=742736"}],"version-history":[{"count":0,"href":"https:\/\/stoic-curie.212-227-153-4.plesk.page\/hr\/wp-json\/wp\/v2\/product\/742736\/revisions"}],"wp:featuredmedia":[{"embeddable":true,"href":"https:\/\/stoic-curie.212-227-153-4.plesk.page\/hr\/wp-json\/wp\/v2\/media\/5944212"}],"wp:attachment":[{"href":"https:\/\/stoic-curie.212-227-153-4.plesk.page\/hr\/wp-json\/wp\/v2\/media?parent=742736"}],"wp:term":[{"taxonomy":"product_brand","embeddable":true,"href":"https:\/\/stoic-curie.212-227-153-4.plesk.page\/hr\/wp-json\/wp\/v2\/product_brand?post=742736"},{"taxonomy":"product_cat","embeddable":true,"href":"https:\/\/stoic-curie.212-227-153-4.plesk.page\/hr\/wp-json\/wp\/v2\/product_cat?post=742736"},{"taxonomy":"product_tag","embeddable":true,"href":"https:\/\/stoic-curie.212-227-153-4.plesk.page\/hr\/wp-json\/wp\/v2\/product_tag?post=742736"}],"curies":[{"name":"wp","href":"https:\/\/api.w.org\/{rel}","templated":true}]}}