{"id":742738,"date":"2025-03-03T18:23:17","date_gmt":"2025-03-03T17:23:17","guid":{"rendered":"https:\/\/stoic-curie.212-227-153-4.plesk.page\/producto\/splav-za-spasavanje-eurovinil-6-osoba-kontejner-iso-9650\/"},"modified":"2026-02-25T00:01:02","modified_gmt":"2026-02-25T00:01:02","slug":"splav-za-spasavanje-eurovinil-6-osoba-kontejner-iso-9650","status":"publish","type":"product","link":"https:\/\/stoic-curie.212-227-153-4.plesk.page\/hr\/product\/splav-za-spasavanje-eurovinil-6-osoba-kontejner-iso-9650\/","title":{"rendered":"Splav za spa\u0161avanje Eurovinil, 6 osoba, kontejner, ISO 9650"},"content":{"rendered":"<p>Splav za spa\u0161avanje Eurovinil, 6 osoba, kontejner, ISO 9650 &#8211; <\/p>\n<p style=\"color: rgb(34, 34, 34); font-family: Arial, Helvetica, sans-serif; font-size: small;\">Liferaft Eurovinil Syntesy za 6 osoba smje\u0161ten u kontejneru certificiran je sukladno ISO 9650:2005, osiguravaju\u0107i sigurnost tijekom vi\u0161e od 24 sata i prikladnost za plovidbu otvorenim morem iznad 12 nauti\u010dkih milja. Prepoznat kao vode\u0107i spasila\u010dki \u010damac me\u0111u svim europskim ISO-certificiranim alternativama, Syntesy 9650 izdvaja se kao izvrsna opcija za oceanske plovidbe, udobno smje\u0161taju\u0107i do 6 osoba. Uklju\u010duje bitne zna\u010dajke poput unutarnjih i vanjskih ljestvi za jednostavan pristup, dvostruko dno s napuhavanjem koje pobolj\u0161ava stabilnost i termalne za\u0161titne vre\u0107e kako bi se osiguralo da putnici ostanu topli.<\/p>\n<p style=\"color: rgb(34, 34, 34); font-family: Arial, Helvetica, sans-serif; font-size: small;\">Osim toga, ovaj \u010damac za spa\u0161avanje dolazi s opse\u017enim paketom za pre\u017eivljavanje koji uklju\u010duje prehrambene porcije i prvu pomo\u0107. Tako\u0111er ima unutarnje i vanjske rasvjetne elemente za pobolj\u0161anje vidljivosti, zajedno s sigurnosnim komponentama poput retroreflektiraju\u0107eg materijala na pokrovu \u0161atora i signala za pomo\u0107.<\/p>\n<p style=\"color: rgb(34, 34, 34); font-family: Arial, Helvetica, sans-serif; font-size: small;\">Specifikacije:<\/p>\n<ul style=\"color: rgb(34, 34, 34); font-family: Arial, Helvetica, sans-serif; font-size: small;\">\n<li>Kapacitet: 6 osoba (2901154)<\/li>\n<li>Sertifikacija: ISO 9650:2005<\/li>\n<li>Dimenzije: 70 x 48 x 28 cm<\/li>\n<li>Te\u017eina: 52 kg<\/li>\n<li>Konfiguracija ljestvi: Ima unutarnje i vanjske ljestve za jednostavan pristup<\/li>\n<li>Stabilna konstrukcija: Dizajnirana s dvostruko dnom i balastnim d\u017eepovima za pobolj\u0161anu stabilnost<\/li>\n<li>Termalna za\u0161tita: Opremljena termalnim za\u0161titnim vre\u0107ama za zadr\u017eavanje topline u hladnim okru\u017eenjima<\/li>\n<li>Paket za pre\u017eivljavanje: Sadr\u017ei prehrambene porcije, ribolovni kit, pitku vodu i paket prve pomo\u0107i<\/li>\n<li>Rasvjeta: Opremljena unutarnjom i vanjskom rasvjetom za bolju vidljivost<\/li>\n<li>Sigurnosne zna\u010dajke: Koristi retroreflektiraju\u0107i materijal na pokrovu \u0161atora i uklju\u010duje signal za pomo\u0107<\/li>\n<\/ul>\n<p style=\"color: rgb(34, 34, 34); font-family: Arial, Helvetica, sans-serif; font-size: small;\">Ovaj \u010damac za spa\u0161avanje pomno je dizajniran kako bi pru\u017eio sigurnost i povjerenje onima koji kre\u0107u na putovanja otvorenim morem.<\/p>\n","protected":false},"excerpt":{"rendered":"<p>Splav za spa\u0161avanje Eurovinil, 6 osoba, kontejner, ISO 9650 &#8211; Liferaft Eurovinil Syntesy za 6 osoba smje\u0161ten u kontejneru certificiran<\/p>\n","protected":false},"featured_media":5944212,"comment_status":"open","ping_status":"closed","template":"","meta":[],"product_brand":[2926],"product_cat":[1607],"product_tag":[],"class_list":{"0":"post-742738","1":"product","2":"type-product","3":"status-publish","4":"has-post-thumbnail","6":"product_brand-eurovinil-hr","7":"product_cat-splavi-za-spasavanje","9":"first","10":"outofstock","11":"shipping-taxable","12":"purchasable","13":"product-type-simple"},"_links":{"self":[{"href":"https:\/\/stoic-curie.212-227-153-4.plesk.page\/hr\/wp-json\/wp\/v2\/product\/742738","targetHints":{"allow":["GET"]}}],"collection":[{"href":"https:\/\/stoic-curie.212-227-153-4.plesk.page\/hr\/wp-json\/wp\/v2\/product"}],"about":[{"href":"https:\/\/stoic-curie.212-227-153-4.plesk.page\/hr\/wp-json\/wp\/v2\/types\/product"}],"replies":[{"embeddable":true,"href":"https:\/\/stoic-curie.212-227-153-4.plesk.page\/hr\/wp-json\/wp\/v2\/comments?post=742738"}],"version-history":[{"count":0,"href":"https:\/\/stoic-curie.212-227-153-4.plesk.page\/hr\/wp-json\/wp\/v2\/product\/742738\/revisions"}],"wp:featuredmedia":[{"embeddable":true,"href":"https:\/\/stoic-curie.212-227-153-4.plesk.page\/hr\/wp-json\/wp\/v2\/media\/5944212"}],"wp:attachment":[{"href":"https:\/\/stoic-curie.212-227-153-4.plesk.page\/hr\/wp-json\/wp\/v2\/media?parent=742738"}],"wp:term":[{"taxonomy":"product_brand","embeddable":true,"href":"https:\/\/stoic-curie.212-227-153-4.plesk.page\/hr\/wp-json\/wp\/v2\/product_brand?post=742738"},{"taxonomy":"product_cat","embeddable":true,"href":"https:\/\/stoic-curie.212-227-153-4.plesk.page\/hr\/wp-json\/wp\/v2\/product_cat?post=742738"},{"taxonomy":"product_tag","embeddable":true,"href":"https:\/\/stoic-curie.212-227-153-4.plesk.page\/hr\/wp-json\/wp\/v2\/product_tag?post=742738"}],"curies":[{"name":"wp","href":"https:\/\/api.w.org\/{rel}","templated":true}]}}