{"id":742743,"date":"2025-03-03T18:23:19","date_gmt":"2025-03-03T17:23:19","guid":{"rendered":"https:\/\/stoic-curie.212-227-153-4.plesk.page\/producto\/splav-za-spasavanje-eurovinil-8-osoba-kofer-iso-9650\/"},"modified":"2026-02-25T00:01:02","modified_gmt":"2026-02-25T00:01:02","slug":"splav-za-spasavanje-eurovinil-8-osoba-kofer-iso-9650","status":"publish","type":"product","link":"https:\/\/stoic-curie.212-227-153-4.plesk.page\/hr\/product\/splav-za-spasavanje-eurovinil-8-osoba-kofer-iso-9650\/","title":{"rendered":"Splav za spa\u0161avanje Eurovinil, 8 osoba, kofer, ISO 9650"},"content":{"rendered":"<p>Splav za spa\u0161avanje Eurovinil, 8 osoba, kofer, ISO 9650 &#8211; <\/p>\n<p style=\"color: rgb(34, 34, 34); font-family: Arial, Helvetica, sans-serif; font-size: small;\">Liferaft Eurovinil za 8 osoba sertificiran je u skladu s ISO 9650:2005. Ova certifikacija jam\u010di sigurnost vi\u0161e od 24 sata i pogodna je za offshore jedrenje izvan 12 nauti\u010dkih milja. Prepoznat kao vode\u0107i spasila\u010dki splav me\u0111u svim europskim ISO-certificiranim opcijama, Syntesy 9650 je izvrstan izbor za ocean jedrenje, udobno smje\u0161taju\u0107i do osmero ljudi. Ima klju\u010dne komponente poput unutarnjih i vanjskih ljestvi za lak\u0161i pristup, dizajn s dvojim dnom za pobolj\u0161anu stabilnost i termalne za\u0161titne vre\u0107e za odr\u017eavanje topline putnika.<\/p>\n<p style=\"color: rgb(34, 34, 34); font-family: Arial, Helvetica, sans-serif; font-size: small;\">Osim toga, ovaj splav dolazi opremljenobuhvatnim kompletom za pre\u017eivljavanje koji uklju\u010duje prehrambene zalihe i pribor za prvu pomo\u0107. Tako\u0111er ima unutarnje i vanjske rasvjetne elemente za pobolj\u0161anje vidljivosti, zajedno s sigurnosnim elementima poput retroreflektivnog materijala na \u0161atoru i signalizacije za hitne slu\u010dajeve.<\/p>\n<p style=\"color: rgb(34, 34, 34); font-family: Arial, Helvetica, sans-serif; font-size: small;\"><strong>Specifikacije:<\/strong><\/p>\n<ul style=\"color: rgb(34, 34, 34); font-family: Arial, Helvetica, sans-serif; font-size: small;\">\n<li><strong>Kapacitet:<\/strong> 8 osoba u vodootpornom vre\u0107ici (2901156)<\/li>\n<li><strong>Sertifikacija:<\/strong> ISO 9650:2005<\/li>\n<li><strong>Dimenzije:<\/strong> 76 x 49 x 28 cm<\/li>\n<li><strong>Te\u017eina:<\/strong> 58 kg<\/li>\n<li><strong>Konfiguracija ljestvi:<\/strong> Uklju\u010duje unutarnje i vanjske ljestve za lak\u0161i pristup<\/li>\n<li><strong>Stabilna konstrukcija:<\/strong> Dizajniran je s duplim dnom i balastnim d\u017eepovima za pobolj\u0161anu stabilnost<\/li>\n<li><strong>Termalna za\u0161tita:<\/strong> Dolazi s termalnim za\u0161titnim vre\u0107icama kako bi se odr\u017eala toplina u hladnim uvjetima<\/li>\n<li><strong>Komplet za pre\u017eivljavanje:<\/strong> Uklju\u010duje prehrambene zalihe, ribolovni pribor, pitku vodu i pribor za prvu pomo\u0107<\/li>\n<li><strong>Rasvjeta:<\/strong> Opremljen unutarnjom i vanjskom rasvjetom za bolju vidljivost<\/li>\n<li><strong>Sigurnosne zna\u010dajke:<\/strong> Koristi retroreflektivni materijal na \u0161atorskom pokrovu i uklju\u010duje signal u nu\u017edi<\/li>\n<\/ul>\n<p style=\"color: rgb(34, 34, 34); font-family: Arial, Helvetica, sans-serif; font-size: small;\">Ovaj splav je pa\u017eljivo osmi\u0161ljen kako bi pru\u017eio mir i sigurnost onima koji se upu\u0161taju u otvorene vode.<\/p>\n","protected":false},"excerpt":{"rendered":"<p>Splav za spa\u0161avanje Eurovinil, 8 osoba, kofer, ISO 9650 &#8211; Liferaft Eurovinil za 8 osoba sertificiran je u skladu s<\/p>\n","protected":false},"featured_media":5944213,"comment_status":"open","ping_status":"closed","template":"","meta":[],"product_brand":[2926],"product_cat":[1607],"product_tag":[],"class_list":{"0":"post-742743","1":"product","2":"type-product","3":"status-publish","4":"has-post-thumbnail","6":"product_brand-eurovinil-hr","7":"product_cat-splavi-za-spasavanje","9":"first","10":"outofstock","11":"shipping-taxable","12":"purchasable","13":"product-type-simple"},"_links":{"self":[{"href":"https:\/\/stoic-curie.212-227-153-4.plesk.page\/hr\/wp-json\/wp\/v2\/product\/742743","targetHints":{"allow":["GET"]}}],"collection":[{"href":"https:\/\/stoic-curie.212-227-153-4.plesk.page\/hr\/wp-json\/wp\/v2\/product"}],"about":[{"href":"https:\/\/stoic-curie.212-227-153-4.plesk.page\/hr\/wp-json\/wp\/v2\/types\/product"}],"replies":[{"embeddable":true,"href":"https:\/\/stoic-curie.212-227-153-4.plesk.page\/hr\/wp-json\/wp\/v2\/comments?post=742743"}],"version-history":[{"count":0,"href":"https:\/\/stoic-curie.212-227-153-4.plesk.page\/hr\/wp-json\/wp\/v2\/product\/742743\/revisions"}],"wp:featuredmedia":[{"embeddable":true,"href":"https:\/\/stoic-curie.212-227-153-4.plesk.page\/hr\/wp-json\/wp\/v2\/media\/5944213"}],"wp:attachment":[{"href":"https:\/\/stoic-curie.212-227-153-4.plesk.page\/hr\/wp-json\/wp\/v2\/media?parent=742743"}],"wp:term":[{"taxonomy":"product_brand","embeddable":true,"href":"https:\/\/stoic-curie.212-227-153-4.plesk.page\/hr\/wp-json\/wp\/v2\/product_brand?post=742743"},{"taxonomy":"product_cat","embeddable":true,"href":"https:\/\/stoic-curie.212-227-153-4.plesk.page\/hr\/wp-json\/wp\/v2\/product_cat?post=742743"},{"taxonomy":"product_tag","embeddable":true,"href":"https:\/\/stoic-curie.212-227-153-4.plesk.page\/hr\/wp-json\/wp\/v2\/product_tag?post=742743"}],"curies":[{"name":"wp","href":"https:\/\/api.w.org\/{rel}","templated":true}]}}