{"id":742745,"date":"2025-03-03T18:23:19","date_gmt":"2025-03-03T17:23:19","guid":{"rendered":"https:\/\/stoic-curie.212-227-153-4.plesk.page\/producto\/distributer-za-slaganje-lanca-chain-boy-od-nehrdajuceg-celika\/"},"modified":"2026-02-25T00:01:02","modified_gmt":"2026-02-25T00:01:02","slug":"distributer-za-slaganje-lanca-chain-boy-od-nehrdajuceg-celika","status":"publish","type":"product","link":"https:\/\/stoic-curie.212-227-153-4.plesk.page\/hr\/product\/distributer-za-slaganje-lanca-chain-boy-od-nehrdajuceg-celika\/","title":{"rendered":"Distributer za slaganje lanca Chain Boy od nehr\u0111aju\u0107eg \u010delika"},"content":{"rendered":"<p>Distributer za slaganje lanca Chain Boy od nehr\u0111aju\u0107eg \u010delika &#8211; <\/p>\n<p>Distribucija lanca od nehr\u0111aju\u0107eg \u010delika Chaine Boy. Kada se instalira u kutiju vrha lanca, postavlja lanac pravilno bez zaplitanja. Opremljen odjeljcima od 50-75-100 mm za izradu razli\u010ditih modularnih visina (325-375-400-425-450-475 mm). (325 mm je minimalna visina temelja).<\/p>\n","protected":false},"excerpt":{"rendered":"<p>Distributer za slaganje lanca Chain Boy od nehr\u0111aju\u0107eg \u010delika &#8211; Distribucija lanca od nehr\u0111aju\u0107eg \u010delika Chaine Boy. Kada se instalira<\/p>\n","protected":false},"featured_media":5944218,"comment_status":"open","ping_status":"closed","template":"","meta":[],"product_brand":[2901],"product_cat":[3911],"product_tag":[],"class_list":{"0":"post-742745","1":"product","2":"type-product","3":"status-publish","4":"has-post-thumbnail","6":"product_brand-douglas-marine-hr","7":"product_cat-accessories","9":"first","10":"instock","11":"shipping-taxable","12":"purchasable","13":"product-type-simple"},"_links":{"self":[{"href":"https:\/\/stoic-curie.212-227-153-4.plesk.page\/hr\/wp-json\/wp\/v2\/product\/742745","targetHints":{"allow":["GET"]}}],"collection":[{"href":"https:\/\/stoic-curie.212-227-153-4.plesk.page\/hr\/wp-json\/wp\/v2\/product"}],"about":[{"href":"https:\/\/stoic-curie.212-227-153-4.plesk.page\/hr\/wp-json\/wp\/v2\/types\/product"}],"replies":[{"embeddable":true,"href":"https:\/\/stoic-curie.212-227-153-4.plesk.page\/hr\/wp-json\/wp\/v2\/comments?post=742745"}],"version-history":[{"count":0,"href":"https:\/\/stoic-curie.212-227-153-4.plesk.page\/hr\/wp-json\/wp\/v2\/product\/742745\/revisions"}],"wp:featuredmedia":[{"embeddable":true,"href":"https:\/\/stoic-curie.212-227-153-4.plesk.page\/hr\/wp-json\/wp\/v2\/media\/5944218"}],"wp:attachment":[{"href":"https:\/\/stoic-curie.212-227-153-4.plesk.page\/hr\/wp-json\/wp\/v2\/media?parent=742745"}],"wp:term":[{"taxonomy":"product_brand","embeddable":true,"href":"https:\/\/stoic-curie.212-227-153-4.plesk.page\/hr\/wp-json\/wp\/v2\/product_brand?post=742745"},{"taxonomy":"product_cat","embeddable":true,"href":"https:\/\/stoic-curie.212-227-153-4.plesk.page\/hr\/wp-json\/wp\/v2\/product_cat?post=742745"},{"taxonomy":"product_tag","embeddable":true,"href":"https:\/\/stoic-curie.212-227-153-4.plesk.page\/hr\/wp-json\/wp\/v2\/product_tag?post=742745"}],"curies":[{"name":"wp","href":"https:\/\/api.w.org\/{rel}","templated":true}]}}