{"id":742746,"date":"2025-03-03T18:23:19","date_gmt":"2025-03-03T17:23:19","guid":{"rendered":"https:\/\/stoic-curie.212-227-153-4.plesk.page\/producto\/vertikalno-vitlo-quick-tumbler-tb3-700w-12v-mali-bubanj\/"},"modified":"2026-02-25T00:01:02","modified_gmt":"2026-02-25T00:01:02","slug":"vertikalno-vitlo-quick-tumbler-tb3-700w-12v-mali-bubanj","status":"publish","type":"product","link":"https:\/\/stoic-curie.212-227-153-4.plesk.page\/hr\/product\/vertikalno-vitlo-quick-tumbler-tb3-700w-12v-mali-bubanj\/","title":{"rendered":"Vertikalno vitlo Quick Tumbler TB3 700W, 12V, mali bubanj"},"content":{"rendered":"<p>Vertikalno vitlo Quick Tumbler TB3 700W, 12V, mali bubanj &#8211; <\/p>\n<p style=\"color: rgb(34, 34, 34); font-family: Arial, Helvetica, sans-serif; font-size: small;\">Predstavljamo Tumbler TB3 712 Capstan, posebno dizajniran za brodove du\u017eine od 7 do 10 metara (23 do 33 stope). Ovaj capstan ima promjer bubnja od 130 mm i konstruiran je s \u010dvrstom osnovom i bubnjem od 316 nehr\u0111aju\u0107eg \u010delika. Opremljen je IP66 vodootpornim motorom, \u0161to osigurava pouzdanu izvedbu u raznim uvjetima. Paket uklju\u010duje kontrolnu kutiju i ru\u010dku za lako upravljanje.<\/p>\n<p style=\"color: rgb(34, 34, 34); font-family: Arial, Helvetica, sans-serif; font-size: small;\">Klju\u010dne specifikacije uklju\u010duju:<\/p>\n<ul style=\"color: rgb(34, 34, 34); font-family: Arial, Helvetica, sans-serif; font-size: small;\">\n<li><strong>Materijal:<\/strong> AISI 316 nehr\u0111aju\u0107i \u010delik za osnovu i bubanj<\/li>\n<li><strong>Ocjena motora:<\/strong> IP67 vodootporni motor za dodatnu za\u0161titu<\/li>\n<li><strong>Menja\u010d:<\/strong> Anodizirani aluminij za dugotrajnu izdr\u017eljivost<\/li>\n<\/ul>\n<p style=\"color: rgb(34, 34, 34); font-family: Arial, Helvetica, sans-serif; font-size: small;\">Specifikacije:<\/p>\n<ul style=\"color: rgb(34, 34, 34); font-family: Arial, Helvetica, sans-serif; font-size: small;\">\n<li><strong>Promjer bubnja:<\/strong> 130 mm<\/li>\n<li><strong>Snaga motora:<\/strong> 700 W<\/li>\n<li><strong>Ulazna napetost:<\/strong> 12 V<\/li>\n<li><strong>Maksimalna vu\u010dna sila:<\/strong> 850 kg<\/li>\n<li><strong>Maksimalna radna optere\u0107enja:<\/strong> 250 kg<\/li>\n<li><strong>Radno optere\u0107enje:<\/strong> 80 kg<\/li>\n<li><strong>Brzina lanca pri radnom optere\u0107enju:<\/strong> 12,0 m\/min<\/li>\n<li><strong>Potro\u0161nja struje pri radnom optere\u0107enju:<\/strong> 90 A<\/li>\n<li><strong>Prikladna debljina palube:<\/strong> 25-50 mm<\/li>\n<li><strong>Te\u017eina:<\/strong> 15,4 kg<\/li>\n<\/ul>\n<p style=\"color: rgb(34, 34, 34); font-family: Arial, Helvetica, sans-serif; font-size: small;\">Ovaj capstan je izvrstan izbor za ljubitelje brodova koji tra\u017ee pouzdano i u\u010dinkovito rje\u0161enje za svoje potrebe sidrenja.<\/p>\n","protected":false},"excerpt":{"rendered":"<p>Vertikalno vitlo Quick Tumbler TB3 700W, 12V, mali bubanj &#8211; Predstavljamo Tumbler TB3 712 Capstan, posebno dizajniran za brodove du\u017eine<\/p>\n","protected":false},"featured_media":5944220,"comment_status":"open","ping_status":"closed","template":"","meta":[],"product_brand":[3281],"product_cat":[1611],"product_tag":[],"class_list":{"0":"post-742746","1":"product","2":"type-product","3":"status-publish","4":"has-post-thumbnail","6":"product_brand-quick-hr","7":"product_cat-vitla-quick","9":"first","10":"instock","11":"shipping-taxable","12":"purchasable","13":"product-type-simple"},"_links":{"self":[{"href":"https:\/\/stoic-curie.212-227-153-4.plesk.page\/hr\/wp-json\/wp\/v2\/product\/742746","targetHints":{"allow":["GET"]}}],"collection":[{"href":"https:\/\/stoic-curie.212-227-153-4.plesk.page\/hr\/wp-json\/wp\/v2\/product"}],"about":[{"href":"https:\/\/stoic-curie.212-227-153-4.plesk.page\/hr\/wp-json\/wp\/v2\/types\/product"}],"replies":[{"embeddable":true,"href":"https:\/\/stoic-curie.212-227-153-4.plesk.page\/hr\/wp-json\/wp\/v2\/comments?post=742746"}],"version-history":[{"count":0,"href":"https:\/\/stoic-curie.212-227-153-4.plesk.page\/hr\/wp-json\/wp\/v2\/product\/742746\/revisions"}],"wp:featuredmedia":[{"embeddable":true,"href":"https:\/\/stoic-curie.212-227-153-4.plesk.page\/hr\/wp-json\/wp\/v2\/media\/5944220"}],"wp:attachment":[{"href":"https:\/\/stoic-curie.212-227-153-4.plesk.page\/hr\/wp-json\/wp\/v2\/media?parent=742746"}],"wp:term":[{"taxonomy":"product_brand","embeddable":true,"href":"https:\/\/stoic-curie.212-227-153-4.plesk.page\/hr\/wp-json\/wp\/v2\/product_brand?post=742746"},{"taxonomy":"product_cat","embeddable":true,"href":"https:\/\/stoic-curie.212-227-153-4.plesk.page\/hr\/wp-json\/wp\/v2\/product_cat?post=742746"},{"taxonomy":"product_tag","embeddable":true,"href":"https:\/\/stoic-curie.212-227-153-4.plesk.page\/hr\/wp-json\/wp\/v2\/product_tag?post=742746"}],"curies":[{"name":"wp","href":"https:\/\/api.w.org\/{rel}","templated":true}]}}