{"id":742750,"date":"2025-03-03T18:23:20","date_gmt":"2025-03-03T17:23:20","guid":{"rendered":"https:\/\/stoic-curie.212-227-153-4.plesk.page\/producto\/quick-daljinski-upravljac-hrc-visenamjenski-8-tipke\/"},"modified":"2026-02-25T00:01:02","modified_gmt":"2026-02-25T00:01:02","slug":"quick-daljinski-upravljac-hrc-visenamjenski-8-tipke","status":"publish","type":"product","link":"https:\/\/stoic-curie.212-227-153-4.plesk.page\/hr\/product\/quick-daljinski-upravljac-hrc-visenamjenski-8-tipke\/","title":{"rendered":"Quick daljinski upravljac HRC Vi\u0161enamjenski 8 tipke"},"content":{"rendered":"<p>Quick daljinski upravljac HRC Vi\u0161enamjenski 8 tipke &#8211; <\/p>\n<p>HRC vodootporne daljinske kontrole koje se koriste za upravljanje dizalicama, prolazima, morskim ljestvama, vjetroturbinama itd. Izra\u0111ene su s gumenim umetcima otpornih na udarce za pobolj\u0161anje hvata. S produ\u017enim kabelom od 4,2 metra, vodootpornim utika\u010dem, nosa\u010dem i integriranim LED svjetlom na upit.<\/p>\n","protected":false},"excerpt":{"rendered":"<p>Quick daljinski upravljac HRC Vi\u0161enamjenski 8 tipke &#8211; HRC vodootporne daljinske kontrole koje se koriste za upravljanje dizalicama, prolazima, morskim<\/p>\n","protected":false},"featured_media":5944221,"comment_status":"open","ping_status":"closed","template":"","meta":[],"product_brand":[3281],"product_cat":[1611],"product_tag":[],"class_list":{"0":"post-742750","1":"product","2":"type-product","3":"status-publish","4":"has-post-thumbnail","6":"product_brand-quick-hr","7":"product_cat-vitla-quick","9":"first","10":"instock","11":"shipping-taxable","12":"purchasable","13":"product-type-simple"},"_links":{"self":[{"href":"https:\/\/stoic-curie.212-227-153-4.plesk.page\/hr\/wp-json\/wp\/v2\/product\/742750","targetHints":{"allow":["GET"]}}],"collection":[{"href":"https:\/\/stoic-curie.212-227-153-4.plesk.page\/hr\/wp-json\/wp\/v2\/product"}],"about":[{"href":"https:\/\/stoic-curie.212-227-153-4.plesk.page\/hr\/wp-json\/wp\/v2\/types\/product"}],"replies":[{"embeddable":true,"href":"https:\/\/stoic-curie.212-227-153-4.plesk.page\/hr\/wp-json\/wp\/v2\/comments?post=742750"}],"version-history":[{"count":0,"href":"https:\/\/stoic-curie.212-227-153-4.plesk.page\/hr\/wp-json\/wp\/v2\/product\/742750\/revisions"}],"wp:featuredmedia":[{"embeddable":true,"href":"https:\/\/stoic-curie.212-227-153-4.plesk.page\/hr\/wp-json\/wp\/v2\/media\/5944221"}],"wp:attachment":[{"href":"https:\/\/stoic-curie.212-227-153-4.plesk.page\/hr\/wp-json\/wp\/v2\/media?parent=742750"}],"wp:term":[{"taxonomy":"product_brand","embeddable":true,"href":"https:\/\/stoic-curie.212-227-153-4.plesk.page\/hr\/wp-json\/wp\/v2\/product_brand?post=742750"},{"taxonomy":"product_cat","embeddable":true,"href":"https:\/\/stoic-curie.212-227-153-4.plesk.page\/hr\/wp-json\/wp\/v2\/product_cat?post=742750"},{"taxonomy":"product_tag","embeddable":true,"href":"https:\/\/stoic-curie.212-227-153-4.plesk.page\/hr\/wp-json\/wp\/v2\/product_tag?post=742750"}],"curies":[{"name":"wp","href":"https:\/\/api.w.org\/{rel}","templated":true}]}}