{"id":742753,"date":"2025-03-03T18:23:21","date_gmt":"2025-03-03T17:23:21","guid":{"rendered":"https:\/\/stoic-curie.212-227-153-4.plesk.page\/producto\/joystick-panel-quick-tcd-2042\/"},"modified":"2026-02-25T00:01:03","modified_gmt":"2026-02-25T00:01:03","slug":"joystick-panel-quick-tcd-2042","status":"publish","type":"product","link":"https:\/\/stoic-curie.212-227-153-4.plesk.page\/hr\/product\/joystick-panel-quick-tcd-2042\/","title":{"rendered":"Joystick panel Quick TCD 2042"},"content":{"rendered":"<p>Joystick panel Quick TCD 2042 &#8211; <\/p>\n<p>TCD brza kontrolna su\u010delja s tipkama ili joystickovima za upravljanje propelerima nosa\u010da. Jednostavno i intuitivno korisni\u010dko su\u010delje. Univerzalno napajanje od 8-30 Vdc. Mogu\u0107nost povezivanja nekoliko TCD kontrola paralelno. Lako se instalira zahvaljuju\u0107i 2-pinske konektor (opcionalna pro\u0161irenja). Automatski prioritetni sustav i onemogu\u0107avanje. Za\u0161tita od obrnute polariteta, kratkog spoja na izlazu, dugotrajne aktivnosti motora i prekida o\u017ei\u010denja sustava za upravljanje propelerskim motorima.<\/p>\n","protected":false},"excerpt":{"rendered":"<p>Joystick panel Quick TCD 2042 &#8211; TCD brza kontrolna su\u010delja s tipkama ili joystickovima za upravljanje propelerima nosa\u010da. Jednostavno i<\/p>\n","protected":false},"featured_media":5944239,"comment_status":"open","ping_status":"closed","template":"","meta":[],"product_brand":[3281],"product_cat":[1610],"product_tag":[],"class_list":{"0":"post-742753","1":"product","2":"type-product","3":"status-publish","4":"has-post-thumbnail","6":"product_brand-quick-hr","7":"product_cat-pramcani-potisnici-quick","9":"first","10":"instock","11":"shipping-taxable","12":"purchasable","13":"product-type-simple"},"_links":{"self":[{"href":"https:\/\/stoic-curie.212-227-153-4.plesk.page\/hr\/wp-json\/wp\/v2\/product\/742753","targetHints":{"allow":["GET"]}}],"collection":[{"href":"https:\/\/stoic-curie.212-227-153-4.plesk.page\/hr\/wp-json\/wp\/v2\/product"}],"about":[{"href":"https:\/\/stoic-curie.212-227-153-4.plesk.page\/hr\/wp-json\/wp\/v2\/types\/product"}],"replies":[{"embeddable":true,"href":"https:\/\/stoic-curie.212-227-153-4.plesk.page\/hr\/wp-json\/wp\/v2\/comments?post=742753"}],"version-history":[{"count":0,"href":"https:\/\/stoic-curie.212-227-153-4.plesk.page\/hr\/wp-json\/wp\/v2\/product\/742753\/revisions"}],"wp:featuredmedia":[{"embeddable":true,"href":"https:\/\/stoic-curie.212-227-153-4.plesk.page\/hr\/wp-json\/wp\/v2\/media\/5944239"}],"wp:attachment":[{"href":"https:\/\/stoic-curie.212-227-153-4.plesk.page\/hr\/wp-json\/wp\/v2\/media?parent=742753"}],"wp:term":[{"taxonomy":"product_brand","embeddable":true,"href":"https:\/\/stoic-curie.212-227-153-4.plesk.page\/hr\/wp-json\/wp\/v2\/product_brand?post=742753"},{"taxonomy":"product_cat","embeddable":true,"href":"https:\/\/stoic-curie.212-227-153-4.plesk.page\/hr\/wp-json\/wp\/v2\/product_cat?post=742753"},{"taxonomy":"product_tag","embeddable":true,"href":"https:\/\/stoic-curie.212-227-153-4.plesk.page\/hr\/wp-json\/wp\/v2\/product_tag?post=742753"}],"curies":[{"name":"wp","href":"https:\/\/api.w.org\/{rel}","templated":true}]}}