{"id":742759,"date":"2025-03-03T18:23:23","date_gmt":"2025-03-03T17:23:23","guid":{"rendered":"https:\/\/stoic-curie.212-227-153-4.plesk.page\/producto\/rucica-za-upravljanje-morse-ultraflex-b310b-trim\/"},"modified":"2026-02-25T00:01:03","modified_gmt":"2026-02-25T00:01:03","slug":"rucica-za-upravljanje-morse-ultraflex-b310b-trim","status":"publish","type":"product","link":"https:\/\/stoic-curie.212-227-153-4.plesk.page\/hr\/product\/rucica-za-upravljanje-morse-ultraflex-b310b-trim\/","title":{"rendered":"Ru\u010dica za upravljanje Morse Ultraflex B310b-Trim"},"content":{"rendered":"<p>Ru\u010dica za upravljanje Morse Ultraflex B310b-Trim &#8211; <\/p>\n<p>Kontrola s dvostrukim djelovanjem montirana sa strane s jednim polugom za kontrolu gasa, prebacivanja i trimanja za vanbrodske motore i stra\u017enje prijenose. Koristi C2 \/ C8 \/ C33 \/ MACHZero kontrolne kabele. C5 kabel mo\u017ee se povezati s K35 kitom (4620035). Uz opcionalni sigurnosni prekida\u010d X12 (4620112) motor se mo\u017ee pokrenuti samo s isklju\u010denim mjenja\u010dem. Opremljen pozitivnim zaklju\u010davanjem u neutralnom polo\u017eaju kako bi se sprije\u010dilo slu\u010dajno uklju\u010divanje brzine.<\/p>\n","protected":false},"excerpt":{"rendered":"<p>Ru\u010dica za upravljanje Morse Ultraflex B310b-Trim &#8211; Kontrola s dvostrukim djelovanjem montirana sa strane s jednim polugom za kontrolu gasa,<\/p>\n","protected":false},"featured_media":5944268,"comment_status":"open","ping_status":"closed","template":"","meta":[],"product_brand":[3501],"product_cat":[1791],"product_tag":[],"class_list":{"0":"post-742759","1":"product","2":"type-product","3":"status-publish","4":"has-post-thumbnail","6":"product_brand-ultraflex-uflex-hr","7":"product_cat-morse-poluge-gasa","9":"first","10":"instock","11":"shipping-taxable","12":"purchasable","13":"product-type-simple"},"_links":{"self":[{"href":"https:\/\/stoic-curie.212-227-153-4.plesk.page\/hr\/wp-json\/wp\/v2\/product\/742759","targetHints":{"allow":["GET"]}}],"collection":[{"href":"https:\/\/stoic-curie.212-227-153-4.plesk.page\/hr\/wp-json\/wp\/v2\/product"}],"about":[{"href":"https:\/\/stoic-curie.212-227-153-4.plesk.page\/hr\/wp-json\/wp\/v2\/types\/product"}],"replies":[{"embeddable":true,"href":"https:\/\/stoic-curie.212-227-153-4.plesk.page\/hr\/wp-json\/wp\/v2\/comments?post=742759"}],"version-history":[{"count":0,"href":"https:\/\/stoic-curie.212-227-153-4.plesk.page\/hr\/wp-json\/wp\/v2\/product\/742759\/revisions"}],"wp:featuredmedia":[{"embeddable":true,"href":"https:\/\/stoic-curie.212-227-153-4.plesk.page\/hr\/wp-json\/wp\/v2\/media\/5944268"}],"wp:attachment":[{"href":"https:\/\/stoic-curie.212-227-153-4.plesk.page\/hr\/wp-json\/wp\/v2\/media?parent=742759"}],"wp:term":[{"taxonomy":"product_brand","embeddable":true,"href":"https:\/\/stoic-curie.212-227-153-4.plesk.page\/hr\/wp-json\/wp\/v2\/product_brand?post=742759"},{"taxonomy":"product_cat","embeddable":true,"href":"https:\/\/stoic-curie.212-227-153-4.plesk.page\/hr\/wp-json\/wp\/v2\/product_cat?post=742759"},{"taxonomy":"product_tag","embeddable":true,"href":"https:\/\/stoic-curie.212-227-153-4.plesk.page\/hr\/wp-json\/wp\/v2\/product_tag?post=742759"}],"curies":[{"name":"wp","href":"https:\/\/api.w.org\/{rel}","templated":true}]}}