{"id":742771,"date":"2025-03-03T18:23:26","date_gmt":"2025-03-03T17:23:26","guid":{"rendered":"https:\/\/stoic-curie.212-227-153-4.plesk.page\/producto\/podvodna-led-svjetiljka-od-nehrdajuceg-celika-svijetlo-bijela-123-x-44-mm\/"},"modified":"2026-02-25T00:01:03","modified_gmt":"2026-02-25T00:01:03","slug":"podvodna-led-svjetiljka-od-nehrdajuceg-celika-svijetlo-bijela-123-x-44-mm","status":"publish","type":"product","link":"https:\/\/stoic-curie.212-227-153-4.plesk.page\/hr\/product\/podvodna-led-svjetiljka-od-nehrdajuceg-celika-svijetlo-bijela-123-x-44-mm\/","title":{"rendered":"Podvodna LED svjetiljka od nehr\u0111aju\u0107eg \u010delika svijetlo bijela 123 x 44 mm"},"content":{"rendered":"<p>Podvodna LED svjetiljka od nehr\u0111aju\u0107eg \u010delika svijetlo bijela 123 x 44 mm &#8211; <\/p>\n<p>Univerzalno napajanje od 9-32V visoke svjetline za podvodnu LED rasvjetu. IP68 vodonepropusno ku\u0107i\u0161te od 316 nehr\u0111aju\u0107eg \u010delika s elektronikom zape\u010da\u0107enom silikonskim gelom. S ugra\u0111enim upravlja\u010dem i za\u0161titom od pregrijavanja. Elektri\u010dni kabel duljine 1,5 m.<\/p>\n","protected":false},"excerpt":{"rendered":"<p>Podvodna LED svjetiljka od nehr\u0111aju\u0107eg \u010delika svijetlo bijela 123 x 44 mm &#8211; Univerzalno napajanje od 9-32V visoke svjetline za<\/p>\n","protected":false},"featured_media":5944296,"comment_status":"open","ping_status":"closed","template":"","meta":[],"product_brand":[3221],"product_cat":[1731],"product_tag":[],"class_list":{"0":"post-742771","1":"product","2":"type-product","3":"status-publish","4":"has-post-thumbnail","6":"product_brand-oceanled-hr","7":"product_cat-uronjiva-led-svjetla","9":"first","10":"instock","11":"shipping-taxable","12":"purchasable","13":"product-type-simple"},"_links":{"self":[{"href":"https:\/\/stoic-curie.212-227-153-4.plesk.page\/hr\/wp-json\/wp\/v2\/product\/742771","targetHints":{"allow":["GET"]}}],"collection":[{"href":"https:\/\/stoic-curie.212-227-153-4.plesk.page\/hr\/wp-json\/wp\/v2\/product"}],"about":[{"href":"https:\/\/stoic-curie.212-227-153-4.plesk.page\/hr\/wp-json\/wp\/v2\/types\/product"}],"replies":[{"embeddable":true,"href":"https:\/\/stoic-curie.212-227-153-4.plesk.page\/hr\/wp-json\/wp\/v2\/comments?post=742771"}],"version-history":[{"count":0,"href":"https:\/\/stoic-curie.212-227-153-4.plesk.page\/hr\/wp-json\/wp\/v2\/product\/742771\/revisions"}],"wp:featuredmedia":[{"embeddable":true,"href":"https:\/\/stoic-curie.212-227-153-4.plesk.page\/hr\/wp-json\/wp\/v2\/media\/5944296"}],"wp:attachment":[{"href":"https:\/\/stoic-curie.212-227-153-4.plesk.page\/hr\/wp-json\/wp\/v2\/media?parent=742771"}],"wp:term":[{"taxonomy":"product_brand","embeddable":true,"href":"https:\/\/stoic-curie.212-227-153-4.plesk.page\/hr\/wp-json\/wp\/v2\/product_brand?post=742771"},{"taxonomy":"product_cat","embeddable":true,"href":"https:\/\/stoic-curie.212-227-153-4.plesk.page\/hr\/wp-json\/wp\/v2\/product_cat?post=742771"},{"taxonomy":"product_tag","embeddable":true,"href":"https:\/\/stoic-curie.212-227-153-4.plesk.page\/hr\/wp-json\/wp\/v2\/product_tag?post=742771"}],"curies":[{"name":"wp","href":"https:\/\/api.w.org\/{rel}","templated":true}]}}