{"id":742773,"date":"2025-03-03T18:23:27","date_gmt":"2025-03-03T17:23:27","guid":{"rendered":"https:\/\/stoic-curie.212-227-153-4.plesk.page\/producto\/rivijera-aries-led-65mm-bijelo-crno\/"},"modified":"2026-02-25T00:01:03","modified_gmt":"2026-02-25T00:01:03","slug":"rivijera-aries-led-65mm-bijelo-crno","status":"publish","type":"product","link":"https:\/\/stoic-curie.212-227-153-4.plesk.page\/hr\/product\/rivijera-aries-led-65mm-bijelo-crno\/","title":{"rendered":"Rivijera Aries Led 65mm bijelo \/ crno"},"content":{"rendered":"<p>Rivijera Aries Led 65mm bijelo \/ crno &#8211; <\/p>\n<p>Aries kompas za monta\u017eu na palubi s ekranom protiv odsjaja. LED osvjetljenje 12V. <br \/> \u2022 Lako se skida zahvaljuju\u0107i bajonetnom u\u010dvr\u0161\u0107enju <br \/> \u2022 Osvjetljenje: 12V (24V na zahtjev) <br \/> \u2022 O\u010ditavanje karte promjera 2&#8243; 1\/2 &#8211; 65 mm <br \/> \u2022 Prednje o\u010ditanje (graduacija karte 5\u00b0) <br \/> \u2022 Za standardne i brze \u010damce <br \/> \u2022 Jamstvo 3 godine<\/p>\n","protected":false},"excerpt":{"rendered":"<p>Rivijera Aries Led 65mm bijelo \/ crno &#8211; Aries kompas za monta\u017eu na palubi s ekranom protiv odsjaja. LED osvjetljenje<\/p>\n","protected":false},"featured_media":5944305,"comment_status":"open","ping_status":"closed","template":"","meta":[],"product_brand":[3306],"product_cat":[1780],"product_tag":[],"class_list":{"0":"post-742773","1":"product","2":"type-product","3":"status-publish","4":"has-post-thumbnail","6":"product_brand-riviera-hr","7":"product_cat-navigacijski-kompas","9":"first","10":"instock","11":"shipping-taxable","12":"purchasable","13":"product-type-simple"},"_links":{"self":[{"href":"https:\/\/stoic-curie.212-227-153-4.plesk.page\/hr\/wp-json\/wp\/v2\/product\/742773","targetHints":{"allow":["GET"]}}],"collection":[{"href":"https:\/\/stoic-curie.212-227-153-4.plesk.page\/hr\/wp-json\/wp\/v2\/product"}],"about":[{"href":"https:\/\/stoic-curie.212-227-153-4.plesk.page\/hr\/wp-json\/wp\/v2\/types\/product"}],"replies":[{"embeddable":true,"href":"https:\/\/stoic-curie.212-227-153-4.plesk.page\/hr\/wp-json\/wp\/v2\/comments?post=742773"}],"version-history":[{"count":0,"href":"https:\/\/stoic-curie.212-227-153-4.plesk.page\/hr\/wp-json\/wp\/v2\/product\/742773\/revisions"}],"wp:featuredmedia":[{"embeddable":true,"href":"https:\/\/stoic-curie.212-227-153-4.plesk.page\/hr\/wp-json\/wp\/v2\/media\/5944305"}],"wp:attachment":[{"href":"https:\/\/stoic-curie.212-227-153-4.plesk.page\/hr\/wp-json\/wp\/v2\/media?parent=742773"}],"wp:term":[{"taxonomy":"product_brand","embeddable":true,"href":"https:\/\/stoic-curie.212-227-153-4.plesk.page\/hr\/wp-json\/wp\/v2\/product_brand?post=742773"},{"taxonomy":"product_cat","embeddable":true,"href":"https:\/\/stoic-curie.212-227-153-4.plesk.page\/hr\/wp-json\/wp\/v2\/product_cat?post=742773"},{"taxonomy":"product_tag","embeddable":true,"href":"https:\/\/stoic-curie.212-227-153-4.plesk.page\/hr\/wp-json\/wp\/v2\/product_tag?post=742773"}],"curies":[{"name":"wp","href":"https:\/\/api.w.org\/{rel}","templated":true}]}}