{"id":742777,"date":"2025-03-03T18:23:28","date_gmt":"2025-03-03T17:23:28","guid":{"rendered":"https:\/\/stoic-curie.212-227-153-4.plesk.page\/producto\/quick-daljinski-upravljac-hrc-visenamjenski-4-tipke-led-baklja\/"},"modified":"2026-02-25T00:01:03","modified_gmt":"2026-02-25T00:01:03","slug":"quick-daljinski-upravljac-hrc-visenamjenski-4-tipke-led-baklja","status":"publish","type":"product","link":"https:\/\/stoic-curie.212-227-153-4.plesk.page\/hr\/product\/quick-daljinski-upravljac-hrc-visenamjenski-4-tipke-led-baklja\/","title":{"rendered":"Quick daljinski upravljac HRC Vi\u0161enamjenski 4 tipke + Led baklja"},"content":{"rendered":"<p>Quick daljinski upravljac HRC Vi\u0161enamjenski 4 tipke + Led baklja &#8211; <\/p>\n<p>Vodootporne ru\u010dne daljinske upravlja\u010de HRC koji se koriste za upravljanje dizalicama, proljetima, morskim ljestvama, vitlima itd. Izgra\u0111eni su s gumeni umetci otpornim na udarce za bolji zahvat. S produ\u017enim kabelom do 4,2 metra, vodootpornim utika\u010dem, nosa\u010dem i integriranom LED svjetlom na zahtjev.<\/p>\n","protected":false},"excerpt":{"rendered":"<p>Quick daljinski upravljac HRC Vi\u0161enamjenski 4 tipke + Led baklja &#8211; Vodootporne ru\u010dne daljinske upravlja\u010de HRC koji se koriste za<\/p>\n","protected":false},"featured_media":5944221,"comment_status":"open","ping_status":"closed","template":"","meta":[],"product_brand":[3281],"product_cat":[1611],"product_tag":[],"class_list":{"0":"post-742777","1":"product","2":"type-product","3":"status-publish","4":"has-post-thumbnail","6":"product_brand-quick-hr","7":"product_cat-vitla-quick","9":"first","10":"instock","11":"shipping-taxable","12":"purchasable","13":"product-type-simple"},"_links":{"self":[{"href":"https:\/\/stoic-curie.212-227-153-4.plesk.page\/hr\/wp-json\/wp\/v2\/product\/742777","targetHints":{"allow":["GET"]}}],"collection":[{"href":"https:\/\/stoic-curie.212-227-153-4.plesk.page\/hr\/wp-json\/wp\/v2\/product"}],"about":[{"href":"https:\/\/stoic-curie.212-227-153-4.plesk.page\/hr\/wp-json\/wp\/v2\/types\/product"}],"replies":[{"embeddable":true,"href":"https:\/\/stoic-curie.212-227-153-4.plesk.page\/hr\/wp-json\/wp\/v2\/comments?post=742777"}],"version-history":[{"count":0,"href":"https:\/\/stoic-curie.212-227-153-4.plesk.page\/hr\/wp-json\/wp\/v2\/product\/742777\/revisions"}],"wp:featuredmedia":[{"embeddable":true,"href":"https:\/\/stoic-curie.212-227-153-4.plesk.page\/hr\/wp-json\/wp\/v2\/media\/5944221"}],"wp:attachment":[{"href":"https:\/\/stoic-curie.212-227-153-4.plesk.page\/hr\/wp-json\/wp\/v2\/media?parent=742777"}],"wp:term":[{"taxonomy":"product_brand","embeddable":true,"href":"https:\/\/stoic-curie.212-227-153-4.plesk.page\/hr\/wp-json\/wp\/v2\/product_brand?post=742777"},{"taxonomy":"product_cat","embeddable":true,"href":"https:\/\/stoic-curie.212-227-153-4.plesk.page\/hr\/wp-json\/wp\/v2\/product_cat?post=742777"},{"taxonomy":"product_tag","embeddable":true,"href":"https:\/\/stoic-curie.212-227-153-4.plesk.page\/hr\/wp-json\/wp\/v2\/product_tag?post=742777"}],"curies":[{"name":"wp","href":"https:\/\/api.w.org\/{rel}","templated":true}]}}