{"id":742787,"date":"2025-03-03T18:23:31","date_gmt":"2025-03-03T17:23:31","guid":{"rendered":"https:\/\/stoic-curie.212-227-153-4.plesk.page\/producto\/kromirani-mesingani-teleskopski-nosac-palubnog-poklopca-360-640-mm\/"},"modified":"2026-02-25T00:01:03","modified_gmt":"2026-02-25T00:01:03","slug":"kromirani-mesingani-teleskopski-nosac-palubnog-poklopca-360-640-mm","status":"publish","type":"product","link":"https:\/\/stoic-curie.212-227-153-4.plesk.page\/hr\/product\/kromirani-mesingani-teleskopski-nosac-palubnog-poklopca-360-640-mm\/","title":{"rendered":"Kromirani mesingani teleskopski nosac palubnog poklopca 360-640 mm"},"content":{"rendered":"<p>Kromirani mesingani teleskopski nosac palubnog poklopca 360-640 mm &#8211; <\/p>\n<p>Teleskopski pode\u0161ava\u010d vrata od kromiranog mesinga za prozore. S rotiraju\u0107im podlogama i dugmetom za zaklju\u010davanje vrata u \u017eeljenom polo\u017eaju.<\/p>\n","protected":false},"excerpt":{"rendered":"<p>Kromirani mesingani teleskopski nosac palubnog poklopca 360-640 mm &#8211; Teleskopski pode\u0161ava\u010d vrata od kromiranog mesinga za prozore. S rotiraju\u0107im podlogama<\/p>\n","protected":false},"featured_media":5944329,"comment_status":"open","ping_status":"closed","template":"","meta":[],"product_brand":[2946],"product_cat":[1688],"product_tag":[],"class_list":{"0":"post-742787","1":"product","2":"type-product","3":"status-publish","4":"has-post-thumbnail","6":"product_brand-foresti-suardi-hr","7":"product_cat-plinske-opruge-za-poklopce","9":"first","10":"instock","11":"shipping-taxable","12":"purchasable","13":"product-type-simple"},"_links":{"self":[{"href":"https:\/\/stoic-curie.212-227-153-4.plesk.page\/hr\/wp-json\/wp\/v2\/product\/742787","targetHints":{"allow":["GET"]}}],"collection":[{"href":"https:\/\/stoic-curie.212-227-153-4.plesk.page\/hr\/wp-json\/wp\/v2\/product"}],"about":[{"href":"https:\/\/stoic-curie.212-227-153-4.plesk.page\/hr\/wp-json\/wp\/v2\/types\/product"}],"replies":[{"embeddable":true,"href":"https:\/\/stoic-curie.212-227-153-4.plesk.page\/hr\/wp-json\/wp\/v2\/comments?post=742787"}],"version-history":[{"count":0,"href":"https:\/\/stoic-curie.212-227-153-4.plesk.page\/hr\/wp-json\/wp\/v2\/product\/742787\/revisions"}],"wp:featuredmedia":[{"embeddable":true,"href":"https:\/\/stoic-curie.212-227-153-4.plesk.page\/hr\/wp-json\/wp\/v2\/media\/5944329"}],"wp:attachment":[{"href":"https:\/\/stoic-curie.212-227-153-4.plesk.page\/hr\/wp-json\/wp\/v2\/media?parent=742787"}],"wp:term":[{"taxonomy":"product_brand","embeddable":true,"href":"https:\/\/stoic-curie.212-227-153-4.plesk.page\/hr\/wp-json\/wp\/v2\/product_brand?post=742787"},{"taxonomy":"product_cat","embeddable":true,"href":"https:\/\/stoic-curie.212-227-153-4.plesk.page\/hr\/wp-json\/wp\/v2\/product_cat?post=742787"},{"taxonomy":"product_tag","embeddable":true,"href":"https:\/\/stoic-curie.212-227-153-4.plesk.page\/hr\/wp-json\/wp\/v2\/product_tag?post=742787"}],"curies":[{"name":"wp","href":"https:\/\/api.w.org\/{rel}","templated":true}]}}