{"id":742793,"date":"2025-03-03T18:23:32","date_gmt":"2025-03-03T17:23:32","guid":{"rendered":"https:\/\/stoic-curie.212-227-153-4.plesk.page\/producto\/kit-za-popravak-pumpe-sa-spojkom-johnson-f7b-5001\/"},"modified":"2026-02-25T00:01:03","modified_gmt":"2026-02-25T00:01:03","slug":"kit-za-popravak-pumpe-sa-spojkom-johnson-f7b-5001","status":"publish","type":"product","link":"https:\/\/stoic-curie.212-227-153-4.plesk.page\/hr\/product\/kit-za-popravak-pumpe-sa-spojkom-johnson-f7b-5001\/","title":{"rendered":"Kit za popravak pumpe sa spojkom Johnson f7b-5001"},"content":{"rendered":"<p>Kit za popravak pumpe sa spojkom Johnson f7b-5001  &#8211; <\/p>\n<p>Johnson pumpa za slatku i slanu vodu.<br \/>Nitrilni impeler, bron\u010dano tijelo, osovina od nehr\u0111aju\u0107eg \u010delika.<br \/>Max 2000 okretaja u minuti.<br \/>Pa\u017enja:<br \/>Elektromagnetska spojka s remenom prodaje se posebno.<\/p>\n","protected":false},"excerpt":{"rendered":"<p>Kit za popravak pumpe sa spojkom Johnson f7b-5001 &#8211; Johnson pumpa za slatku i slanu vodu.Nitrilni impeler, bron\u010dano tijelo, osovina<\/p>\n","protected":false},"featured_media":5944334,"comment_status":"open","ping_status":"closed","template":"","meta":[],"product_brand":[3046],"product_cat":[1809],"product_tag":[],"class_list":{"0":"post-742793","1":"product","2":"type-product","3":"status-publish","4":"has-post-thumbnail","6":"product_brand-johnson-marine-hr","7":"product_cat-pumpe-za-hladenje-motora","9":"first","10":"instock","11":"shipping-taxable","12":"purchasable","13":"product-type-simple"},"_links":{"self":[{"href":"https:\/\/stoic-curie.212-227-153-4.plesk.page\/hr\/wp-json\/wp\/v2\/product\/742793","targetHints":{"allow":["GET"]}}],"collection":[{"href":"https:\/\/stoic-curie.212-227-153-4.plesk.page\/hr\/wp-json\/wp\/v2\/product"}],"about":[{"href":"https:\/\/stoic-curie.212-227-153-4.plesk.page\/hr\/wp-json\/wp\/v2\/types\/product"}],"replies":[{"embeddable":true,"href":"https:\/\/stoic-curie.212-227-153-4.plesk.page\/hr\/wp-json\/wp\/v2\/comments?post=742793"}],"version-history":[{"count":0,"href":"https:\/\/stoic-curie.212-227-153-4.plesk.page\/hr\/wp-json\/wp\/v2\/product\/742793\/revisions"}],"wp:featuredmedia":[{"embeddable":true,"href":"https:\/\/stoic-curie.212-227-153-4.plesk.page\/hr\/wp-json\/wp\/v2\/media\/5944334"}],"wp:attachment":[{"href":"https:\/\/stoic-curie.212-227-153-4.plesk.page\/hr\/wp-json\/wp\/v2\/media?parent=742793"}],"wp:term":[{"taxonomy":"product_brand","embeddable":true,"href":"https:\/\/stoic-curie.212-227-153-4.plesk.page\/hr\/wp-json\/wp\/v2\/product_brand?post=742793"},{"taxonomy":"product_cat","embeddable":true,"href":"https:\/\/stoic-curie.212-227-153-4.plesk.page\/hr\/wp-json\/wp\/v2\/product_cat?post=742793"},{"taxonomy":"product_tag","embeddable":true,"href":"https:\/\/stoic-curie.212-227-153-4.plesk.page\/hr\/wp-json\/wp\/v2\/product_tag?post=742793"}],"curies":[{"name":"wp","href":"https:\/\/api.w.org\/{rel}","templated":true}]}}