{"id":742794,"date":"2025-03-03T18:23:32","date_gmt":"2025-03-03T17:23:32","guid":{"rendered":"https:\/\/stoic-curie.212-227-153-4.plesk.page\/producto\/rezervna-zarulja-12-v-za-dvostruki-reflektor-matromarine\/"},"modified":"2026-02-25T00:01:03","modified_gmt":"2026-02-25T00:01:03","slug":"rezervna-zarulja-12-v-za-dvostruki-reflektor-matromarine","status":"publish","type":"product","link":"https:\/\/stoic-curie.212-227-153-4.plesk.page\/hr\/product\/rezervna-zarulja-12-v-za-dvostruki-reflektor-matromarine\/","title":{"rendered":"Rezervna \u017earulja 12 V za dvostruki reflektor Matromarine"},"content":{"rendered":"<p>Rezervna \u017earulja 12 V za dvostruki reflektor Matromarine &#8211; <\/p>\n<p>Podesivi dvostruki reflektor s vodenim kontrolnim panelom. Vodootporno tijelo s 2 x 55 W vodootpornim halogenskim \u017earuljama. Dvostruka svjetlosna kombinacija: 1) Spot svjetlosni na\u010din 2) Preplavljeni na\u010din. Dimenzije: L220 x \u0160257 x V210 mm. Opcionalna be\u017ei\u010dna kontrola s plug and play prijemnikom i oda\u0161ilja\u010dem do 35 m. Ako je instaliran, zamjenjuje \u017ei\u010dni kontrolni panel. Za odr\u017eavanje oboje, treba kupiti dvostani\u010dni panel.<\/p>\n","protected":false},"excerpt":{"rendered":"<p>Rezervna \u017earulja 12 V za dvostruki reflektor Matromarine &#8211; Podesivi dvostruki reflektor s vodenim kontrolnim panelom. Vodootporno tijelo s 2<\/p>\n","protected":false},"featured_media":5944343,"comment_status":"open","ping_status":"closed","template":"","meta":[],"product_brand":[3141],"product_cat":[1734],"product_tag":[],"class_list":{"0":"post-742794","1":"product","2":"type-product","3":"status-publish","4":"has-post-thumbnail","6":"product_brand-matromarine-hr","7":"product_cat-brodski-reflektori","9":"first","10":"instock","11":"shipping-taxable","12":"purchasable","13":"product-type-simple"},"_links":{"self":[{"href":"https:\/\/stoic-curie.212-227-153-4.plesk.page\/hr\/wp-json\/wp\/v2\/product\/742794","targetHints":{"allow":["GET"]}}],"collection":[{"href":"https:\/\/stoic-curie.212-227-153-4.plesk.page\/hr\/wp-json\/wp\/v2\/product"}],"about":[{"href":"https:\/\/stoic-curie.212-227-153-4.plesk.page\/hr\/wp-json\/wp\/v2\/types\/product"}],"replies":[{"embeddable":true,"href":"https:\/\/stoic-curie.212-227-153-4.plesk.page\/hr\/wp-json\/wp\/v2\/comments?post=742794"}],"version-history":[{"count":0,"href":"https:\/\/stoic-curie.212-227-153-4.plesk.page\/hr\/wp-json\/wp\/v2\/product\/742794\/revisions"}],"wp:featuredmedia":[{"embeddable":true,"href":"https:\/\/stoic-curie.212-227-153-4.plesk.page\/hr\/wp-json\/wp\/v2\/media\/5944343"}],"wp:attachment":[{"href":"https:\/\/stoic-curie.212-227-153-4.plesk.page\/hr\/wp-json\/wp\/v2\/media?parent=742794"}],"wp:term":[{"taxonomy":"product_brand","embeddable":true,"href":"https:\/\/stoic-curie.212-227-153-4.plesk.page\/hr\/wp-json\/wp\/v2\/product_brand?post=742794"},{"taxonomy":"product_cat","embeddable":true,"href":"https:\/\/stoic-curie.212-227-153-4.plesk.page\/hr\/wp-json\/wp\/v2\/product_cat?post=742794"},{"taxonomy":"product_tag","embeddable":true,"href":"https:\/\/stoic-curie.212-227-153-4.plesk.page\/hr\/wp-json\/wp\/v2\/product_tag?post=742794"}],"curies":[{"name":"wp","href":"https:\/\/api.w.org\/{rel}","templated":true}]}}