{"id":742795,"date":"2025-03-03T18:23:33","date_gmt":"2025-03-03T17:23:33","guid":{"rendered":"https:\/\/stoic-curie.212-227-153-4.plesk.page\/producto\/brodski-konop-bijeli-classic-12mm-x-200mt-2\/"},"modified":"2026-02-25T00:01:03","modified_gmt":"2026-02-25T00:01:03","slug":"brodski-konop-bijeli-classic-12mm-x-200mt-2","status":"publish","type":"product","link":"https:\/\/stoic-curie.212-227-153-4.plesk.page\/hr\/product\/brodski-konop-bijeli-classic-12mm-x-200mt-2\/","title":{"rendered":"Bjela morska u\u017ee 10mm x 200m"},"content":{"rendered":"<p>Bjela morska u\u017ee 10mm x 200m &#8211; <\/p>\n<p>Bijela trostruka poliester u\u017ead je izdr\u017eljiv i fleksibilan izbor, idealan za vanjske primjene ili izazovne uvjete. Izra\u0111ena od visokokvalitetnih poliester vlakana, otporna je na kidanje, habanje i blijedljenje boje. Ova u\u017ead tako\u0111er pru\u017ea izvanrednu otpornost na vodu, odr\u017eavaju\u0107i svoju \u010dvrsto\u0107u \u010dak i u vla\u017enim ili te\u0161kim vremenskim uvjetima. Sa svojim srednjim snagama, ova trostruka poliester u\u017ead je izvrsna opcija za sve va\u0161e zahtjeve za vezivanje i sidrenje. Osim toga, izra\u0111ena je od recikliranih PET boca, \u0161to je \u010dini ekolo\u0161ki prihvatljivim izborom. Otkrit \u0107ete da ova rPET u\u017ead izjedna\u010dava performanse konvencionalnog poliestera.<\/p>\n<p>U sektoru brodarstva, poliester u\u017ead je izuzetno prilagodljiva. Mo\u017ee se koristiti za sidrene u\u017eadi, vezne u\u017eadi, fender u\u017eadi, \u017eivotne u\u017eadi, pa \u010dak i za podizanje ili vu\u010denje zadatka.<\/p>\n<p>Evo nekoliko va\u017enih zna\u010dajki ove u\u017eadi:<\/p>\n<ul>\n<li>Twisted three-strand construction<\/li>\n<li>Composed of synthetic materials<\/li>\n<li>Maintains strength when wet<\/li>\n<li>Resistant to water, UV rays, decay, and wear<\/li>\n<li>Does not float and becomes slightly softer when wet<\/li>\n<li>Produced in Europe<\/li>\n<\/ul>\n","protected":false},"excerpt":{"rendered":"<p>Bjela morska u\u017ee 10mm x 200m &#8211; Bijela trostruka poliester u\u017ead je izdr\u017eljiv i fleksibilan izbor, idealan za vanjske primjene<\/p>\n","protected":false},"featured_media":5939640,"comment_status":"open","ping_status":"closed","template":"","meta":[],"product_brand":[3101],"product_cat":[1622,1862],"product_tag":[],"class_list":{"0":"post-742795","1":"product","2":"type-product","3":"status-publish","4":"has-post-thumbnail","6":"product_brand-marco-benvenuti-hr","7":"product_cat-konopi-za-pristajanje-i-privez","8":"product_cat-sidreno-uze","10":"first","11":"instock","12":"shipping-taxable","13":"purchasable","14":"product-type-simple"},"_links":{"self":[{"href":"https:\/\/stoic-curie.212-227-153-4.plesk.page\/hr\/wp-json\/wp\/v2\/product\/742795","targetHints":{"allow":["GET"]}}],"collection":[{"href":"https:\/\/stoic-curie.212-227-153-4.plesk.page\/hr\/wp-json\/wp\/v2\/product"}],"about":[{"href":"https:\/\/stoic-curie.212-227-153-4.plesk.page\/hr\/wp-json\/wp\/v2\/types\/product"}],"replies":[{"embeddable":true,"href":"https:\/\/stoic-curie.212-227-153-4.plesk.page\/hr\/wp-json\/wp\/v2\/comments?post=742795"}],"version-history":[{"count":0,"href":"https:\/\/stoic-curie.212-227-153-4.plesk.page\/hr\/wp-json\/wp\/v2\/product\/742795\/revisions"}],"wp:featuredmedia":[{"embeddable":true,"href":"https:\/\/stoic-curie.212-227-153-4.plesk.page\/hr\/wp-json\/wp\/v2\/media\/5939640"}],"wp:attachment":[{"href":"https:\/\/stoic-curie.212-227-153-4.plesk.page\/hr\/wp-json\/wp\/v2\/media?parent=742795"}],"wp:term":[{"taxonomy":"product_brand","embeddable":true,"href":"https:\/\/stoic-curie.212-227-153-4.plesk.page\/hr\/wp-json\/wp\/v2\/product_brand?post=742795"},{"taxonomy":"product_cat","embeddable":true,"href":"https:\/\/stoic-curie.212-227-153-4.plesk.page\/hr\/wp-json\/wp\/v2\/product_cat?post=742795"},{"taxonomy":"product_tag","embeddable":true,"href":"https:\/\/stoic-curie.212-227-153-4.plesk.page\/hr\/wp-json\/wp\/v2\/product_tag?post=742795"}],"curies":[{"name":"wp","href":"https:\/\/api.w.org\/{rel}","templated":true}]}}