{"id":742796,"date":"2025-03-03T18:23:33","date_gmt":"2025-03-03T17:23:33","guid":{"rendered":"https:\/\/stoic-curie.212-227-153-4.plesk.page\/producto\/brodski-konop-bijeli-classic-14mm-x-100mt\/"},"modified":"2026-02-25T00:01:03","modified_gmt":"2026-02-25T00:01:03","slug":"brodski-konop-bijeli-classic-14mm-x-100mt","status":"publish","type":"product","link":"https:\/\/stoic-curie.212-227-153-4.plesk.page\/hr\/product\/brodski-konop-bijeli-classic-14mm-x-100mt\/","title":{"rendered":"Brodski konop bijeli 14mm x 100mt"},"content":{"rendered":"<p>Brodski konop bijeli 14mm x 100mt &#8211; <\/p>\n<p>Bela trostruka poliester vlakna su jaka i fleksibilna opcija, savr\u0161ena za kori\u0161tenje na otvorenom ili u te\u0161kim uvjetima. Izra\u0111ena od visokokvalitetnih poliester vlakana, otporna je na kidanje, abraziju i blijedenje boje. Ova u\u017ee tako\u0111er nudi izvrsnu otpornost na vodu, zadr\u017eavaju\u0107i svoju \u010dvrsto\u0107u \u010dak i u vla\u017enim ili te\u0161kim vremenskim uvjetima. Sa srednjom \u010dvrsto\u0107om, ovo trostruko poliester u\u017ee je izvrstan izbor za sve va\u0161e potrebe vezivanja i usidravanja. Osim toga, izra\u0111eno je od recikliranih PET boca, \u0161to ga \u010dini ekolo\u0161ki prihvatljivom opcijom. Primijetit \u0107ete da se ovo rPET u\u017ee pona\u0161a sli\u010dno tradicionalnom poliesterskom u\u017ee.<\/p>\n<p>U industriji brodarstva, poliester u\u017ee je izuzetno svestrano. Mo\u017ee se koristiti za sidrene linije, vezne linije, fenderske linije, za\u0161titne linije, pa \u010dak i za podizanje ili dizanje.<\/p>\n<p>Ovdje su neki klju\u010dni zna\u010dajke ovog u\u017eeta:<\/p>\n<ul>\n<li>Twisted trostruki dizajn<\/li>\n<li>Izra\u0111eno od sinteti\u010dkih materijala<\/li>\n<li>Zadr\u017eava \u010dvrsto\u0107u kada je mokro<\/li>\n<li>Otporno na vodu, UV zrake, truljenje i habanje<\/li>\n<li>Ne pluta i postaje malo mek\u0161e kada je mokro<\/li>\n<li>Proizvedeno u Europi<\/li>\n<\/ul>\n","protected":false},"excerpt":{"rendered":"<p>Brodski konop bijeli 14mm x 100mt &#8211; Bela trostruka poliester vlakna su jaka i fleksibilna opcija, savr\u0161ena za kori\u0161tenje na<\/p>\n","protected":false},"featured_media":5939640,"comment_status":"open","ping_status":"closed","template":"","meta":[],"product_brand":[3101],"product_cat":[1622,1862],"product_tag":[],"class_list":{"0":"post-742796","1":"product","2":"type-product","3":"status-publish","4":"has-post-thumbnail","6":"product_brand-marco-benvenuti-hr","7":"product_cat-konopi-za-pristajanje-i-privez","8":"product_cat-sidreno-uze","10":"first","11":"outofstock","12":"shipping-taxable","13":"purchasable","14":"product-type-simple"},"_links":{"self":[{"href":"https:\/\/stoic-curie.212-227-153-4.plesk.page\/hr\/wp-json\/wp\/v2\/product\/742796","targetHints":{"allow":["GET"]}}],"collection":[{"href":"https:\/\/stoic-curie.212-227-153-4.plesk.page\/hr\/wp-json\/wp\/v2\/product"}],"about":[{"href":"https:\/\/stoic-curie.212-227-153-4.plesk.page\/hr\/wp-json\/wp\/v2\/types\/product"}],"replies":[{"embeddable":true,"href":"https:\/\/stoic-curie.212-227-153-4.plesk.page\/hr\/wp-json\/wp\/v2\/comments?post=742796"}],"version-history":[{"count":0,"href":"https:\/\/stoic-curie.212-227-153-4.plesk.page\/hr\/wp-json\/wp\/v2\/product\/742796\/revisions"}],"wp:featuredmedia":[{"embeddable":true,"href":"https:\/\/stoic-curie.212-227-153-4.plesk.page\/hr\/wp-json\/wp\/v2\/media\/5939640"}],"wp:attachment":[{"href":"https:\/\/stoic-curie.212-227-153-4.plesk.page\/hr\/wp-json\/wp\/v2\/media?parent=742796"}],"wp:term":[{"taxonomy":"product_brand","embeddable":true,"href":"https:\/\/stoic-curie.212-227-153-4.plesk.page\/hr\/wp-json\/wp\/v2\/product_brand?post=742796"},{"taxonomy":"product_cat","embeddable":true,"href":"https:\/\/stoic-curie.212-227-153-4.plesk.page\/hr\/wp-json\/wp\/v2\/product_cat?post=742796"},{"taxonomy":"product_tag","embeddable":true,"href":"https:\/\/stoic-curie.212-227-153-4.plesk.page\/hr\/wp-json\/wp\/v2\/product_tag?post=742796"}],"curies":[{"name":"wp","href":"https:\/\/api.w.org\/{rel}","templated":true}]}}