{"id":742797,"date":"2025-03-03T18:23:33","date_gmt":"2025-03-03T17:23:33","guid":{"rendered":"https:\/\/stoic-curie.212-227-153-4.plesk.page\/producto\/brodski-konop-bijeli-classic-16mm-x-100mt\/"},"modified":"2026-02-25T00:01:03","modified_gmt":"2026-02-25T00:01:03","slug":"brodski-konop-bijeli-classic-16mm-x-100mt","status":"publish","type":"product","link":"https:\/\/stoic-curie.212-227-153-4.plesk.page\/hr\/product\/brodski-konop-bijeli-classic-16mm-x-100mt\/","title":{"rendered":"Brodski konop bijeli 16mm x 100mt"},"content":{"rendered":"<p>Brodski konop bijeli 16mm x 100mt &#8211; <\/p>\n<p>Bjela trostruka poliester u\u017ead je izdr\u017eljiv i fleksibilan izbor, idealan za vanjsku uporabu ili izazovne uvjete. Izra\u0111en od visokokvalitetnih poliester vlakana, otporan je na kidanje, habanje i blije\u0111enje boje. Ova u\u017ead tako\u0111er se odlikuje izvrsnom otporno\u0161\u0107u na vodu, odr\u017eavaju\u0107i svoju snagu \u010dak i u vla\u017enim ili te\u0161kim vremenskim uvjetima. Srednje snage, ovo trostruko poliester u\u017ead je izvrsna opcija za sve va\u0161e potrebe vezivanja i sidrenja. Osim toga, izra\u0111eno je od recikliranih plasti\u010dnih PET boca, \u0161to ga \u010dini ekolo\u0161ki prihvatljivim izborom. Otkrit \u0107ete da ova rPET u\u017ead ima usporedive performanse s konvencionalnim poliesterskim u\u017eetom.<\/p>\n<p>U sektoru brodarstva, poliester u\u017ead je izuzetno prilagodljiva. Mo\u017ee se koristiti za sidrene u\u017eadi, vezne u\u017eadi, fender u\u017eadi, sigurnosne u\u017eadi, a \u010dak i za dizanje ili podizanje tereta.<\/p>\n<p>Evo nekoliko va\u017enih karakteristika ovog u\u017eeta:<\/p>\n<ul>\n<li>Twisted trostruka konstrukcija<\/li>\n<li>Sastavljena od sinteti\u010dkih materijala<\/li>\n<li>Odr\u017eava snagu kada je mokra<\/li>\n<li>Otporna na vodu, UV zrake, truljenje i habanje<\/li>\n<li>Ne pluta i postaje malo mek\u0161a kada je vla\u017ena<\/li>\n<li>Proizvedeno u Europi<\/li>\n<\/ul>\n","protected":false},"excerpt":{"rendered":"<p>Brodski konop bijeli 16mm x 100mt &#8211; Bjela trostruka poliester u\u017ead je izdr\u017eljiv i fleksibilan izbor, idealan za vanjsku uporabu<\/p>\n","protected":false},"featured_media":5939640,"comment_status":"open","ping_status":"closed","template":"","meta":[],"product_brand":[3101],"product_cat":[1622,1862],"product_tag":[],"class_list":{"0":"post-742797","1":"product","2":"type-product","3":"status-publish","4":"has-post-thumbnail","6":"product_brand-marco-benvenuti-hr","7":"product_cat-konopi-za-pristajanje-i-privez","8":"product_cat-sidreno-uze","10":"first","11":"instock","12":"shipping-taxable","13":"purchasable","14":"product-type-simple"},"_links":{"self":[{"href":"https:\/\/stoic-curie.212-227-153-4.plesk.page\/hr\/wp-json\/wp\/v2\/product\/742797","targetHints":{"allow":["GET"]}}],"collection":[{"href":"https:\/\/stoic-curie.212-227-153-4.plesk.page\/hr\/wp-json\/wp\/v2\/product"}],"about":[{"href":"https:\/\/stoic-curie.212-227-153-4.plesk.page\/hr\/wp-json\/wp\/v2\/types\/product"}],"replies":[{"embeddable":true,"href":"https:\/\/stoic-curie.212-227-153-4.plesk.page\/hr\/wp-json\/wp\/v2\/comments?post=742797"}],"version-history":[{"count":0,"href":"https:\/\/stoic-curie.212-227-153-4.plesk.page\/hr\/wp-json\/wp\/v2\/product\/742797\/revisions"}],"wp:featuredmedia":[{"embeddable":true,"href":"https:\/\/stoic-curie.212-227-153-4.plesk.page\/hr\/wp-json\/wp\/v2\/media\/5939640"}],"wp:attachment":[{"href":"https:\/\/stoic-curie.212-227-153-4.plesk.page\/hr\/wp-json\/wp\/v2\/media?parent=742797"}],"wp:term":[{"taxonomy":"product_brand","embeddable":true,"href":"https:\/\/stoic-curie.212-227-153-4.plesk.page\/hr\/wp-json\/wp\/v2\/product_brand?post=742797"},{"taxonomy":"product_cat","embeddable":true,"href":"https:\/\/stoic-curie.212-227-153-4.plesk.page\/hr\/wp-json\/wp\/v2\/product_cat?post=742797"},{"taxonomy":"product_tag","embeddable":true,"href":"https:\/\/stoic-curie.212-227-153-4.plesk.page\/hr\/wp-json\/wp\/v2\/product_tag?post=742797"}],"curies":[{"name":"wp","href":"https:\/\/api.w.org\/{rel}","templated":true}]}}