{"id":742798,"date":"2025-03-03T18:23:34","date_gmt":"2025-03-03T17:23:34","guid":{"rendered":"https:\/\/stoic-curie.212-227-153-4.plesk.page\/producto\/brodski-konop-bijeli-classic-18mm-x-100mt\/"},"modified":"2026-02-25T00:01:03","modified_gmt":"2026-02-25T00:01:03","slug":"brodski-konop-bijeli-classic-18mm-x-100mt","status":"publish","type":"product","link":"https:\/\/stoic-curie.212-227-153-4.plesk.page\/hr\/product\/brodski-konop-bijeli-classic-18mm-x-100mt\/","title":{"rendered":"Bijela morska u\u017ee 18mm x 100mt"},"content":{"rendered":"<p>Bijela morska u\u017ee 18mm x 100mt &#8211; <\/p>\n<p>Bijela trostruka poliesterska u\u017ee je sna\u017ena i fleksibilna opcija, savr\u0161ena za vanjsku upotrebu ili te\u0161ke uvjete. Napravljena od visokokvalitetnih poliesterskih vlakana, otporna je na pucanje, abraziju i blije\u0111enje boje. Ovo u\u017ee je tako\u0111er vrlo otporno na vodu, zadr\u017eavaju\u0107i svoju \u010dvrsto\u0107u \u010dak i u vla\u017enim ili te\u0161kim vremenskim uvjetima. Sa svojom srednjom \u010dvrsto\u0107om, ovo trostruko poliestersko u\u017ee je odli\u010dan izbor za sve va\u0161e potrebe vezivanja i sidrenja. Dodatno, izra\u0111eno je od recikliranih PET boca, \u0161to ga \u010dini ekolo\u0161kom opcijom. Primijetit \u0107ete da ovo rPET u\u017ee daje performanse sli\u010dne tradicionalnom poliesterskom.<\/p>\n<p>U industriji brodarstva, poliestersko u\u017ee je izuzetno svestrano. Mo\u017ee se koristiti za sidrene linije, vezne linije, fender linije, lifeline i \u010dak za podizanje ili vu\u010du.<\/p>\n<p>Evo nekoliko klju\u010dnih zna\u010dajki ovog u\u017eeta:<\/p>\n<ul>\n<li>Twisted three-strand design<\/li>\n<li>Made from synthetic materials<\/li>\n<li>Retains strength when wet<\/li>\n<li>Resistant to water, UV rays, decay, and wear<\/li>\n<li>Does not float and becomes slightly softer when wet<\/li>\n<li>Manufactured in Europe<\/li>\n<\/ul>\n","protected":false},"excerpt":{"rendered":"<p>Bijela morska u\u017ee 18mm x 100mt &#8211; Bijela trostruka poliesterska u\u017ee je sna\u017ena i fleksibilna opcija, savr\u0161ena za vanjsku upotrebu<\/p>\n","protected":false},"featured_media":5939640,"comment_status":"open","ping_status":"closed","template":"","meta":[],"product_brand":[3101],"product_cat":[1622,1862],"product_tag":[],"class_list":{"0":"post-742798","1":"product","2":"type-product","3":"status-publish","4":"has-post-thumbnail","6":"product_brand-marco-benvenuti-hr","7":"product_cat-konopi-za-pristajanje-i-privez","8":"product_cat-sidreno-uze","10":"first","11":"instock","12":"shipping-taxable","13":"purchasable","14":"product-type-simple"},"_links":{"self":[{"href":"https:\/\/stoic-curie.212-227-153-4.plesk.page\/hr\/wp-json\/wp\/v2\/product\/742798","targetHints":{"allow":["GET"]}}],"collection":[{"href":"https:\/\/stoic-curie.212-227-153-4.plesk.page\/hr\/wp-json\/wp\/v2\/product"}],"about":[{"href":"https:\/\/stoic-curie.212-227-153-4.plesk.page\/hr\/wp-json\/wp\/v2\/types\/product"}],"replies":[{"embeddable":true,"href":"https:\/\/stoic-curie.212-227-153-4.plesk.page\/hr\/wp-json\/wp\/v2\/comments?post=742798"}],"version-history":[{"count":0,"href":"https:\/\/stoic-curie.212-227-153-4.plesk.page\/hr\/wp-json\/wp\/v2\/product\/742798\/revisions"}],"wp:featuredmedia":[{"embeddable":true,"href":"https:\/\/stoic-curie.212-227-153-4.plesk.page\/hr\/wp-json\/wp\/v2\/media\/5939640"}],"wp:attachment":[{"href":"https:\/\/stoic-curie.212-227-153-4.plesk.page\/hr\/wp-json\/wp\/v2\/media?parent=742798"}],"wp:term":[{"taxonomy":"product_brand","embeddable":true,"href":"https:\/\/stoic-curie.212-227-153-4.plesk.page\/hr\/wp-json\/wp\/v2\/product_brand?post=742798"},{"taxonomy":"product_cat","embeddable":true,"href":"https:\/\/stoic-curie.212-227-153-4.plesk.page\/hr\/wp-json\/wp\/v2\/product_cat?post=742798"},{"taxonomy":"product_tag","embeddable":true,"href":"https:\/\/stoic-curie.212-227-153-4.plesk.page\/hr\/wp-json\/wp\/v2\/product_tag?post=742798"}],"curies":[{"name":"wp","href":"https:\/\/api.w.org\/{rel}","templated":true}]}}