{"id":742800,"date":"2025-03-03T18:23:34","date_gmt":"2025-03-03T17:23:34","guid":{"rendered":"https:\/\/stoic-curie.212-227-153-4.plesk.page\/producto\/brodski-konop-bijeli-classic-26mm-x-100mt\/"},"modified":"2026-02-25T00:01:03","modified_gmt":"2026-02-25T00:01:03","slug":"brodski-konop-bijeli-classic-26mm-x-100mt","status":"publish","type":"product","link":"https:\/\/stoic-curie.212-227-153-4.plesk.page\/hr\/product\/brodski-konop-bijeli-classic-26mm-x-100mt\/","title":{"rendered":"Bijela morska u\u017ead 26mm x 100m"},"content":{"rendered":"<p>Bijela morska u\u017ead 26mm x 100m &#8211; <\/p>\n<p>Bela poliester traka s tri upletenice je sna\u017ena i fleksibilna opcija, savr\u0161ena za vanjsku upotrebu ili te\u0161ke uvjete. Izra\u0111ena od visokokvalitetnih poliester vlakana, otporna je na kidanje, abraziju i izblje\u0111ivanje boje. Ova traka je tako\u0111er vrlo otporna na vodu, zadr\u017eavaju\u0107i svoju snagu i u vla\u017enim ili te\u0161kim vremenskim uvjetima. Sa svojom srednjom snagom, ova poliester traka s tri upletenice je izvrstan izbor za sve va\u0161e potrebe vezanja i sidrenja. Osim toga, izra\u0111ena je od recikliranih PET boca, \u0161to je \u010dini ekolo\u0161ki prihvatljivom opcijom. Primijetit \u0107ete da ova rPET traka ima sli\u010dne performanse kao tradicionalni poliester.<\/p>\n<p>U brodskom sektoru, poliester traka je izuzetno svestrana. Mo\u017ee se koristiti za sidrene u\u017ee, vezne u\u017ead, fendere, \u017eivotne linije, pa \u010dak i za vitlanje ili podizanje tereta.<\/p>\n<p>Evo nekoliko klju\u010dnih zna\u010dajki ove trake:<\/p>\n<ul>\n<li>Upletena tri upletenice<\/li>\n<li>Izra\u0111ena od sinteti\u010dkih materijala<\/li>\n<li>Zadr\u017eava snagu kada je vla\u017ena<\/li>\n<li>Otporna na vodu, UV zrake, truljenje i habanje<\/li>\n<li>Ne pluta i postaje malo mek\u0161a kada je vla\u017ena<\/li>\n<li>Proizvedeno u Europi<\/li>\n<\/ul>\n","protected":false},"excerpt":{"rendered":"<p>Bijela morska u\u017ead 26mm x 100m &#8211; Bela poliester traka s tri upletenice je sna\u017ena i fleksibilna opcija, savr\u0161ena za<\/p>\n","protected":false},"featured_media":5939640,"comment_status":"open","ping_status":"closed","template":"","meta":[],"product_brand":[3101],"product_cat":[1622,1862],"product_tag":[],"class_list":{"0":"post-742800","1":"product","2":"type-product","3":"status-publish","4":"has-post-thumbnail","6":"product_brand-marco-benvenuti-hr","7":"product_cat-konopi-za-pristajanje-i-privez","8":"product_cat-sidreno-uze","10":"first","11":"instock","12":"shipping-taxable","13":"purchasable","14":"product-type-simple"},"_links":{"self":[{"href":"https:\/\/stoic-curie.212-227-153-4.plesk.page\/hr\/wp-json\/wp\/v2\/product\/742800","targetHints":{"allow":["GET"]}}],"collection":[{"href":"https:\/\/stoic-curie.212-227-153-4.plesk.page\/hr\/wp-json\/wp\/v2\/product"}],"about":[{"href":"https:\/\/stoic-curie.212-227-153-4.plesk.page\/hr\/wp-json\/wp\/v2\/types\/product"}],"replies":[{"embeddable":true,"href":"https:\/\/stoic-curie.212-227-153-4.plesk.page\/hr\/wp-json\/wp\/v2\/comments?post=742800"}],"version-history":[{"count":0,"href":"https:\/\/stoic-curie.212-227-153-4.plesk.page\/hr\/wp-json\/wp\/v2\/product\/742800\/revisions"}],"wp:featuredmedia":[{"embeddable":true,"href":"https:\/\/stoic-curie.212-227-153-4.plesk.page\/hr\/wp-json\/wp\/v2\/media\/5939640"}],"wp:attachment":[{"href":"https:\/\/stoic-curie.212-227-153-4.plesk.page\/hr\/wp-json\/wp\/v2\/media?parent=742800"}],"wp:term":[{"taxonomy":"product_brand","embeddable":true,"href":"https:\/\/stoic-curie.212-227-153-4.plesk.page\/hr\/wp-json\/wp\/v2\/product_brand?post=742800"},{"taxonomy":"product_cat","embeddable":true,"href":"https:\/\/stoic-curie.212-227-153-4.plesk.page\/hr\/wp-json\/wp\/v2\/product_cat?post=742800"},{"taxonomy":"product_tag","embeddable":true,"href":"https:\/\/stoic-curie.212-227-153-4.plesk.page\/hr\/wp-json\/wp\/v2\/product_tag?post=742800"}],"curies":[{"name":"wp","href":"https:\/\/api.w.org\/{rel}","templated":true}]}}