{"id":742802,"date":"2025-03-03T18:23:35","date_gmt":"2025-03-03T17:23:35","guid":{"rendered":"https:\/\/stoic-curie.212-227-153-4.plesk.page\/producto\/brodski-konop-bijeli-classic-40mm-x-100mt\/"},"modified":"2026-02-25T00:01:03","modified_gmt":"2026-02-25T00:01:03","slug":"brodski-konop-bijeli-classic-40mm-x-100mt","status":"publish","type":"product","link":"https:\/\/stoic-curie.212-227-153-4.plesk.page\/hr\/product\/brodski-konop-bijeli-classic-40mm-x-100mt\/","title":{"rendered":"Bijela morska u\u017ee 40mm x 100m"},"content":{"rendered":"<p>Bijela morska u\u017ee 40mm x 100m &#8211; <\/p>\n<p>Bela 3-strand poliesterska u\u017ee je sna\u017ena i fleksibilna opcija, savr\u0161ena za vanjsku upotrebu ili te\u0161ke uvjete. Izra\u0111ena od visokokvalitetnih poliesterskih vlakana, otporna je na kidanje, habanje i ble\u0111enje. Ovo u\u017ee je tako\u0111er visoko vodootporno, zadr\u017eavaju\u0107i svoju \u010dvrsto\u0107u \u010dak i u vla\u017enim ili nepovoljnim vremenskim uvjetima. Sa srednjom snagom, ovo trostruko poliestersko u\u017ee je odli\u010dan izbor za sve va\u0161e potrebe vezivanja i sidrenja. Osim toga, izra\u0111eno je od recikliranih PET boca, \u0161to ga \u010dini ekolo\u0161ki prihvatljivom opcijom. Uo\u010dit \u0107ete da ovo rPET u\u017ee ima sli\u010dne performanse kao tradicionalno poliestersko u\u017ee.<\/p>\n<p>U brodogradnji, poliestersko u\u017ee je vrlo svestrano. Mo\u017ee se koristiti za sidrene u\u017eadi, mooring u\u017eadi, fender u\u017eadi, \u017eivotne u\u017eadi, pa \u010dak i za podizanje ili dizanje tereta.<\/p>\n<p>Ovdje su neki klju\u010dni zna\u010dajke ovog u\u017eeta:<\/p>\n<ul>\n<li>Upleteno trostruko dizajn<\/li>\n<li>Izra\u0111eno od sinteti\u010dkih materijala<\/li>\n<li>Zadr\u017eava snagu kada je vla\u017eno<\/li>\n<li>Otpornosti na vodu, UV zrake, razgradnju i habanje<\/li>\n<li>Ne pluta i postaje malo mek\u0161e kada je vla\u017eno<\/li>\n<li>Proizvedeno u Europi<\/li>\n<\/ul>\n","protected":false},"excerpt":{"rendered":"<p>Bijela morska u\u017ee 40mm x 100m &#8211; Bela 3-strand poliesterska u\u017ee je sna\u017ena i fleksibilna opcija, savr\u0161ena za vanjsku upotrebu<\/p>\n","protected":false},"featured_media":5939640,"comment_status":"open","ping_status":"closed","template":"","meta":[],"product_brand":[3206],"product_cat":[1622,1862],"product_tag":[],"class_list":{"0":"post-742802","1":"product","2":"type-product","3":"status-publish","4":"has-post-thumbnail","6":"product_brand-nova-argonautica-hr","7":"product_cat-konopi-za-pristajanje-i-privez","8":"product_cat-sidreno-uze","10":"first","11":"instock","12":"shipping-taxable","13":"purchasable","14":"product-type-simple"},"_links":{"self":[{"href":"https:\/\/stoic-curie.212-227-153-4.plesk.page\/hr\/wp-json\/wp\/v2\/product\/742802","targetHints":{"allow":["GET"]}}],"collection":[{"href":"https:\/\/stoic-curie.212-227-153-4.plesk.page\/hr\/wp-json\/wp\/v2\/product"}],"about":[{"href":"https:\/\/stoic-curie.212-227-153-4.plesk.page\/hr\/wp-json\/wp\/v2\/types\/product"}],"replies":[{"embeddable":true,"href":"https:\/\/stoic-curie.212-227-153-4.plesk.page\/hr\/wp-json\/wp\/v2\/comments?post=742802"}],"version-history":[{"count":0,"href":"https:\/\/stoic-curie.212-227-153-4.plesk.page\/hr\/wp-json\/wp\/v2\/product\/742802\/revisions"}],"wp:featuredmedia":[{"embeddable":true,"href":"https:\/\/stoic-curie.212-227-153-4.plesk.page\/hr\/wp-json\/wp\/v2\/media\/5939640"}],"wp:attachment":[{"href":"https:\/\/stoic-curie.212-227-153-4.plesk.page\/hr\/wp-json\/wp\/v2\/media?parent=742802"}],"wp:term":[{"taxonomy":"product_brand","embeddable":true,"href":"https:\/\/stoic-curie.212-227-153-4.plesk.page\/hr\/wp-json\/wp\/v2\/product_brand?post=742802"},{"taxonomy":"product_cat","embeddable":true,"href":"https:\/\/stoic-curie.212-227-153-4.plesk.page\/hr\/wp-json\/wp\/v2\/product_cat?post=742802"},{"taxonomy":"product_tag","embeddable":true,"href":"https:\/\/stoic-curie.212-227-153-4.plesk.page\/hr\/wp-json\/wp\/v2\/product_tag?post=742802"}],"curies":[{"name":"wp","href":"https:\/\/api.w.org\/{rel}","templated":true}]}}