{"id":742803,"date":"2025-03-03T18:23:35","date_gmt":"2025-03-03T17:23:35","guid":{"rendered":"https:\/\/stoic-curie.212-227-153-4.plesk.page\/producto\/squaresquareline-evolution-bijela-linija-14mm-x150mts\/"},"modified":"2026-02-25T00:01:03","modified_gmt":"2026-02-25T00:01:03","slug":"squaresquareline-evolution-bijela-linija-14mm-x150mts","status":"publish","type":"product","link":"https:\/\/stoic-curie.212-227-153-4.plesk.page\/hr\/product\/squaresquareline-evolution-bijela-linija-14mm-x150mts\/","title":{"rendered":"SquareSquareline Evolution Bijela linija 14mm x150mts"},"content":{"rendered":"<p>SquareSquareline Evolution Bijela linija 14mm x150mts &#8211; <\/p>\n<p>12-\u017ei\u010dana, dvostruko prevrnuta visoko kvalitetna, otporna na habanje i visoke \u010dvrsto\u0107e poliesterska u\u017ee za dok i sidro. Mekano rukovanje, bez zapletanja. Ne pluta. daN= \u010dvrsto\u0107a pri lomu u kg.<\/p>\n","protected":false},"excerpt":{"rendered":"<p>SquareSquareline Evolution Bijela linija 14mm x150mts &#8211; 12-\u017ei\u010dana, dvostruko prevrnuta visoko kvalitetna, otporna na habanje i visoke \u010dvrsto\u0107e poliesterska u\u017ee<\/p>\n","protected":false},"featured_media":5944348,"comment_status":"open","ping_status":"closed","template":"","meta":[],"product_brand":[3101],"product_cat":[1622],"product_tag":[],"class_list":{"0":"post-742803","1":"product","2":"type-product","3":"status-publish","4":"has-post-thumbnail","6":"product_brand-marco-benvenuti-hr","7":"product_cat-konopi-za-pristajanje-i-privez","9":"first","10":"instock","11":"shipping-taxable","12":"purchasable","13":"product-type-simple"},"_links":{"self":[{"href":"https:\/\/stoic-curie.212-227-153-4.plesk.page\/hr\/wp-json\/wp\/v2\/product\/742803","targetHints":{"allow":["GET"]}}],"collection":[{"href":"https:\/\/stoic-curie.212-227-153-4.plesk.page\/hr\/wp-json\/wp\/v2\/product"}],"about":[{"href":"https:\/\/stoic-curie.212-227-153-4.plesk.page\/hr\/wp-json\/wp\/v2\/types\/product"}],"replies":[{"embeddable":true,"href":"https:\/\/stoic-curie.212-227-153-4.plesk.page\/hr\/wp-json\/wp\/v2\/comments?post=742803"}],"version-history":[{"count":0,"href":"https:\/\/stoic-curie.212-227-153-4.plesk.page\/hr\/wp-json\/wp\/v2\/product\/742803\/revisions"}],"wp:featuredmedia":[{"embeddable":true,"href":"https:\/\/stoic-curie.212-227-153-4.plesk.page\/hr\/wp-json\/wp\/v2\/media\/5944348"}],"wp:attachment":[{"href":"https:\/\/stoic-curie.212-227-153-4.plesk.page\/hr\/wp-json\/wp\/v2\/media?parent=742803"}],"wp:term":[{"taxonomy":"product_brand","embeddable":true,"href":"https:\/\/stoic-curie.212-227-153-4.plesk.page\/hr\/wp-json\/wp\/v2\/product_brand?post=742803"},{"taxonomy":"product_cat","embeddable":true,"href":"https:\/\/stoic-curie.212-227-153-4.plesk.page\/hr\/wp-json\/wp\/v2\/product_cat?post=742803"},{"taxonomy":"product_tag","embeddable":true,"href":"https:\/\/stoic-curie.212-227-153-4.plesk.page\/hr\/wp-json\/wp\/v2\/product_tag?post=742803"}],"curies":[{"name":"wp","href":"https:\/\/api.w.org\/{rel}","templated":true}]}}