{"id":742808,"date":"2025-03-03T18:23:36","date_gmt":"2025-03-03T17:23:36","guid":{"rendered":"https:\/\/stoic-curie.212-227-153-4.plesk.page\/producto\/fendress-navlaka-za-bokobran-f8-mornaricko-plava\/"},"modified":"2026-02-25T00:01:03","modified_gmt":"2026-02-25T00:01:03","slug":"fendress-navlaka-za-bokobran-f8-mornaricko-plava","status":"publish","type":"product","link":"https:\/\/stoic-curie.212-227-153-4.plesk.page\/hr\/product\/fendress-navlaka-za-bokobran-f8-mornaricko-plava\/","title":{"rendered":"Fendress navlaka za bokobran F8 mornari\u010dko plava"},"content":{"rendered":"<p>Fendress navlaka za bokobran F8 mornari\u010dko plava &#8211; <\/p>\n<p>Ru\u010dno ra\u0111eni Fendress pokriva\u010di za branjene od pli\u0161ane flis. Premium za\u0161tita za va\u0161e branjene, dok eliminiraju cvr\u010danje i ogrebotine. Mekani i izdr\u017eljivi, ovi pokriva\u010di u\u010dinkovito \u0161tite va\u0161u gel-coat boju i produ\u017euju vijek trajanja va\u0161ih branjena. <br \/> \u2022 \u201eFendress Covers\u201c su 100% akrilne, ru\u010dno ra\u0111ene, vrhunske kvalitete, otporne i neabrazivne. Mekani, pli\u0161asti flis pokriva\u010di pru\u017eaju najbolju za\u0161titu za va\u0161u gornju povr\u0161inu. <br \/> \u2022 \u201eFendress Covers\u201c su otporne na UV zrake i morsku vodu, u\u010dinkovito \u0161tite\u0107i va\u0161u gel-coat boju od ogrebotina i tro\u0161enja. \u010cvrsto i robustno flis tkanine sadr\u017ei sve najbolje osobine, uklju\u010duju\u0107i otpornost na kidanje i tro\u0161enje, brzo su\u0161enje i jednostavno uklanjanje za \u010di\u0161\u0107enje. <br \/> \u2022 \u201eFendress Covers\u201c produ\u017eavaju vijek trajanja va\u0161ih branjena i eliminiraju iritantno cvr\u010danje. Boje otporne na UV zrake ne ostavljaju mrlje na va\u0161im povr\u0161inama. Mogu se prati u perilici. <br \/> \u2022 \u201eFendress Covers\u201c visoke otpornosti na vrhu i elasti\u010dne donje rubove omogu\u0107uju prilago\u0111eno pristajanje za sve vrste branjena. Pokriva\u010di su dostupni u 9 boja.<\/p>\n","protected":false},"excerpt":{"rendered":"<p>Fendress navlaka za bokobran F8 mornari\u010dko plava &#8211; Ru\u010dno ra\u0111eni Fendress pokriva\u010di za branjene od pli\u0161ane flis. Premium za\u0161tita za<\/p>\n","protected":false},"featured_media":5944351,"comment_status":"open","ping_status":"closed","template":"","meta":[],"product_brand":[2936],"product_cat":[1851],"product_tag":[],"class_list":{"0":"post-742808","1":"product","2":"type-product","3":"status-publish","4":"has-post-thumbnail","6":"product_brand-fendress-hr","7":"product_cat-navlake-za-bokobrane","9":"first","10":"instock","11":"shipping-taxable","12":"purchasable","13":"product-type-simple"},"_links":{"self":[{"href":"https:\/\/stoic-curie.212-227-153-4.plesk.page\/hr\/wp-json\/wp\/v2\/product\/742808","targetHints":{"allow":["GET"]}}],"collection":[{"href":"https:\/\/stoic-curie.212-227-153-4.plesk.page\/hr\/wp-json\/wp\/v2\/product"}],"about":[{"href":"https:\/\/stoic-curie.212-227-153-4.plesk.page\/hr\/wp-json\/wp\/v2\/types\/product"}],"replies":[{"embeddable":true,"href":"https:\/\/stoic-curie.212-227-153-4.plesk.page\/hr\/wp-json\/wp\/v2\/comments?post=742808"}],"version-history":[{"count":0,"href":"https:\/\/stoic-curie.212-227-153-4.plesk.page\/hr\/wp-json\/wp\/v2\/product\/742808\/revisions"}],"wp:featuredmedia":[{"embeddable":true,"href":"https:\/\/stoic-curie.212-227-153-4.plesk.page\/hr\/wp-json\/wp\/v2\/media\/5944351"}],"wp:attachment":[{"href":"https:\/\/stoic-curie.212-227-153-4.plesk.page\/hr\/wp-json\/wp\/v2\/media?parent=742808"}],"wp:term":[{"taxonomy":"product_brand","embeddable":true,"href":"https:\/\/stoic-curie.212-227-153-4.plesk.page\/hr\/wp-json\/wp\/v2\/product_brand?post=742808"},{"taxonomy":"product_cat","embeddable":true,"href":"https:\/\/stoic-curie.212-227-153-4.plesk.page\/hr\/wp-json\/wp\/v2\/product_cat?post=742808"},{"taxonomy":"product_tag","embeddable":true,"href":"https:\/\/stoic-curie.212-227-153-4.plesk.page\/hr\/wp-json\/wp\/v2\/product_tag?post=742808"}],"curies":[{"name":"wp","href":"https:\/\/api.w.org\/{rel}","templated":true}]}}