{"id":742810,"date":"2025-03-03T18:23:37","date_gmt":"2025-03-03T17:23:37","guid":{"rendered":"https:\/\/stoic-curie.212-227-153-4.plesk.page\/producto\/fendress-navlaka-za-bokobran-f8-bez\/"},"modified":"2026-02-25T00:01:03","modified_gmt":"2026-02-25T00:01:03","slug":"fendress-navlaka-za-bokobran-f8-bez","status":"publish","type":"product","link":"https:\/\/stoic-curie.212-227-153-4.plesk.page\/hr\/product\/fendress-navlaka-za-bokobran-f8-bez\/","title":{"rendered":"Fendress navlaka za bokobran F8 Be\u017e"},"content":{"rendered":"<p>Fendress navlaka za bokobran F8 Be\u017e &#8211; <\/p>\n<p>Ru\u010dne ra\u0111eni Fendress pokriva\u010di za fendere od mekog flisa. Premium za\u0161tita za va\u0161e fendre, dok eliminiraju zvi\u017eduk i ogrebotine. Mekani i izdr\u017eljivi, ovi pokriva\u010di efikasno \u0161tite va\u0161u gel-coat boju i produ\u017euju vijek trajanja va\u0161ih fendera.<\/p>\n<p>\u2022 &#8220;Fendress Covers&#8221; su 100% akril, ru\u010dno ra\u0111eni, visokokvalitetni, otporni i neabrazivni pleteni materijal. Mekani, pli\u0161ani flis pokriva\u010di nude najbolju za\u0161titu za va\u0161u gornju stranu.<br \/>\u2022 &#8220;Fendress Covers&#8221; su otporni na UV zrake i more, efikasno \u0161tite\u0107i va\u0161u gel-coat boju od ogrebotina i habanja. Izdr\u017eljivo flis tkanje sadr\u017ei sve najbolje karakteristike, uklju\u010duju\u0107i otpornost na kidanje i habanje, brzo su\u0161enje i lako uklanjanje za \u010di\u0161\u0107enje.<br \/>\u2022 &#8220;Fendress Covers&#8221; produ\u017euju vijek trajanja va\u0161ih fendera i elimini\u0161u iritantno zvi\u017edukanje. Boje otporne na UV zrake ne ostavljaju tragove na va\u0161im gornjim stranicama. Perive u ma\u0161ini.<br \/>\u2022 &#8220;Fendress Covers&#8221; imaju visokootpornu gornju stranu i elasti\u010dni donji rub koji omogu\u0107ava prilago\u0111eno prianjanje za sve vrste fendera. Pokriva\u010di su dostupni u 9 boja.<\/p>\n","protected":false},"excerpt":{"rendered":"<p>Fendress navlaka za bokobran F8 Be\u017e &#8211; Ru\u010dne ra\u0111eni Fendress pokriva\u010di za fendere od mekog flisa. Premium za\u0161tita za va\u0161e<\/p>\n","protected":false},"featured_media":5944362,"comment_status":"open","ping_status":"closed","template":"","meta":[],"product_brand":[2936],"product_cat":[1851],"product_tag":[],"class_list":{"0":"post-742810","1":"product","2":"type-product","3":"status-publish","4":"has-post-thumbnail","6":"product_brand-fendress-hr","7":"product_cat-navlake-za-bokobrane","9":"first","10":"instock","11":"shipping-taxable","12":"purchasable","13":"product-type-simple"},"_links":{"self":[{"href":"https:\/\/stoic-curie.212-227-153-4.plesk.page\/hr\/wp-json\/wp\/v2\/product\/742810","targetHints":{"allow":["GET"]}}],"collection":[{"href":"https:\/\/stoic-curie.212-227-153-4.plesk.page\/hr\/wp-json\/wp\/v2\/product"}],"about":[{"href":"https:\/\/stoic-curie.212-227-153-4.plesk.page\/hr\/wp-json\/wp\/v2\/types\/product"}],"replies":[{"embeddable":true,"href":"https:\/\/stoic-curie.212-227-153-4.plesk.page\/hr\/wp-json\/wp\/v2\/comments?post=742810"}],"version-history":[{"count":0,"href":"https:\/\/stoic-curie.212-227-153-4.plesk.page\/hr\/wp-json\/wp\/v2\/product\/742810\/revisions"}],"wp:featuredmedia":[{"embeddable":true,"href":"https:\/\/stoic-curie.212-227-153-4.plesk.page\/hr\/wp-json\/wp\/v2\/media\/5944362"}],"wp:attachment":[{"href":"https:\/\/stoic-curie.212-227-153-4.plesk.page\/hr\/wp-json\/wp\/v2\/media?parent=742810"}],"wp:term":[{"taxonomy":"product_brand","embeddable":true,"href":"https:\/\/stoic-curie.212-227-153-4.plesk.page\/hr\/wp-json\/wp\/v2\/product_brand?post=742810"},{"taxonomy":"product_cat","embeddable":true,"href":"https:\/\/stoic-curie.212-227-153-4.plesk.page\/hr\/wp-json\/wp\/v2\/product_cat?post=742810"},{"taxonomy":"product_tag","embeddable":true,"href":"https:\/\/stoic-curie.212-227-153-4.plesk.page\/hr\/wp-json\/wp\/v2\/product_tag?post=742810"}],"curies":[{"name":"wp","href":"https:\/\/api.w.org\/{rel}","templated":true}]}}