{"id":742811,"date":"2025-03-03T18:23:37","date_gmt":"2025-03-03T17:23:37","guid":{"rendered":"https:\/\/stoic-curie.212-227-153-4.plesk.page\/producto\/fendress-navlaka-za-bokobran-f8-soft-grey\/"},"modified":"2026-02-25T00:01:03","modified_gmt":"2026-02-25T00:01:03","slug":"fendress-navlaka-za-bokobran-f8-soft-grey","status":"publish","type":"product","link":"https:\/\/stoic-curie.212-227-153-4.plesk.page\/hr\/product\/fendress-navlaka-za-bokobran-f8-soft-grey\/","title":{"rendered":"Fendress Navlaka za bokobran F8 Soft Grey"},"content":{"rendered":"<p>Fendress Navlaka za bokobran F8 Soft Grey &#8211; <\/p>\n<p>Ru\u010dno ra\u0111ene fleece Fendress pokriva\u010de. Premium za\u0161tita za va\u0161e fendere, dok eliminiraju \u0161kripanje i znakove tro\u0161enja. Mekani i izdr\u017eljivi, ovi pokriva\u010di u\u010dinkovito \u0161tite va\u0161u gelcoat boju i produ\u017euju vijek trajanja va\u0161ih fendera.<\/p>\n<p>\u2022 &#8220;Fendress Covers&#8221; su 100% akril, ru\u010dno ra\u0111eni, premium kvaliteta, otporni i neabrazivni. Meke, pli\u0161ane fleece fender pokriva\u010di pru\u017eaju najbolju za\u0161titu za va\u0161e strane.<br \/>\u2022 &#8220;Fendress Covers&#8221; su otporne na UV zrake i morsku vodu, u\u010dinkovito \u0161tite\u0107i va\u0161u gelcoat boju od znakova tro\u0161enja i abrazije. \u010cvrsto fleece platno sadr\u017ei sve najbolje karakteristike, uklju\u010duju\u0107i otpornost na kidanje i abraziju, brzo su\u0161enje i lako uklanjanje za \u010di\u0161\u0107enje.<br \/>\u2022 &#8220;Fendress Covers&#8221; produ\u017euju vijek trajanja va\u0161ih fendera i eliminiraju iritiraju\u0107e \u0161kripanje. Boje otporne na UV zra\u010denje ne ostavljaju tragove na va\u0161im stranama. Perivo u stroju.<br \/>\u2022 &#8220;Fendress Covers&#8221; imaju visokootporni gornji dio i elasti\u010dnu donju ivicu koja omogu\u0107ava prilago\u0111eno pristajanje za sve vrste fendera. Pokriva\u010di su dostupni u 9 boja.<\/p>\n","protected":false},"excerpt":{"rendered":"<p>Fendress Navlaka za bokobran F8 Soft Grey &#8211; Ru\u010dno ra\u0111ene fleece Fendress pokriva\u010de. Premium za\u0161tita za va\u0161e fendere, dok eliminiraju<\/p>\n","protected":false},"featured_media":5944363,"comment_status":"open","ping_status":"closed","template":"","meta":[],"product_brand":[2936],"product_cat":[1851],"product_tag":[],"class_list":{"0":"post-742811","1":"product","2":"type-product","3":"status-publish","4":"has-post-thumbnail","6":"product_brand-fendress-hr","7":"product_cat-navlake-za-bokobrane","9":"first","10":"instock","11":"shipping-taxable","12":"purchasable","13":"product-type-simple"},"_links":{"self":[{"href":"https:\/\/stoic-curie.212-227-153-4.plesk.page\/hr\/wp-json\/wp\/v2\/product\/742811","targetHints":{"allow":["GET"]}}],"collection":[{"href":"https:\/\/stoic-curie.212-227-153-4.plesk.page\/hr\/wp-json\/wp\/v2\/product"}],"about":[{"href":"https:\/\/stoic-curie.212-227-153-4.plesk.page\/hr\/wp-json\/wp\/v2\/types\/product"}],"replies":[{"embeddable":true,"href":"https:\/\/stoic-curie.212-227-153-4.plesk.page\/hr\/wp-json\/wp\/v2\/comments?post=742811"}],"version-history":[{"count":0,"href":"https:\/\/stoic-curie.212-227-153-4.plesk.page\/hr\/wp-json\/wp\/v2\/product\/742811\/revisions"}],"wp:featuredmedia":[{"embeddable":true,"href":"https:\/\/stoic-curie.212-227-153-4.plesk.page\/hr\/wp-json\/wp\/v2\/media\/5944363"}],"wp:attachment":[{"href":"https:\/\/stoic-curie.212-227-153-4.plesk.page\/hr\/wp-json\/wp\/v2\/media?parent=742811"}],"wp:term":[{"taxonomy":"product_brand","embeddable":true,"href":"https:\/\/stoic-curie.212-227-153-4.plesk.page\/hr\/wp-json\/wp\/v2\/product_brand?post=742811"},{"taxonomy":"product_cat","embeddable":true,"href":"https:\/\/stoic-curie.212-227-153-4.plesk.page\/hr\/wp-json\/wp\/v2\/product_cat?post=742811"},{"taxonomy":"product_tag","embeddable":true,"href":"https:\/\/stoic-curie.212-227-153-4.plesk.page\/hr\/wp-json\/wp\/v2\/product_tag?post=742811"}],"curies":[{"name":"wp","href":"https:\/\/api.w.org\/{rel}","templated":true}]}}