{"id":742813,"date":"2025-03-03T18:23:38","date_gmt":"2025-03-03T17:23:38","guid":{"rendered":"https:\/\/stoic-curie.212-227-153-4.plesk.page\/producto\/fendress-navlaka-za-bokobran-f10-mornaricko-plava\/"},"modified":"2026-02-25T00:01:03","modified_gmt":"2026-02-25T00:01:03","slug":"fendress-navlaka-za-bokobran-f10-mornaricko-plava","status":"publish","type":"product","link":"https:\/\/stoic-curie.212-227-153-4.plesk.page\/hr\/product\/fendress-navlaka-za-bokobran-f10-mornaricko-plava\/","title":{"rendered":"Fendress navlaka za bokobran F10 mornari\u010dko plava"},"content":{"rendered":"<p>Fendress navlaka za bokobran F10 mornari\u010dko plava &#8211; <\/p>\n<p>Ru\u010dno ra\u0111eni Fendress pokriva\u010di za fendere od pli\u0161ane flis. Premium za\u0161tita za va\u0161e fendere, dok eliminira \u0161kripanje fendera i tragove habanja. Mekani i \u010dvrsti, ovi pokriva\u010di za fendere u\u010dinkovito \u0161tite va\u0161u gel-coat boju i produ\u017euju trajnost va\u0161ih fendera.<\/p>\n<p>\u2022 \u201cFendress Covers\u201d su 100% akrilni, ru\u010dno izra\u0111eni od premium kvalitete, otporni, ne-abrazivni loop pletenine. Mekani, pli\u0161ani flis pokriva\u010di za fendere nude ultimativnu za\u0161titu za va\u0161e gornje dijelove. <br \/>\u2022 \u201cFendress Covers\u201d su otporni na UV zra\u010denje i slanu vodu, \u0161tite\u0107i u\u010dinkovito va\u0161u gel-coat boju od tragova habanja i ogrebotina. Izdr\u017eljivo flis tkanina ima sve najbolje karakteristike, uklju\u010duju\u0107i otpornost na kidanje i abraziju, brzi su\u0161i i lako uklanjanje za \u010di\u0161\u0107enje. <br \/>\u2022 \u201cFendress Covers\u201d produ\u017euju trajnost va\u0161ih fendera i eliminiraju iritantno \u0161kripanje. Boje otporne na UV ne ostavljaju tragove na va\u0161em gornjem dijelu. Mogu se prati u perilici rublja. <br \/>\u2022 \u201cFendress Covers\u201d visoka otpornost na vrhu i elasti\u010dni donji rub omogu\u0107avaju prilago\u0111eno prianjanje za sve vrste fendera. Pokriva\u010di su dostupni u 9 boja.<\/p>\n","protected":false},"excerpt":{"rendered":"<p>Fendress navlaka za bokobran F10 mornari\u010dko plava &#8211; Ru\u010dno ra\u0111eni Fendress pokriva\u010di za fendere od pli\u0161ane flis. Premium za\u0161tita za<\/p>\n","protected":false},"featured_media":5944351,"comment_status":"open","ping_status":"closed","template":"","meta":[],"product_brand":[2936],"product_cat":[1851],"product_tag":[],"class_list":{"0":"post-742813","1":"product","2":"type-product","3":"status-publish","4":"has-post-thumbnail","6":"product_brand-fendress-hr","7":"product_cat-navlake-za-bokobrane","9":"first","10":"instock","11":"shipping-taxable","12":"purchasable","13":"product-type-simple"},"_links":{"self":[{"href":"https:\/\/stoic-curie.212-227-153-4.plesk.page\/hr\/wp-json\/wp\/v2\/product\/742813","targetHints":{"allow":["GET"]}}],"collection":[{"href":"https:\/\/stoic-curie.212-227-153-4.plesk.page\/hr\/wp-json\/wp\/v2\/product"}],"about":[{"href":"https:\/\/stoic-curie.212-227-153-4.plesk.page\/hr\/wp-json\/wp\/v2\/types\/product"}],"replies":[{"embeddable":true,"href":"https:\/\/stoic-curie.212-227-153-4.plesk.page\/hr\/wp-json\/wp\/v2\/comments?post=742813"}],"version-history":[{"count":0,"href":"https:\/\/stoic-curie.212-227-153-4.plesk.page\/hr\/wp-json\/wp\/v2\/product\/742813\/revisions"}],"wp:featuredmedia":[{"embeddable":true,"href":"https:\/\/stoic-curie.212-227-153-4.plesk.page\/hr\/wp-json\/wp\/v2\/media\/5944351"}],"wp:attachment":[{"href":"https:\/\/stoic-curie.212-227-153-4.plesk.page\/hr\/wp-json\/wp\/v2\/media?parent=742813"}],"wp:term":[{"taxonomy":"product_brand","embeddable":true,"href":"https:\/\/stoic-curie.212-227-153-4.plesk.page\/hr\/wp-json\/wp\/v2\/product_brand?post=742813"},{"taxonomy":"product_cat","embeddable":true,"href":"https:\/\/stoic-curie.212-227-153-4.plesk.page\/hr\/wp-json\/wp\/v2\/product_cat?post=742813"},{"taxonomy":"product_tag","embeddable":true,"href":"https:\/\/stoic-curie.212-227-153-4.plesk.page\/hr\/wp-json\/wp\/v2\/product_tag?post=742813"}],"curies":[{"name":"wp","href":"https:\/\/api.w.org\/{rel}","templated":true}]}}