{"id":742814,"date":"2025-03-03T18:23:38","date_gmt":"2025-03-03T17:23:38","guid":{"rendered":"https:\/\/stoic-curie.212-227-153-4.plesk.page\/producto\/fendress-navlaka-za-bokobran-f10-bez\/"},"modified":"2026-02-25T00:01:03","modified_gmt":"2026-02-25T00:01:03","slug":"fendress-navlaka-za-bokobran-f10-bez","status":"publish","type":"product","link":"https:\/\/stoic-curie.212-227-153-4.plesk.page\/hr\/product\/fendress-navlaka-za-bokobran-f10-bez\/","title":{"rendered":"Fendress navlaka za bokobran F10 Be\u017e"},"content":{"rendered":"<p>Fendress navlaka za bokobran F10 Be\u017e &#8211; <\/p>\n<p>Ru\u010dno ra\u0111ene Fendress navlake za fendere od pli\u0161a. Premium za\u0161tita za va\u0161e fendere, dok eliminira \u0161i\u0161tanje i tragove habanja. Mekane i izdr\u017eljive, ove navlake efikasno \u0161tite va\u0161u gel-coat boju i produ\u017euju vijek trajanja va\u0161ih fendera.<\/p>\n<p>\u2022 \u201cFendress Covers\u201d su 100% akrilne, ru\u010dno ra\u0111ene, premium kvalitete, otporne i neabrazivne petlje. Mekane, pli\u0161ane navlake za fendere nude najbolju za\u0161titu za gornje strane va\u0161eg plovila. \u2022 \u201cFendress Covers\u201d su otporne na UV zra\u010denje i slanu vodu, efikasno \u0161tite\u0107i va\u0161u gel-coat boju od tragova habanja i abrazija. Izdr\u017eljivo i robusno pli\u0161ano platno sadr\u017ei sve najbolje karakteristike, uklju\u010duju\u0107i otpornost na kidanje i abraziju, brzo su\u0161enje i lako uklanjanje radi \u010di\u0161\u0107enja. \u2022 \u201cFendress Covers\u201d produ\u017eavaju vijek trajanja va\u0161ih fendera i eliminiraju iritiraju\u0107e \u0161i\u0161tanje. Boje otporne na UV zra\u010denje ne ostavljaju tragove na gornjim dijelovima va\u0161eg plovila. Perivo u ma\u0161ini. \u2022 \u201cFendress Covers\u201d s visokom otporno\u0161\u0107u na vrhu i elasti\u010dnom donjom rubom omogu\u0107uju prilago\u0111eno pristajanje za sve vrste fendera. Navlake su dostupne u 9 boja.<\/p>\n","protected":false},"excerpt":{"rendered":"<p>Fendress navlaka za bokobran F10 Be\u017e &#8211; Ru\u010dno ra\u0111ene Fendress navlake za fendere od pli\u0161a. Premium za\u0161tita za va\u0161e fendere,<\/p>\n","protected":false},"featured_media":5944362,"comment_status":"open","ping_status":"closed","template":"","meta":[],"product_brand":[2936],"product_cat":[1851],"product_tag":[],"class_list":{"0":"post-742814","1":"product","2":"type-product","3":"status-publish","4":"has-post-thumbnail","6":"product_brand-fendress-hr","7":"product_cat-navlake-za-bokobrane","9":"first","10":"instock","11":"shipping-taxable","12":"purchasable","13":"product-type-simple"},"_links":{"self":[{"href":"https:\/\/stoic-curie.212-227-153-4.plesk.page\/hr\/wp-json\/wp\/v2\/product\/742814","targetHints":{"allow":["GET"]}}],"collection":[{"href":"https:\/\/stoic-curie.212-227-153-4.plesk.page\/hr\/wp-json\/wp\/v2\/product"}],"about":[{"href":"https:\/\/stoic-curie.212-227-153-4.plesk.page\/hr\/wp-json\/wp\/v2\/types\/product"}],"replies":[{"embeddable":true,"href":"https:\/\/stoic-curie.212-227-153-4.plesk.page\/hr\/wp-json\/wp\/v2\/comments?post=742814"}],"version-history":[{"count":0,"href":"https:\/\/stoic-curie.212-227-153-4.plesk.page\/hr\/wp-json\/wp\/v2\/product\/742814\/revisions"}],"wp:featuredmedia":[{"embeddable":true,"href":"https:\/\/stoic-curie.212-227-153-4.plesk.page\/hr\/wp-json\/wp\/v2\/media\/5944362"}],"wp:attachment":[{"href":"https:\/\/stoic-curie.212-227-153-4.plesk.page\/hr\/wp-json\/wp\/v2\/media?parent=742814"}],"wp:term":[{"taxonomy":"product_brand","embeddable":true,"href":"https:\/\/stoic-curie.212-227-153-4.plesk.page\/hr\/wp-json\/wp\/v2\/product_brand?post=742814"},{"taxonomy":"product_cat","embeddable":true,"href":"https:\/\/stoic-curie.212-227-153-4.plesk.page\/hr\/wp-json\/wp\/v2\/product_cat?post=742814"},{"taxonomy":"product_tag","embeddable":true,"href":"https:\/\/stoic-curie.212-227-153-4.plesk.page\/hr\/wp-json\/wp\/v2\/product_tag?post=742814"}],"curies":[{"name":"wp","href":"https:\/\/api.w.org\/{rel}","templated":true}]}}