{"id":742815,"date":"2025-03-03T18:23:38","date_gmt":"2025-03-03T17:23:38","guid":{"rendered":"https:\/\/stoic-curie.212-227-153-4.plesk.page\/producto\/fendress-navlaka-za-bokobran-f11-mornaricko-plava\/"},"modified":"2026-02-25T00:01:03","modified_gmt":"2026-02-25T00:01:03","slug":"fendress-navlaka-za-bokobran-f11-mornaricko-plava","status":"publish","type":"product","link":"https:\/\/stoic-curie.212-227-153-4.plesk.page\/hr\/product\/fendress-navlaka-za-bokobran-f11-mornaricko-plava\/","title":{"rendered":"Fendress navlaka za bokobran F11 mornari\u010dko plava"},"content":{"rendered":"<p>Fendress navlaka za bokobran F11 mornari\u010dko plava &#8211; <\/p>\n<p>Ru\u010dne ra\u0111ene Fendress pokriva\u010de od pli\u0161ane vune. Premium za\u0161tita za va\u0161e odbojnike, dok elimini\u0161e \u0161kripanje i ogrebotine. Meki i \u010dvrsti, ovi pokriva\u010di za odbojnike u\u010dinkovito \u0161tite va\u0161u gel-coat boju i produ\u017eavaju vijek trajanja va\u0161ih odbojnika.<\/p>\n<p>&#149; &#8220;Fendress Covers&#8221; su 100% akrilni ru\u010dno ra\u0111eni pokriva\u010di od premjernog kvaliteta, otporni su i ne abrazivni. Mekani, pli\u0161ani pokriva\u010di za odbojnike pru\u017eaju vrhunsku za\u0161titu za va\u0161e gornje strane.&#149; &#8220;Fendress Covers&#8221; su otporne na UV zrake i morsku vodu, u\u010dinkovito \u0161tite\u0107i va\u0161u gel-coat boju od ogrebotina i znakova. \u010cvrsto i robusno pli\u0161ano tkanje sadr\u017ei sve najbolje karakteristike, uklju\u010duju\u0107i otpornost na kidanje i abraziju, brzinu su\u0161enja i lako uklanjanje za \u010di\u0161\u0107enje.&#149; &#8220;Fendress Covers&#8221; produ\u017euju vijek trajanja va\u0161ih odbojnika i uklanjaju iritantnu \u0161kripu. Boje otporne na UV zra\u010denje ne ostavljaju tragove na va\u0161im gornjim stranicama. Perive u stroju.&#149; &#8220;Fendress Covers&#8221; visoko otporni gornji dio i elasti\u010dni donji rub omogu\u0107uju pravu prilagodbu za sve vrste odbojnika. Pokriva\u010di su dostupni u 9 boja.<\/p>\n","protected":false},"excerpt":{"rendered":"<p>Fendress navlaka za bokobran F11 mornari\u010dko plava &#8211; Ru\u010dne ra\u0111ene Fendress pokriva\u010de od pli\u0161ane vune. Premium za\u0161tita za va\u0161e odbojnike,<\/p>\n","protected":false},"featured_media":5944351,"comment_status":"open","ping_status":"closed","template":"","meta":[],"product_brand":[2936],"product_cat":[1851],"product_tag":[],"class_list":{"0":"post-742815","1":"product","2":"type-product","3":"status-publish","4":"has-post-thumbnail","6":"product_brand-fendress-hr","7":"product_cat-navlake-za-bokobrane","9":"first","10":"instock","11":"shipping-taxable","12":"purchasable","13":"product-type-simple"},"_links":{"self":[{"href":"https:\/\/stoic-curie.212-227-153-4.plesk.page\/hr\/wp-json\/wp\/v2\/product\/742815","targetHints":{"allow":["GET"]}}],"collection":[{"href":"https:\/\/stoic-curie.212-227-153-4.plesk.page\/hr\/wp-json\/wp\/v2\/product"}],"about":[{"href":"https:\/\/stoic-curie.212-227-153-4.plesk.page\/hr\/wp-json\/wp\/v2\/types\/product"}],"replies":[{"embeddable":true,"href":"https:\/\/stoic-curie.212-227-153-4.plesk.page\/hr\/wp-json\/wp\/v2\/comments?post=742815"}],"version-history":[{"count":0,"href":"https:\/\/stoic-curie.212-227-153-4.plesk.page\/hr\/wp-json\/wp\/v2\/product\/742815\/revisions"}],"wp:featuredmedia":[{"embeddable":true,"href":"https:\/\/stoic-curie.212-227-153-4.plesk.page\/hr\/wp-json\/wp\/v2\/media\/5944351"}],"wp:attachment":[{"href":"https:\/\/stoic-curie.212-227-153-4.plesk.page\/hr\/wp-json\/wp\/v2\/media?parent=742815"}],"wp:term":[{"taxonomy":"product_brand","embeddable":true,"href":"https:\/\/stoic-curie.212-227-153-4.plesk.page\/hr\/wp-json\/wp\/v2\/product_brand?post=742815"},{"taxonomy":"product_cat","embeddable":true,"href":"https:\/\/stoic-curie.212-227-153-4.plesk.page\/hr\/wp-json\/wp\/v2\/product_cat?post=742815"},{"taxonomy":"product_tag","embeddable":true,"href":"https:\/\/stoic-curie.212-227-153-4.plesk.page\/hr\/wp-json\/wp\/v2\/product_tag?post=742815"}],"curies":[{"name":"wp","href":"https:\/\/api.w.org\/{rel}","templated":true}]}}