{"id":742816,"date":"2025-03-03T18:23:38","date_gmt":"2025-03-03T17:23:38","guid":{"rendered":"https:\/\/stoic-curie.212-227-153-4.plesk.page\/producto\/fendress-navlaka-za-bokobran-f11-crna\/"},"modified":"2026-02-25T00:01:03","modified_gmt":"2026-02-25T00:01:03","slug":"fendress-navlaka-za-bokobran-f11-crna","status":"publish","type":"product","link":"https:\/\/stoic-curie.212-227-153-4.plesk.page\/hr\/product\/fendress-navlaka-za-bokobran-f11-crna\/","title":{"rendered":"Fendress navlaka za bokobran F11 Crna"},"content":{"rendered":"<p>Fendress navlaka za bokobran F11 Crna &#8211; <\/p>\n<p>Ru\u010dno izra\u0111eni Fendress fender pokriva\u010di od pli\u0161anog flisa. Premium za\u0161tita za va\u0161a fenderi, dok uklanja \u0161kripu i ogrebotine. Mekani i izdr\u017eljivi, ovi pokriva\u010di efikasno \u0161tite va\u0161u gel-coat boju i produ\u017euju \u017eivot va\u0161ih fendera. <\/p>\n<p> \u2022 \u201cFendress Covers\u201d su 100% akrilni, ru\u010dno ra\u0111eni, kvalitetni, otporni i neabrazivni. Mekani pokriva\u010di od pli\u0161anog flisa nude najbolju za\u0161titu za va\u0161a bo\u010dna strana. <br \/> \u2022 \u201cFendress Covers\u201d su otporni na UV zrake i morsku vodu, u\u010dinkovito \u0161tite\u0107i va\u0161u gel-coat boju od ogrebotina i abrazija. Izdr\u017eljivo i robusno flis tkanina sadr\u017ei sve najbolje karakteristike, uklju\u010duju\u0107i otpornost na kidanje i abraziju, brzinu su\u0161enja i lako uklanjanje za \u010di\u0161\u0107enje. <br \/> \u2022 \u201cFendress Covers\u201d produ\u017euju \u017eivot va\u0161ih fendera i uklanjaju iritiraju\u0107u \u0161kripu. Boje otporne na UV zrake ne ostavljaju tragove na va\u0161im bo\u010dnim stranama. Mo\u017ee se prati u ma\u0161ini. <br \/> \u2022 \u201cFendress Covers\u201d sa visokom otporno\u0161\u0107u na vrhu i elasti\u010dnom donjom rubom omogu\u0107avaju prilago\u0111eno pristajanje za sve tipove fendera. Pokriva\u010di su dostupni u 9 boja.<\/p>\n","protected":false},"excerpt":{"rendered":"<p>Fendress navlaka za bokobran F11 Crna &#8211; Ru\u010dno izra\u0111eni Fendress fender pokriva\u010di od pli\u0161anog flisa. Premium za\u0161tita za va\u0161a fenderi,<\/p>\n","protected":false},"featured_media":5944361,"comment_status":"open","ping_status":"closed","template":"","meta":[],"product_brand":[2936],"product_cat":[1851],"product_tag":[],"class_list":{"0":"post-742816","1":"product","2":"type-product","3":"status-publish","4":"has-post-thumbnail","6":"product_brand-fendress-hr","7":"product_cat-navlake-za-bokobrane","9":"first","10":"instock","11":"shipping-taxable","12":"purchasable","13":"product-type-simple"},"_links":{"self":[{"href":"https:\/\/stoic-curie.212-227-153-4.plesk.page\/hr\/wp-json\/wp\/v2\/product\/742816","targetHints":{"allow":["GET"]}}],"collection":[{"href":"https:\/\/stoic-curie.212-227-153-4.plesk.page\/hr\/wp-json\/wp\/v2\/product"}],"about":[{"href":"https:\/\/stoic-curie.212-227-153-4.plesk.page\/hr\/wp-json\/wp\/v2\/types\/product"}],"replies":[{"embeddable":true,"href":"https:\/\/stoic-curie.212-227-153-4.plesk.page\/hr\/wp-json\/wp\/v2\/comments?post=742816"}],"version-history":[{"count":0,"href":"https:\/\/stoic-curie.212-227-153-4.plesk.page\/hr\/wp-json\/wp\/v2\/product\/742816\/revisions"}],"wp:featuredmedia":[{"embeddable":true,"href":"https:\/\/stoic-curie.212-227-153-4.plesk.page\/hr\/wp-json\/wp\/v2\/media\/5944361"}],"wp:attachment":[{"href":"https:\/\/stoic-curie.212-227-153-4.plesk.page\/hr\/wp-json\/wp\/v2\/media?parent=742816"}],"wp:term":[{"taxonomy":"product_brand","embeddable":true,"href":"https:\/\/stoic-curie.212-227-153-4.plesk.page\/hr\/wp-json\/wp\/v2\/product_brand?post=742816"},{"taxonomy":"product_cat","embeddable":true,"href":"https:\/\/stoic-curie.212-227-153-4.plesk.page\/hr\/wp-json\/wp\/v2\/product_cat?post=742816"},{"taxonomy":"product_tag","embeddable":true,"href":"https:\/\/stoic-curie.212-227-153-4.plesk.page\/hr\/wp-json\/wp\/v2\/product_tag?post=742816"}],"curies":[{"name":"wp","href":"https:\/\/api.w.org\/{rel}","templated":true}]}}