{"id":742817,"date":"2025-03-03T18:23:39","date_gmt":"2025-03-03T17:23:39","guid":{"rendered":"https:\/\/stoic-curie.212-227-153-4.plesk.page\/producto\/fendress-navlaka-za-bokobran-f11-soft-grey\/"},"modified":"2026-02-25T00:01:03","modified_gmt":"2026-02-25T00:01:03","slug":"fendress-navlaka-za-bokobran-f11-soft-grey","status":"publish","type":"product","link":"https:\/\/stoic-curie.212-227-153-4.plesk.page\/hr\/product\/fendress-navlaka-za-bokobran-f11-soft-grey\/","title":{"rendered":"Fendress navlaka za bokobran F11 Soft Grey"},"content":{"rendered":"<p>Fendress navlaka za bokobran F11 Soft Grey &#8211; <\/p>\n<p>Ru\u010dno ra\u0111eni Fendress za\u0161titni pokriva\u010di u pli\u0161anom flisu. Premium za\u0161tita za va\u0161 fender, dok eliminira \u0161kripanje i o\u0161te\u0107enja. Mekani i \u010dvrsti, ovi pokriva\u010di u\u010dinkovito \u0161tite va\u0161u gel-coat boju i produ\u017eavaju vijek trajanja va\u0161ih fendera.<\/p>\n<p>\u2022 \u201cFendress Covers\u201d su 100% akrilni, ru\u010dno izra\u0111eni, premium kvalitete, otporni i neabrazivni. Mekani, pli\u0161ani flis pokriva\u010di fendera nude ultimatnu za\u0161titu za va\u0161e bo\u010dne strane. \u2022 \u201cFendress Covers\u201d su otporni na UV zra\u010denje i more, u\u010dinkovito \u0161tite\u0107i va\u0161u gel-coat boju od ogrebanja i abrazije. \u010cvrsti i izdr\u017eljivi flis tkanina ima sve najbolje karakteristike, uklju\u010duju\u0107i otpornost na kidanje i abraziju, brzo su\u0161enje i lako uklanjanje za \u010di\u0161\u0107enje. \u2022 \u201cFendress Covers\u201d produ\u017eavaju vijek trajanja va\u0161ih fendera i eliminiraju iritiraju\u0107e \u0161kripanje fendera. UV otporne boje ne ostavljaju mrlje na va\u0161im bo\u010dnim stranicama. Mogu se prati u perilici rublja. \u2022 \u201cFendress Covers\u201d imaju visoko otporan gornji dio i elasti\u010dni rub, \u0161to omogu\u0107ava prilago\u0111eno pristajanje za sve vrste fendera. Pokriva\u010di su dostupni u 9 boja.<\/p>\n","protected":false},"excerpt":{"rendered":"<p>Fendress navlaka za bokobran F11 Soft Grey &#8211; Ru\u010dno ra\u0111eni Fendress za\u0161titni pokriva\u010di u pli\u0161anom flisu. Premium za\u0161tita za va\u0161<\/p>\n","protected":false},"featured_media":5944363,"comment_status":"open","ping_status":"closed","template":"","meta":[],"product_brand":[2936],"product_cat":[1851],"product_tag":[],"class_list":{"0":"post-742817","1":"product","2":"type-product","3":"status-publish","4":"has-post-thumbnail","6":"product_brand-fendress-hr","7":"product_cat-navlake-za-bokobrane","9":"first","10":"instock","11":"shipping-taxable","12":"purchasable","13":"product-type-simple"},"_links":{"self":[{"href":"https:\/\/stoic-curie.212-227-153-4.plesk.page\/hr\/wp-json\/wp\/v2\/product\/742817","targetHints":{"allow":["GET"]}}],"collection":[{"href":"https:\/\/stoic-curie.212-227-153-4.plesk.page\/hr\/wp-json\/wp\/v2\/product"}],"about":[{"href":"https:\/\/stoic-curie.212-227-153-4.plesk.page\/hr\/wp-json\/wp\/v2\/types\/product"}],"replies":[{"embeddable":true,"href":"https:\/\/stoic-curie.212-227-153-4.plesk.page\/hr\/wp-json\/wp\/v2\/comments?post=742817"}],"version-history":[{"count":0,"href":"https:\/\/stoic-curie.212-227-153-4.plesk.page\/hr\/wp-json\/wp\/v2\/product\/742817\/revisions"}],"wp:featuredmedia":[{"embeddable":true,"href":"https:\/\/stoic-curie.212-227-153-4.plesk.page\/hr\/wp-json\/wp\/v2\/media\/5944363"}],"wp:attachment":[{"href":"https:\/\/stoic-curie.212-227-153-4.plesk.page\/hr\/wp-json\/wp\/v2\/media?parent=742817"}],"wp:term":[{"taxonomy":"product_brand","embeddable":true,"href":"https:\/\/stoic-curie.212-227-153-4.plesk.page\/hr\/wp-json\/wp\/v2\/product_brand?post=742817"},{"taxonomy":"product_cat","embeddable":true,"href":"https:\/\/stoic-curie.212-227-153-4.plesk.page\/hr\/wp-json\/wp\/v2\/product_cat?post=742817"},{"taxonomy":"product_tag","embeddable":true,"href":"https:\/\/stoic-curie.212-227-153-4.plesk.page\/hr\/wp-json\/wp\/v2\/product_tag?post=742817"}],"curies":[{"name":"wp","href":"https:\/\/api.w.org\/{rel}","templated":true}]}}