{"id":742818,"date":"2025-03-03T18:23:39","date_gmt":"2025-03-03T17:23:39","guid":{"rendered":"https:\/\/stoic-curie.212-227-153-4.plesk.page\/producto\/nawa-modularni-drzaci-bokobrana-170mm\/"},"modified":"2026-02-25T00:01:03","modified_gmt":"2026-02-25T00:01:03","slug":"nawa-modularni-drzaci-bokobrana-170mm","status":"publish","type":"product","link":"https:\/\/stoic-curie.212-227-153-4.plesk.page\/hr\/product\/nawa-modularni-drzaci-bokobrana-170mm\/","title":{"rendered":"Nawa modularni dr\u017ea\u010di bokobrana 170mm"},"content":{"rendered":"<p>Nawa modularni dr\u017ea\u010di bokobrana 170mm &#8211; <\/p>\n<p>NAWA modularni dr\u017ea\u010di fendera izra\u0111eni su od visokokvalitetnog elektropoliranog 316 nehr\u0111aju\u0107eg \u010delika. Najsvestranije rje\u0161enje za odlaganje fendera s patentiranim konektorima koji omogu\u0107uju pri\u010dvr\u0161\u0107ivanje ko\u0161ara na bilo koju ogradu u bilo kojoj kombinaciji. Sve \u0161to vam treba za instalaciju je odvija\u010d, jedna ili vi\u0161e ko\u0161ara, te jedan ili vi\u0161e rotiraju\u0107ih ili paralelnih konektora. Rotiraju\u0107i konektor je stezaljka za cijev od 22, 25, 30 ili 32 mm. Paralelni konektor povezuje vi\u0161e ko\u0161ara zajedno.<\/p>\n","protected":false},"excerpt":{"rendered":"<p>Nawa modularni dr\u017ea\u010di bokobrana 170mm &#8211; NAWA modularni dr\u017ea\u010di fendera izra\u0111eni su od visokokvalitetnog elektropoliranog 316 nehr\u0111aju\u0107eg \u010delika. Najsvestranije rje\u0161enje<\/p>\n","protected":false},"featured_media":5940131,"comment_status":"open","ping_status":"closed","template":"","meta":[],"product_brand":[3181],"product_cat":[1847],"product_tag":[],"class_list":{"0":"post-742818","1":"product","2":"type-product","3":"status-publish","4":"has-post-thumbnail","6":"product_brand-nawa-hr","7":"product_cat-pribor-za-bokobrane","9":"first","10":"instock","11":"shipping-taxable","12":"purchasable","13":"product-type-simple"},"_links":{"self":[{"href":"https:\/\/stoic-curie.212-227-153-4.plesk.page\/hr\/wp-json\/wp\/v2\/product\/742818","targetHints":{"allow":["GET"]}}],"collection":[{"href":"https:\/\/stoic-curie.212-227-153-4.plesk.page\/hr\/wp-json\/wp\/v2\/product"}],"about":[{"href":"https:\/\/stoic-curie.212-227-153-4.plesk.page\/hr\/wp-json\/wp\/v2\/types\/product"}],"replies":[{"embeddable":true,"href":"https:\/\/stoic-curie.212-227-153-4.plesk.page\/hr\/wp-json\/wp\/v2\/comments?post=742818"}],"version-history":[{"count":0,"href":"https:\/\/stoic-curie.212-227-153-4.plesk.page\/hr\/wp-json\/wp\/v2\/product\/742818\/revisions"}],"wp:featuredmedia":[{"embeddable":true,"href":"https:\/\/stoic-curie.212-227-153-4.plesk.page\/hr\/wp-json\/wp\/v2\/media\/5940131"}],"wp:attachment":[{"href":"https:\/\/stoic-curie.212-227-153-4.plesk.page\/hr\/wp-json\/wp\/v2\/media?parent=742818"}],"wp:term":[{"taxonomy":"product_brand","embeddable":true,"href":"https:\/\/stoic-curie.212-227-153-4.plesk.page\/hr\/wp-json\/wp\/v2\/product_brand?post=742818"},{"taxonomy":"product_cat","embeddable":true,"href":"https:\/\/stoic-curie.212-227-153-4.plesk.page\/hr\/wp-json\/wp\/v2\/product_cat?post=742818"},{"taxonomy":"product_tag","embeddable":true,"href":"https:\/\/stoic-curie.212-227-153-4.plesk.page\/hr\/wp-json\/wp\/v2\/product_tag?post=742818"}],"curies":[{"name":"wp","href":"https:\/\/api.w.org\/{rel}","templated":true}]}}