{"id":742821,"date":"2025-03-03T18:23:40","date_gmt":"2025-03-03T17:23:40","guid":{"rendered":"https:\/\/stoic-curie.212-227-153-4.plesk.page\/producto\/nawa-modularni-drzaci-bokobrana-230mm\/"},"modified":"2026-02-25T00:01:05","modified_gmt":"2026-02-25T00:01:05","slug":"nawa-modularni-drzaci-bokobrana-230mm","status":"publish","type":"product","link":"https:\/\/stoic-curie.212-227-153-4.plesk.page\/hr\/product\/nawa-modularni-drzaci-bokobrana-230mm\/","title":{"rendered":"Nawa modularni dr\u017ea\u010di bokobrana 230mm"},"content":{"rendered":"<p>Nawa modularni dr\u017ea\u010di bokobrana 230mm &#8211; <\/p>\n<p>Modularni nosa\u010di fendera NAWA izra\u0111eni su od visokokvalitetnog elektropoliranog nehr\u0111aju\u0107eg \u010delika 316. To je najversatilnije rje\u0161enje za pohranu fendera s patentiranim konektorima koji omogu\u0107uju pri\u010dvr\u0161\u0107ivanje ko\u0161ara na bilo koju ogradu u bilo kojoj kombinaciji. Sve \u0161to vam je potrebno za instalaciju je odvija\u010d, jedna ili vi\u0161e ko\u0161ara i jedan ili vi\u0161e rotiraju\u0107ih ili paralelnih konektora. Rotiraju\u0107i konektor je steznik za cijev za rail od 22, 25, 30 ili 32 mm.<\/p>\n","protected":false},"excerpt":{"rendered":"<p>Nawa modularni dr\u017ea\u010di bokobrana 230mm &#8211; Modularni nosa\u010di fendera NAWA izra\u0111eni su od visokokvalitetnog elektropoliranog nehr\u0111aju\u0107eg \u010delika 316. To je<\/p>\n","protected":false},"featured_media":5940131,"comment_status":"open","ping_status":"closed","template":"","meta":[],"product_brand":[3181],"product_cat":[1847],"product_tag":[],"class_list":{"0":"post-742821","1":"product","2":"type-product","3":"status-publish","4":"has-post-thumbnail","6":"product_brand-nawa-hr","7":"product_cat-pribor-za-bokobrane","9":"first","10":"instock","11":"shipping-taxable","12":"purchasable","13":"product-type-simple"},"_links":{"self":[{"href":"https:\/\/stoic-curie.212-227-153-4.plesk.page\/hr\/wp-json\/wp\/v2\/product\/742821","targetHints":{"allow":["GET"]}}],"collection":[{"href":"https:\/\/stoic-curie.212-227-153-4.plesk.page\/hr\/wp-json\/wp\/v2\/product"}],"about":[{"href":"https:\/\/stoic-curie.212-227-153-4.plesk.page\/hr\/wp-json\/wp\/v2\/types\/product"}],"replies":[{"embeddable":true,"href":"https:\/\/stoic-curie.212-227-153-4.plesk.page\/hr\/wp-json\/wp\/v2\/comments?post=742821"}],"version-history":[{"count":0,"href":"https:\/\/stoic-curie.212-227-153-4.plesk.page\/hr\/wp-json\/wp\/v2\/product\/742821\/revisions"}],"wp:featuredmedia":[{"embeddable":true,"href":"https:\/\/stoic-curie.212-227-153-4.plesk.page\/hr\/wp-json\/wp\/v2\/media\/5940131"}],"wp:attachment":[{"href":"https:\/\/stoic-curie.212-227-153-4.plesk.page\/hr\/wp-json\/wp\/v2\/media?parent=742821"}],"wp:term":[{"taxonomy":"product_brand","embeddable":true,"href":"https:\/\/stoic-curie.212-227-153-4.plesk.page\/hr\/wp-json\/wp\/v2\/product_brand?post=742821"},{"taxonomy":"product_cat","embeddable":true,"href":"https:\/\/stoic-curie.212-227-153-4.plesk.page\/hr\/wp-json\/wp\/v2\/product_cat?post=742821"},{"taxonomy":"product_tag","embeddable":true,"href":"https:\/\/stoic-curie.212-227-153-4.plesk.page\/hr\/wp-json\/wp\/v2\/product_tag?post=742821"}],"curies":[{"name":"wp","href":"https:\/\/api.w.org\/{rel}","templated":true}]}}