{"id":742833,"date":"2025-03-03T18:23:43","date_gmt":"2025-03-03T17:23:43","guid":{"rendered":"https:\/\/stoic-curie.212-227-153-4.plesk.page\/producto\/brtva-od-neoprenske-trake-16x9-mm-15-mt\/"},"modified":"2026-02-25T00:01:05","modified_gmt":"2026-02-25T00:01:05","slug":"brtva-od-neoprenske-trake-16x9-mm-15-mt","status":"publish","type":"product","link":"https:\/\/stoic-curie.212-227-153-4.plesk.page\/hr\/product\/brtva-od-neoprenske-trake-16x9-mm-15-mt\/","title":{"rendered":"Brtva od neoprenske trake 16&#215;9 mm 15 mt"},"content":{"rendered":"<p>Brtva od neoprenske trake 16&#215;9 mm 15 mt &#8211; <\/p>\n<p>Vodonepropusna Trim-Lok brtva za vrata, otvorene povr\u0161ine i brave. U kompletu s HT akrilnim ljepilom ili jakim 3M ljepilom specijaliziranim za vanjske uvjete. Lako se montira zahvaljuju\u0107i pro\u0161irenoj EPDM gumenoj strukturi koja se savr\u0161eno prilago\u0111ava obliku ruba. Pakiranje od 15 metara.<\/p>\n","protected":false},"excerpt":{"rendered":"<p>Brtva od neoprenske trake 16&#215;9 mm 15 mt &#8211; Vodonepropusna Trim-Lok brtva za vrata, otvorene povr\u0161ine i brave. U kompletu<\/p>\n","protected":false},"featured_media":5944403,"comment_status":"open","ping_status":"closed","template":"","meta":[],"product_brand":[3481],"product_cat":[1702],"product_tag":[],"class_list":{"0":"post-742833","1":"product","2":"type-product","3":"status-publish","4":"has-post-thumbnail","6":"product_brand-tessilmare-hr","7":"product_cat-brodske-grotlasca-i-otvori","9":"first","10":"instock","11":"shipping-taxable","12":"purchasable","13":"product-type-simple"},"_links":{"self":[{"href":"https:\/\/stoic-curie.212-227-153-4.plesk.page\/hr\/wp-json\/wp\/v2\/product\/742833","targetHints":{"allow":["GET"]}}],"collection":[{"href":"https:\/\/stoic-curie.212-227-153-4.plesk.page\/hr\/wp-json\/wp\/v2\/product"}],"about":[{"href":"https:\/\/stoic-curie.212-227-153-4.plesk.page\/hr\/wp-json\/wp\/v2\/types\/product"}],"replies":[{"embeddable":true,"href":"https:\/\/stoic-curie.212-227-153-4.plesk.page\/hr\/wp-json\/wp\/v2\/comments?post=742833"}],"version-history":[{"count":0,"href":"https:\/\/stoic-curie.212-227-153-4.plesk.page\/hr\/wp-json\/wp\/v2\/product\/742833\/revisions"}],"wp:featuredmedia":[{"embeddable":true,"href":"https:\/\/stoic-curie.212-227-153-4.plesk.page\/hr\/wp-json\/wp\/v2\/media\/5944403"}],"wp:attachment":[{"href":"https:\/\/stoic-curie.212-227-153-4.plesk.page\/hr\/wp-json\/wp\/v2\/media?parent=742833"}],"wp:term":[{"taxonomy":"product_brand","embeddable":true,"href":"https:\/\/stoic-curie.212-227-153-4.plesk.page\/hr\/wp-json\/wp\/v2\/product_brand?post=742833"},{"taxonomy":"product_cat","embeddable":true,"href":"https:\/\/stoic-curie.212-227-153-4.plesk.page\/hr\/wp-json\/wp\/v2\/product_cat?post=742833"},{"taxonomy":"product_tag","embeddable":true,"href":"https:\/\/stoic-curie.212-227-153-4.plesk.page\/hr\/wp-json\/wp\/v2\/product_tag?post=742833"}],"curies":[{"name":"wp","href":"https:\/\/api.w.org\/{rel}","templated":true}]}}