{"id":742846,"date":"2025-03-03T18:23:46","date_gmt":"2025-03-03T17:23:46","guid":{"rendered":"https:\/\/stoic-curie.212-227-153-4.plesk.page\/producto\/brtva-za-brtvljenje-profila-4-6-5x25-3-5-mm-15-mts\/"},"modified":"2026-02-25T00:01:05","modified_gmt":"2026-02-25T00:01:05","slug":"brtva-za-brtvljenje-profila-4-6-5x25-3-5-mm-15-mts","status":"publish","type":"product","link":"https:\/\/stoic-curie.212-227-153-4.plesk.page\/hr\/product\/brtva-za-brtvljenje-profila-4-6-5x25-3-5-mm-15-mts\/","title":{"rendered":"Brtva za brtvljenje profila 4\/6, 5X2,5\/3, 5 mm-15 mts"},"content":{"rendered":"<p>Brtva za brtvljenje profila 4\/6, 5X2,5\/3, 5 mm-15 mts &#8211; <\/p>\n<p>Vodonepropusni Trim-Lok brtva za montiranje i u\u010dvr\u0161\u0107ivanje staklenih ili pleksiglasnih plo\u010da na otvorima pregrada. Lako se montira zahvaljuju\u0107i pro\u0161irenoj EPDM gumenoj strukturi koja se savr\u0161eno prilago\u0111ava obliku ivice. Kada se umetne, profil za zaklju\u010davanje stvara potrebni pritisak za zadr\u017eavanje stakla na mestu. Pakiranje od 15 metara.<\/p>\n","protected":false},"excerpt":{"rendered":"<p>Brtva za brtvljenje profila 4\/6, 5X2,5\/3, 5 mm-15 mts &#8211; Vodonepropusni Trim-Lok brtva za montiranje i u\u010dvr\u0161\u0107ivanje staklenih ili pleksiglasnih<\/p>\n","protected":false},"featured_media":5944421,"comment_status":"open","ping_status":"closed","template":"","meta":[],"product_brand":[3481],"product_cat":[1702],"product_tag":[],"class_list":{"0":"post-742846","1":"product","2":"type-product","3":"status-publish","4":"has-post-thumbnail","6":"product_brand-tessilmare-hr","7":"product_cat-brodske-grotlasca-i-otvori","9":"first","10":"instock","11":"shipping-taxable","12":"purchasable","13":"product-type-simple"},"_links":{"self":[{"href":"https:\/\/stoic-curie.212-227-153-4.plesk.page\/hr\/wp-json\/wp\/v2\/product\/742846","targetHints":{"allow":["GET"]}}],"collection":[{"href":"https:\/\/stoic-curie.212-227-153-4.plesk.page\/hr\/wp-json\/wp\/v2\/product"}],"about":[{"href":"https:\/\/stoic-curie.212-227-153-4.plesk.page\/hr\/wp-json\/wp\/v2\/types\/product"}],"replies":[{"embeddable":true,"href":"https:\/\/stoic-curie.212-227-153-4.plesk.page\/hr\/wp-json\/wp\/v2\/comments?post=742846"}],"version-history":[{"count":0,"href":"https:\/\/stoic-curie.212-227-153-4.plesk.page\/hr\/wp-json\/wp\/v2\/product\/742846\/revisions"}],"wp:featuredmedia":[{"embeddable":true,"href":"https:\/\/stoic-curie.212-227-153-4.plesk.page\/hr\/wp-json\/wp\/v2\/media\/5944421"}],"wp:attachment":[{"href":"https:\/\/stoic-curie.212-227-153-4.plesk.page\/hr\/wp-json\/wp\/v2\/media?parent=742846"}],"wp:term":[{"taxonomy":"product_brand","embeddable":true,"href":"https:\/\/stoic-curie.212-227-153-4.plesk.page\/hr\/wp-json\/wp\/v2\/product_brand?post=742846"},{"taxonomy":"product_cat","embeddable":true,"href":"https:\/\/stoic-curie.212-227-153-4.plesk.page\/hr\/wp-json\/wp\/v2\/product_cat?post=742846"},{"taxonomy":"product_tag","embeddable":true,"href":"https:\/\/stoic-curie.212-227-153-4.plesk.page\/hr\/wp-json\/wp\/v2\/product_tag?post=742846"}],"curies":[{"name":"wp","href":"https:\/\/api.w.org\/{rel}","templated":true}]}}