{"id":742848,"date":"2025-03-03T18:23:47","date_gmt":"2025-03-03T17:23:47","guid":{"rendered":"https:\/\/stoic-curie.212-227-153-4.plesk.page\/producto\/12mt-elektricni-kabel-za-quick-tcd-kontrolnu-plocu\/"},"modified":"2026-02-25T00:01:05","modified_gmt":"2026-02-25T00:01:05","slug":"12mt-elektricni-kabel-za-quick-tcd-kontrolnu-plocu","status":"publish","type":"product","link":"https:\/\/stoic-curie.212-227-153-4.plesk.page\/hr\/product\/12mt-elektricni-kabel-za-quick-tcd-kontrolnu-plocu\/","title":{"rendered":"12mt elektricni kabel za Quick TCD kontrolnu plo\u010du"},"content":{"rendered":"<p>12mt elektricni kabel za Quick TCD kontrolnu plo\u010du &#8211; <\/p>\n<p>TCD brzi kontrolni paneli s gumbima ili joystickom za upravljanje propelerima potisnika. Jednostavno i intuitivno korisni\u010dko su\u010delje. Univerzalno napajanje 8-30 Vdc. Mogu\u0107nost povezivanja vi\u0161e TCD kontrola paralelno. Lako se instalira zahvaljuju\u0107i konektoru s 2 \u017eice (opcionalne ekstenzije). Automatski prioritetni sustav i onemogu\u0107avanje. Za\u0161tita od obrnute polariteta, kratkog spoja na izlazu, produ\u017eene aktivnosti motora i prekida vezivanja sustava potisnika.<\/p>\n","protected":false},"excerpt":{"rendered":"<p>12mt elektricni kabel za Quick TCD kontrolnu plo\u010du &#8211; TCD brzi kontrolni paneli s gumbima ili joystickom za upravljanje propelerima<\/p>\n","protected":false},"featured_media":5940409,"comment_status":"open","ping_status":"closed","template":"","meta":[],"product_brand":[3281],"product_cat":[1610],"product_tag":[],"class_list":{"0":"post-742848","1":"product","2":"type-product","3":"status-publish","4":"has-post-thumbnail","6":"product_brand-quick-hr","7":"product_cat-pramcani-potisnici-quick","9":"first","10":"instock","11":"shipping-taxable","12":"purchasable","13":"product-type-simple"},"_links":{"self":[{"href":"https:\/\/stoic-curie.212-227-153-4.plesk.page\/hr\/wp-json\/wp\/v2\/product\/742848","targetHints":{"allow":["GET"]}}],"collection":[{"href":"https:\/\/stoic-curie.212-227-153-4.plesk.page\/hr\/wp-json\/wp\/v2\/product"}],"about":[{"href":"https:\/\/stoic-curie.212-227-153-4.plesk.page\/hr\/wp-json\/wp\/v2\/types\/product"}],"replies":[{"embeddable":true,"href":"https:\/\/stoic-curie.212-227-153-4.plesk.page\/hr\/wp-json\/wp\/v2\/comments?post=742848"}],"version-history":[{"count":0,"href":"https:\/\/stoic-curie.212-227-153-4.plesk.page\/hr\/wp-json\/wp\/v2\/product\/742848\/revisions"}],"wp:featuredmedia":[{"embeddable":true,"href":"https:\/\/stoic-curie.212-227-153-4.plesk.page\/hr\/wp-json\/wp\/v2\/media\/5940409"}],"wp:attachment":[{"href":"https:\/\/stoic-curie.212-227-153-4.plesk.page\/hr\/wp-json\/wp\/v2\/media?parent=742848"}],"wp:term":[{"taxonomy":"product_brand","embeddable":true,"href":"https:\/\/stoic-curie.212-227-153-4.plesk.page\/hr\/wp-json\/wp\/v2\/product_brand?post=742848"},{"taxonomy":"product_cat","embeddable":true,"href":"https:\/\/stoic-curie.212-227-153-4.plesk.page\/hr\/wp-json\/wp\/v2\/product_cat?post=742848"},{"taxonomy":"product_tag","embeddable":true,"href":"https:\/\/stoic-curie.212-227-153-4.plesk.page\/hr\/wp-json\/wp\/v2\/product_tag?post=742848"}],"curies":[{"name":"wp","href":"https:\/\/api.w.org\/{rel}","templated":true}]}}