{"id":742849,"date":"2025-03-03T18:23:47","date_gmt":"2025-03-03T17:23:47","guid":{"rendered":"https:\/\/stoic-curie.212-227-153-4.plesk.page\/producto\/24-mt-elektricni-kabel-za-tcd-quick-kontrolna-pluca\/"},"modified":"2026-02-25T00:01:05","modified_gmt":"2026-02-25T00:01:05","slug":"24-mt-elektricni-kabel-za-tcd-quick-kontrolna-pluca","status":"publish","type":"product","link":"https:\/\/stoic-curie.212-227-153-4.plesk.page\/hr\/product\/24-mt-elektricni-kabel-za-tcd-quick-kontrolna-pluca\/","title":{"rendered":"24 mt elektricni kabel za TCD Quick kontrolna plu\u010da"},"content":{"rendered":"<p>24 mt elektricni kabel za TCD Quick kontrolna plu\u010da &#8211; <\/p>\n<p>TCD brza kontrolna plo\u010da s tipkama ili joystickovima za upravljanje propelerima pramca. Jednostavno i intuitivno korisni\u010dko su\u010delje. Univerzalno napajanje 8-30 Vdc. Mogu\u0107nost spajanja vi\u0161e TCD kontrola paralelno. Lako se instalira zahvaljuju\u0107i 2-\u017ei\u010dnom konektoru (opcionalna pro\u0161irenja). Automatski prioritetni sustav i onemogu\u0107avanje. Za\u0161tita od obrnute polariteta, kratkog spoja na izlazu, produ\u017eene aktivnosti motora i prekida povezanosti s upravlja\u010dima propulzora.<\/p>\n","protected":false},"excerpt":{"rendered":"<p>24 mt elektricni kabel za TCD Quick kontrolna plu\u010da &#8211; TCD brza kontrolna plo\u010da s tipkama ili joystickovima za upravljanje<\/p>\n","protected":false},"featured_media":5944430,"comment_status":"open","ping_status":"closed","template":"","meta":[],"product_brand":[3281],"product_cat":[1610],"product_tag":[],"class_list":{"0":"post-742849","1":"product","2":"type-product","3":"status-publish","4":"has-post-thumbnail","6":"product_brand-quick-hr","7":"product_cat-pramcani-potisnici-quick","9":"first","10":"instock","11":"shipping-taxable","12":"purchasable","13":"product-type-simple"},"_links":{"self":[{"href":"https:\/\/stoic-curie.212-227-153-4.plesk.page\/hr\/wp-json\/wp\/v2\/product\/742849","targetHints":{"allow":["GET"]}}],"collection":[{"href":"https:\/\/stoic-curie.212-227-153-4.plesk.page\/hr\/wp-json\/wp\/v2\/product"}],"about":[{"href":"https:\/\/stoic-curie.212-227-153-4.plesk.page\/hr\/wp-json\/wp\/v2\/types\/product"}],"replies":[{"embeddable":true,"href":"https:\/\/stoic-curie.212-227-153-4.plesk.page\/hr\/wp-json\/wp\/v2\/comments?post=742849"}],"version-history":[{"count":0,"href":"https:\/\/stoic-curie.212-227-153-4.plesk.page\/hr\/wp-json\/wp\/v2\/product\/742849\/revisions"}],"wp:featuredmedia":[{"embeddable":true,"href":"https:\/\/stoic-curie.212-227-153-4.plesk.page\/hr\/wp-json\/wp\/v2\/media\/5944430"}],"wp:attachment":[{"href":"https:\/\/stoic-curie.212-227-153-4.plesk.page\/hr\/wp-json\/wp\/v2\/media?parent=742849"}],"wp:term":[{"taxonomy":"product_brand","embeddable":true,"href":"https:\/\/stoic-curie.212-227-153-4.plesk.page\/hr\/wp-json\/wp\/v2\/product_brand?post=742849"},{"taxonomy":"product_cat","embeddable":true,"href":"https:\/\/stoic-curie.212-227-153-4.plesk.page\/hr\/wp-json\/wp\/v2\/product_cat?post=742849"},{"taxonomy":"product_tag","embeddable":true,"href":"https:\/\/stoic-curie.212-227-153-4.plesk.page\/hr\/wp-json\/wp\/v2\/product_tag?post=742849"}],"curies":[{"name":"wp","href":"https:\/\/api.w.org\/{rel}","templated":true}]}}