{"id":742850,"date":"2025-03-03T18:23:47","date_gmt":"2025-03-03T17:23:47","guid":{"rendered":"https:\/\/stoic-curie.212-227-153-4.plesk.page\/producto\/prigusni-disk-r-d-15-381-mm\/"},"modified":"2026-02-25T00:01:05","modified_gmt":"2026-02-25T00:01:05","slug":"prigusni-disk-r-d-15-381-mm","status":"publish","type":"product","link":"https:\/\/stoic-curie.212-227-153-4.plesk.page\/hr\/product\/prigusni-disk-r-d-15-381-mm\/","title":{"rendered":"Prigu\u0161ni disk R &#038; D 15 381 mm"},"content":{"rendered":"<p>Prigu\u0161ni disk R &#038; D 15 381 mm &#8211; <\/p>\n<p>Amortizacijske plo\u010de za mjenja\u010de Twin Disc\/Technodrive \u2013 Warner &#8211; Hurth itd.<\/p>\n","protected":false},"excerpt":{"rendered":"<p>Prigu\u0161ni disk R &#038; D 15 381 mm &#8211; Amortizacijske plo\u010de za mjenja\u010de Twin Disc\/Technodrive \u2013 Warner &#8211; Hurth itd.<\/p>\n","protected":false},"featured_media":5944431,"comment_status":"open","ping_status":"closed","template":"","meta":[],"product_brand":[3296],"product_cat":[1789],"product_tag":[],"class_list":{"0":"post-742850","1":"product","2":"type-product","3":"status-publish","4":"has-post-thumbnail","6":"product_brand-rd-marine-hr","7":"product_cat-prigusivac-i-spojnice","9":"first","10":"instock","11":"shipping-taxable","12":"purchasable","13":"product-type-simple"},"_links":{"self":[{"href":"https:\/\/stoic-curie.212-227-153-4.plesk.page\/hr\/wp-json\/wp\/v2\/product\/742850","targetHints":{"allow":["GET"]}}],"collection":[{"href":"https:\/\/stoic-curie.212-227-153-4.plesk.page\/hr\/wp-json\/wp\/v2\/product"}],"about":[{"href":"https:\/\/stoic-curie.212-227-153-4.plesk.page\/hr\/wp-json\/wp\/v2\/types\/product"}],"replies":[{"embeddable":true,"href":"https:\/\/stoic-curie.212-227-153-4.plesk.page\/hr\/wp-json\/wp\/v2\/comments?post=742850"}],"version-history":[{"count":0,"href":"https:\/\/stoic-curie.212-227-153-4.plesk.page\/hr\/wp-json\/wp\/v2\/product\/742850\/revisions"}],"wp:featuredmedia":[{"embeddable":true,"href":"https:\/\/stoic-curie.212-227-153-4.plesk.page\/hr\/wp-json\/wp\/v2\/media\/5944431"}],"wp:attachment":[{"href":"https:\/\/stoic-curie.212-227-153-4.plesk.page\/hr\/wp-json\/wp\/v2\/media?parent=742850"}],"wp:term":[{"taxonomy":"product_brand","embeddable":true,"href":"https:\/\/stoic-curie.212-227-153-4.plesk.page\/hr\/wp-json\/wp\/v2\/product_brand?post=742850"},{"taxonomy":"product_cat","embeddable":true,"href":"https:\/\/stoic-curie.212-227-153-4.plesk.page\/hr\/wp-json\/wp\/v2\/product_cat?post=742850"},{"taxonomy":"product_tag","embeddable":true,"href":"https:\/\/stoic-curie.212-227-153-4.plesk.page\/hr\/wp-json\/wp\/v2\/product_tag?post=742850"}],"curies":[{"name":"wp","href":"https:\/\/api.w.org\/{rel}","templated":true}]}}