{"id":742851,"date":"2025-03-03T18:23:47","date_gmt":"2025-03-03T17:23:47","guid":{"rendered":"https:\/\/stoic-curie.212-227-153-4.plesk.page\/producto\/mesingani-lezaj-za-osovinu-28-mm-vanjski-1-5-8-inca\/"},"modified":"2026-02-25T00:01:05","modified_gmt":"2026-02-25T00:01:05","slug":"mesingani-lezaj-za-osovinu-28-mm-vanjski-1-5-8-inca","status":"publish","type":"product","link":"https:\/\/stoic-curie.212-227-153-4.plesk.page\/hr\/product\/mesingani-lezaj-za-osovinu-28-mm-vanjski-1-5-8-inca\/","title":{"rendered":"Mesingani le\u017eaj za osovinu 28 mm (vanjski 1 &#8221; 5\/8 inca)"},"content":{"rendered":"<p>Mesingani le\u017eaj za osovinu 28 mm (vanjski 1 &#8221; 5\/8 inca) &#8211; <\/p>\n<p>Le\u017eajevi s vodom podmazanom osovinom s metri\u010dkim unutarnjim \u00d8 &#8211; in\u010dnim vanjskim \u00d8. Mjedena ljuska, gumeni unutra\u0161nji dio s aksijalnim kanalima.<\/p>\n","protected":false},"excerpt":{"rendered":"<p>Mesingani le\u017eaj za osovinu 28 mm (vanjski 1 &#8221; 5\/8 inca) &#8211; Le\u017eajevi s vodom podmazanom osovinom s metri\u010dkim unutarnjim<\/p>\n","protected":false},"featured_media":5940503,"comment_status":"open","ping_status":"closed","template":"","meta":[],"product_brand":[2916],"product_cat":[1812],"product_tag":[],"class_list":{"0":"post-742851","1":"product","2":"type-product","3":"status-publish","4":"has-post-thumbnail","6":"product_brand-eliche-radice-hr","7":"product_cat-lezajevi-osovine-propelera","9":"first","10":"instock","11":"shipping-taxable","12":"purchasable","13":"product-type-simple"},"_links":{"self":[{"href":"https:\/\/stoic-curie.212-227-153-4.plesk.page\/hr\/wp-json\/wp\/v2\/product\/742851","targetHints":{"allow":["GET"]}}],"collection":[{"href":"https:\/\/stoic-curie.212-227-153-4.plesk.page\/hr\/wp-json\/wp\/v2\/product"}],"about":[{"href":"https:\/\/stoic-curie.212-227-153-4.plesk.page\/hr\/wp-json\/wp\/v2\/types\/product"}],"replies":[{"embeddable":true,"href":"https:\/\/stoic-curie.212-227-153-4.plesk.page\/hr\/wp-json\/wp\/v2\/comments?post=742851"}],"version-history":[{"count":0,"href":"https:\/\/stoic-curie.212-227-153-4.plesk.page\/hr\/wp-json\/wp\/v2\/product\/742851\/revisions"}],"wp:featuredmedia":[{"embeddable":true,"href":"https:\/\/stoic-curie.212-227-153-4.plesk.page\/hr\/wp-json\/wp\/v2\/media\/5940503"}],"wp:attachment":[{"href":"https:\/\/stoic-curie.212-227-153-4.plesk.page\/hr\/wp-json\/wp\/v2\/media?parent=742851"}],"wp:term":[{"taxonomy":"product_brand","embeddable":true,"href":"https:\/\/stoic-curie.212-227-153-4.plesk.page\/hr\/wp-json\/wp\/v2\/product_brand?post=742851"},{"taxonomy":"product_cat","embeddable":true,"href":"https:\/\/stoic-curie.212-227-153-4.plesk.page\/hr\/wp-json\/wp\/v2\/product_cat?post=742851"},{"taxonomy":"product_tag","embeddable":true,"href":"https:\/\/stoic-curie.212-227-153-4.plesk.page\/hr\/wp-json\/wp\/v2\/product_tag?post=742851"}],"curies":[{"name":"wp","href":"https:\/\/api.w.org\/{rel}","templated":true}]}}