{"id":742868,"date":"2025-03-03T18:23:52","date_gmt":"2025-03-03T17:23:52","guid":{"rendered":"https:\/\/stoic-curie.212-227-153-4.plesk.page\/producto\/mesingani-lezaj-za-osovinu-od-100-mm-vanjski-5-1-4-inca\/"},"modified":"2026-02-25T00:01:05","modified_gmt":"2026-02-25T00:01:05","slug":"mesingani-lezaj-za-osovinu-od-100-mm-vanjski-5-1-4-inca","status":"publish","type":"product","link":"https:\/\/stoic-curie.212-227-153-4.plesk.page\/hr\/product\/mesingani-lezaj-za-osovinu-od-100-mm-vanjski-5-1-4-inca\/","title":{"rendered":"Le\u017eaj od mesinga 100 x 133,35 x 406,4 mm"},"content":{"rendered":"<p>Le\u017eaj od mesinga 100 x 133,35 x 406,4 mm &#8211; <\/p>\n<p style=\"color: rgb(34, 34, 34); font-family: Arial, Helvetica, sans-serif; font-size: small;\">Le\u017eajevi na vodenoj podlozi odlikuju se metri\u010dkim unutarnjim promjerom i vanjskim promjerom mjerenim u in\u010dima. Ovi le\u017eajevi su izra\u0111eni s mesinganim vanjskim omotom i unutarnjim dijelom od gumene mase koji uklju\u010duje aksijalne kanale. Dizajnirani za dugovje\u010dnost, koriste mornari\u010dki mesing zajedno s izdr\u017eljivim sinteti\u010dkim nitrilnim gumama.<\/p>\n<p style=\"color: rgb(34, 34, 34); font-family: Arial, Helvetica, sans-serif; font-size: small;\">Kako bi se osigurala optimalna u\u010dinkovitost, novi be\u0161avni le\u017eaj s mesinganim omotom trebao bi imati razmak od 0,006 in\u010da za svaki in\u010d promjera osovine.<\/p>\n<p style=\"color: rgb(34, 34, 34); font-family: Arial, Helvetica, sans-serif; font-size: small;\">Tehni\u010dke specifikacije:<\/p>\n<ul style=\"color: rgb(34, 34, 34); font-family: Arial, Helvetica, sans-serif; font-size: small;\">\n<li>Promjer osovine: 100 mm<\/li>\n<li>Vanjski promjer: 133,35 mm<\/li>\n<li>Du\u017eina: 406,4 mm<\/li>\n<\/ul>\n","protected":false},"excerpt":{"rendered":"<p>Le\u017eaj od mesinga 100 x 133,35 x 406,4 mm &#8211; Le\u017eajevi na vodenoj podlozi odlikuju se metri\u010dkim unutarnjim promjerom i<\/p>\n","protected":false},"featured_media":5940503,"comment_status":"open","ping_status":"closed","template":"","meta":[],"product_brand":[2916],"product_cat":[1812],"product_tag":[],"class_list":{"0":"post-742868","1":"product","2":"type-product","3":"status-publish","4":"has-post-thumbnail","6":"product_brand-eliche-radice-hr","7":"product_cat-lezajevi-osovine-propelera","9":"first","10":"instock","11":"shipping-taxable","12":"purchasable","13":"product-type-simple"},"_links":{"self":[{"href":"https:\/\/stoic-curie.212-227-153-4.plesk.page\/hr\/wp-json\/wp\/v2\/product\/742868","targetHints":{"allow":["GET"]}}],"collection":[{"href":"https:\/\/stoic-curie.212-227-153-4.plesk.page\/hr\/wp-json\/wp\/v2\/product"}],"about":[{"href":"https:\/\/stoic-curie.212-227-153-4.plesk.page\/hr\/wp-json\/wp\/v2\/types\/product"}],"replies":[{"embeddable":true,"href":"https:\/\/stoic-curie.212-227-153-4.plesk.page\/hr\/wp-json\/wp\/v2\/comments?post=742868"}],"version-history":[{"count":0,"href":"https:\/\/stoic-curie.212-227-153-4.plesk.page\/hr\/wp-json\/wp\/v2\/product\/742868\/revisions"}],"wp:featuredmedia":[{"embeddable":true,"href":"https:\/\/stoic-curie.212-227-153-4.plesk.page\/hr\/wp-json\/wp\/v2\/media\/5940503"}],"wp:attachment":[{"href":"https:\/\/stoic-curie.212-227-153-4.plesk.page\/hr\/wp-json\/wp\/v2\/media?parent=742868"}],"wp:term":[{"taxonomy":"product_brand","embeddable":true,"href":"https:\/\/stoic-curie.212-227-153-4.plesk.page\/hr\/wp-json\/wp\/v2\/product_brand?post=742868"},{"taxonomy":"product_cat","embeddable":true,"href":"https:\/\/stoic-curie.212-227-153-4.plesk.page\/hr\/wp-json\/wp\/v2\/product_cat?post=742868"},{"taxonomy":"product_tag","embeddable":true,"href":"https:\/\/stoic-curie.212-227-153-4.plesk.page\/hr\/wp-json\/wp\/v2\/product_tag?post=742868"}],"curies":[{"name":"wp","href":"https:\/\/api.w.org\/{rel}","templated":true}]}}