{"id":742929,"date":"2025-03-03T18:24:13","date_gmt":"2025-03-03T17:24:13","guid":{"rendered":"https:\/\/stoic-curie.212-227-153-4.plesk.page\/producto\/aluminijski-produzetak-za-glomex-ra129-30-cm\/"},"modified":"2026-02-25T00:01:05","modified_gmt":"2026-02-25T00:01:05","slug":"aluminijski-produzetak-za-glomex-ra129-30-cm","status":"publish","type":"product","link":"https:\/\/stoic-curie.212-227-153-4.plesk.page\/hr\/product\/aluminijski-produzetak-za-glomex-ra129-30-cm\/","title":{"rendered":"Aluminijski produ\u017eetak za Glomex Ra129, 30 cm"},"content":{"rendered":"<p>Aluminijski produ\u017eetak za Glomex Ra129, 30 cm &#8211; <\/p>\n<p>Glomex RA129 bijele lakirane aluminijske produ\u017eetke za GPS antene. Omogu\u0107uju sredi\u0161nje i bo\u010dno prolaz GPS kabela. Standardna veli\u010dina navoja 1&#8243; x 14 na oba kraja.<\/p>\n","protected":false},"excerpt":{"rendered":"<p>Aluminijski produ\u017eetak za Glomex Ra129, 30 cm &#8211; Glomex RA129 bijele lakirane aluminijske produ\u017eetke za GPS antene. Omogu\u0107uju sredi\u0161nje i<\/p>\n","protected":false},"featured_media":5944445,"comment_status":"open","ping_status":"closed","template":"","meta":[],"product_brand":[2279,2981],"product_cat":[1744],"product_tag":[],"class_list":{"0":"post-742929","1":"product","2":"type-product","3":"status-publish","4":"has-post-thumbnail","6":"product_brand-glomex","7":"product_brand-glomex-hr","8":"product_cat-brodska-elektronika","10":"first","11":"outofstock","12":"shipping-taxable","13":"purchasable","14":"product-type-simple"},"_links":{"self":[{"href":"https:\/\/stoic-curie.212-227-153-4.plesk.page\/hr\/wp-json\/wp\/v2\/product\/742929","targetHints":{"allow":["GET"]}}],"collection":[{"href":"https:\/\/stoic-curie.212-227-153-4.plesk.page\/hr\/wp-json\/wp\/v2\/product"}],"about":[{"href":"https:\/\/stoic-curie.212-227-153-4.plesk.page\/hr\/wp-json\/wp\/v2\/types\/product"}],"replies":[{"embeddable":true,"href":"https:\/\/stoic-curie.212-227-153-4.plesk.page\/hr\/wp-json\/wp\/v2\/comments?post=742929"}],"version-history":[{"count":0,"href":"https:\/\/stoic-curie.212-227-153-4.plesk.page\/hr\/wp-json\/wp\/v2\/product\/742929\/revisions"}],"wp:featuredmedia":[{"embeddable":true,"href":"https:\/\/stoic-curie.212-227-153-4.plesk.page\/hr\/wp-json\/wp\/v2\/media\/5944445"}],"wp:attachment":[{"href":"https:\/\/stoic-curie.212-227-153-4.plesk.page\/hr\/wp-json\/wp\/v2\/media?parent=742929"}],"wp:term":[{"taxonomy":"product_brand","embeddable":true,"href":"https:\/\/stoic-curie.212-227-153-4.plesk.page\/hr\/wp-json\/wp\/v2\/product_brand?post=742929"},{"taxonomy":"product_cat","embeddable":true,"href":"https:\/\/stoic-curie.212-227-153-4.plesk.page\/hr\/wp-json\/wp\/v2\/product_cat?post=742929"},{"taxonomy":"product_tag","embeddable":true,"href":"https:\/\/stoic-curie.212-227-153-4.plesk.page\/hr\/wp-json\/wp\/v2\/product_tag?post=742929"}],"curies":[{"name":"wp","href":"https:\/\/api.w.org\/{rel}","templated":true}]}}