{"id":742930,"date":"2025-03-03T18:24:13","date_gmt":"2025-03-03T17:24:13","guid":{"rendered":"https:\/\/stoic-curie.212-227-153-4.plesk.page\/producto\/glomex-v9124-nosac-od-nehrdajuceg-celika-za-avior-talitha-altair-polaris-webboat-tv-antene\/"},"modified":"2026-02-25T00:01:05","modified_gmt":"2026-02-25T00:01:05","slug":"glomex-v9124-nosac-od-nehrdajuceg-celika-za-avior-talitha-altair-polaris-webboat-tv-antene","status":"publish","type":"product","link":"https:\/\/stoic-curie.212-227-153-4.plesk.page\/hr\/product\/glomex-v9124-nosac-od-nehrdajuceg-celika-za-avior-talitha-altair-polaris-webboat-tv-antene\/","title":{"rendered":"Glomex V9124 nosa\u010d od nehr\u0111aju\u0107eg \u010delika za Avior \/ Talitha \/ Altair \/ Polaris \/ Webboat TV antene"},"content":{"rendered":"<p>Glomex V9124 nosa\u010d od nehr\u0111aju\u0107eg \u010delika za Avior \/ Talitha \/ Altair \/ Polaris \/ Webboat TV antene &#8211; <\/p>\n<p>Omnidirekcijska Glomex V9125AGCU\/DAB20 Talitha antena za analognu\/digitalnu TV. Zahvaljuju\u0107i visini od 31 mm, koja omogu\u0107uje prijem vertikalnih signala, ova antena mo\u017ee primati analognu ili digitalnu TV signalizaciju polariziranu horizontalno i vertikalno, \u0161to je \u010dini idealnim rje\u0161enjem za sve vrste brodova, jedrilica ili motornih \u010damaca. Opremljena je stilusom za prijem DAB signala i automatskim poja\u010dalom kontrole dobitka (AGC) koje osigurava savr\u0161en signal, bilo na moru ili u luci. Ako se koristi s V9147 razdjelnikom (2-pute, opcionalno), postavljenim izme\u0111u antene i poja\u010dala, mo\u017ee primati i AM-FM radio frekvencije. Frekvencija 87,5\/774 MHz, 174\/240 MHz DA &#8211; Impedancija 75 Ohm &#8211; Univerzalno napajanje 12\/24V.<\/p>\n","protected":false},"excerpt":{"rendered":"<p>Glomex V9124 nosa\u010d od nehr\u0111aju\u0107eg \u010delika za Avior \/ Talitha \/ Altair \/ Polaris \/ Webboat TV antene &#8211; Omnidirekcijska<\/p>\n","protected":false},"featured_media":5944451,"comment_status":"open","ping_status":"closed","template":"","meta":[],"product_brand":[2981,2279],"product_cat":[1754],"product_tag":[],"class_list":{"0":"post-742930","1":"product","2":"type-product","3":"status-publish","4":"has-post-thumbnail","6":"product_brand-glomex-hr","7":"product_brand-glomex","8":"product_cat-tv-antene","10":"first","11":"instock","12":"shipping-taxable","13":"purchasable","14":"product-type-simple"},"_links":{"self":[{"href":"https:\/\/stoic-curie.212-227-153-4.plesk.page\/hr\/wp-json\/wp\/v2\/product\/742930","targetHints":{"allow":["GET"]}}],"collection":[{"href":"https:\/\/stoic-curie.212-227-153-4.plesk.page\/hr\/wp-json\/wp\/v2\/product"}],"about":[{"href":"https:\/\/stoic-curie.212-227-153-4.plesk.page\/hr\/wp-json\/wp\/v2\/types\/product"}],"replies":[{"embeddable":true,"href":"https:\/\/stoic-curie.212-227-153-4.plesk.page\/hr\/wp-json\/wp\/v2\/comments?post=742930"}],"version-history":[{"count":0,"href":"https:\/\/stoic-curie.212-227-153-4.plesk.page\/hr\/wp-json\/wp\/v2\/product\/742930\/revisions"}],"wp:featuredmedia":[{"embeddable":true,"href":"https:\/\/stoic-curie.212-227-153-4.plesk.page\/hr\/wp-json\/wp\/v2\/media\/5944451"}],"wp:attachment":[{"href":"https:\/\/stoic-curie.212-227-153-4.plesk.page\/hr\/wp-json\/wp\/v2\/media?parent=742930"}],"wp:term":[{"taxonomy":"product_brand","embeddable":true,"href":"https:\/\/stoic-curie.212-227-153-4.plesk.page\/hr\/wp-json\/wp\/v2\/product_brand?post=742930"},{"taxonomy":"product_cat","embeddable":true,"href":"https:\/\/stoic-curie.212-227-153-4.plesk.page\/hr\/wp-json\/wp\/v2\/product_cat?post=742930"},{"taxonomy":"product_tag","embeddable":true,"href":"https:\/\/stoic-curie.212-227-153-4.plesk.page\/hr\/wp-json\/wp\/v2\/product_tag?post=742930"}],"curies":[{"name":"wp","href":"https:\/\/api.w.org\/{rel}","templated":true}]}}