{"id":742931,"date":"2025-03-03T18:24:14","date_gmt":"2025-03-03T17:24:14","guid":{"rendered":"https:\/\/stoic-curie.212-227-153-4.plesk.page\/producto\/glomex-v9173tv-nosac-od-nehrdajuceg-celika-za-tv-antene-nashira-adhara-polaris-webboat\/"},"modified":"2026-02-25T00:01:05","modified_gmt":"2026-02-25T00:01:05","slug":"glomex-v9173tv-nosac-od-nehrdajuceg-celika-za-tv-antene-nashira-adhara-polaris-webboat","status":"publish","type":"product","link":"https:\/\/stoic-curie.212-227-153-4.plesk.page\/hr\/product\/glomex-v9173tv-nosac-od-nehrdajuceg-celika-za-tv-antene-nashira-adhara-polaris-webboat\/","title":{"rendered":"Glomex V9173tv nosa\u010d od nehr\u0111aju\u0107eg \u010delika za TV antene Nashira \/ Adhara \/ Polaris \/ Webboat"},"content":{"rendered":"<p>Glomex V9173tv nosa\u010d od nehr\u0111aju\u0107eg \u010delika za TV antene Nashira \/ Adhara \/ Polaris \/ Webboat &#8211; <\/p>\n<p>Omnidirekcijska Glomex V9150AGC Adhara TV antena za analogne\/digitalne TV signale je idealna za sve vrste brodova. Zahvaljuju\u0107i visini od 55 mm, obliku peraje ajkule, mo\u017ee primati i vertikalno i horizontalno polarizirane TV signale. Opremljena je stilusom za primanje DAB signala i automatskim poja\u010dalom kontrole poja\u010danja (AGC) koje osigurava savr\u0161en signal kako na moru, tako i u luci. Oja\u010dana baza s mikro-lijepkom od nehr\u0111aju\u0107eg \u010delika osigurava najbolju stabilnost antene u svim uvjetima na moru. Uz opcionu V9147 razdjelnik, instaliran izme\u0111u antene i poja\u010dala, antena mo\u017ee primati i AM-FM radio frekvencije. Kompatibilna sa 6 TV ure\u0111aja. Frekvencija 87,5\/774 MHz, 174\/240 MHz DAB &#8211; Impedancija 75 Ohm &#8211; Univerzalno napajanje 12\/24V. Uklju\u010duje 3&#215;20 m koaksijalnih kabela i kabel za TV ure\u0111aje.<\/p>\n","protected":false},"excerpt":{"rendered":"<p>Glomex V9173tv nosa\u010d od nehr\u0111aju\u0107eg \u010delika za TV antene Nashira \/ Adhara \/ Polaris \/ Webboat &#8211; Omnidirekcijska Glomex V9150AGC<\/p>\n","protected":false},"featured_media":5944453,"comment_status":"open","ping_status":"closed","template":"","meta":[],"product_brand":[2981],"product_cat":[1754],"product_tag":[],"class_list":{"0":"post-742931","1":"product","2":"type-product","3":"status-publish","4":"has-post-thumbnail","6":"product_brand-glomex-hr","7":"product_cat-tv-antene","9":"first","10":"instock","11":"shipping-taxable","12":"purchasable","13":"product-type-simple"},"_links":{"self":[{"href":"https:\/\/stoic-curie.212-227-153-4.plesk.page\/hr\/wp-json\/wp\/v2\/product\/742931","targetHints":{"allow":["GET"]}}],"collection":[{"href":"https:\/\/stoic-curie.212-227-153-4.plesk.page\/hr\/wp-json\/wp\/v2\/product"}],"about":[{"href":"https:\/\/stoic-curie.212-227-153-4.plesk.page\/hr\/wp-json\/wp\/v2\/types\/product"}],"replies":[{"embeddable":true,"href":"https:\/\/stoic-curie.212-227-153-4.plesk.page\/hr\/wp-json\/wp\/v2\/comments?post=742931"}],"version-history":[{"count":0,"href":"https:\/\/stoic-curie.212-227-153-4.plesk.page\/hr\/wp-json\/wp\/v2\/product\/742931\/revisions"}],"wp:featuredmedia":[{"embeddable":true,"href":"https:\/\/stoic-curie.212-227-153-4.plesk.page\/hr\/wp-json\/wp\/v2\/media\/5944453"}],"wp:attachment":[{"href":"https:\/\/stoic-curie.212-227-153-4.plesk.page\/hr\/wp-json\/wp\/v2\/media?parent=742931"}],"wp:term":[{"taxonomy":"product_brand","embeddable":true,"href":"https:\/\/stoic-curie.212-227-153-4.plesk.page\/hr\/wp-json\/wp\/v2\/product_brand?post=742931"},{"taxonomy":"product_cat","embeddable":true,"href":"https:\/\/stoic-curie.212-227-153-4.plesk.page\/hr\/wp-json\/wp\/v2\/product_cat?post=742931"},{"taxonomy":"product_tag","embeddable":true,"href":"https:\/\/stoic-curie.212-227-153-4.plesk.page\/hr\/wp-json\/wp\/v2\/product_tag?post=742931"}],"curies":[{"name":"wp","href":"https:\/\/api.w.org\/{rel}","templated":true}]}}