{"id":742932,"date":"2025-03-03T18:24:14","date_gmt":"2025-03-03T17:24:14","guid":{"rendered":"https:\/\/stoic-curie.212-227-153-4.plesk.page\/producto\/baza-od-nehrdajuceg-celika-za-glomex-satelitske-antene\/"},"modified":"2026-02-25T00:01:05","modified_gmt":"2026-02-25T00:01:05","slug":"baza-od-nehrdajuceg-celika-za-glomex-satelitske-antene","status":"publish","type":"product","link":"https:\/\/stoic-curie.212-227-153-4.plesk.page\/hr\/product\/baza-od-nehrdajuceg-celika-za-glomex-satelitske-antene\/","title":{"rendered":"Baza od nehr\u0111aju\u0107eg \u010delika za Glomex satelitske antene"},"content":{"rendered":"<p>Baza od nehr\u0111aju\u0107eg \u010delika za Glomex satelitske antene &#8211; <\/p>\n<p>Postolje od nehr\u0111aju\u0107eg \u010delika s podesivim nagibom od 0-5\u00c2\u00b0 i dva gumena brtve, prikladno za sve Glomex satelitske TV antene.<\/p>\n","protected":false},"excerpt":{"rendered":"<p>Baza od nehr\u0111aju\u0107eg \u010delika za Glomex satelitske antene &#8211; Postolje od nehr\u0111aju\u0107eg \u010delika s podesivim nagibom od 0-5\u00c2\u00b0 i dva<\/p>\n","protected":false},"featured_media":5944456,"comment_status":"open","ping_status":"closed","template":"","meta":[],"product_brand":[2981],"product_cat":[1754],"product_tag":[],"class_list":{"0":"post-742932","1":"product","2":"type-product","3":"status-publish","4":"has-post-thumbnail","6":"product_brand-glomex-hr","7":"product_cat-tv-antene","9":"first","10":"instock","11":"shipping-taxable","12":"purchasable","13":"product-type-simple"},"_links":{"self":[{"href":"https:\/\/stoic-curie.212-227-153-4.plesk.page\/hr\/wp-json\/wp\/v2\/product\/742932","targetHints":{"allow":["GET"]}}],"collection":[{"href":"https:\/\/stoic-curie.212-227-153-4.plesk.page\/hr\/wp-json\/wp\/v2\/product"}],"about":[{"href":"https:\/\/stoic-curie.212-227-153-4.plesk.page\/hr\/wp-json\/wp\/v2\/types\/product"}],"replies":[{"embeddable":true,"href":"https:\/\/stoic-curie.212-227-153-4.plesk.page\/hr\/wp-json\/wp\/v2\/comments?post=742932"}],"version-history":[{"count":0,"href":"https:\/\/stoic-curie.212-227-153-4.plesk.page\/hr\/wp-json\/wp\/v2\/product\/742932\/revisions"}],"wp:featuredmedia":[{"embeddable":true,"href":"https:\/\/stoic-curie.212-227-153-4.plesk.page\/hr\/wp-json\/wp\/v2\/media\/5944456"}],"wp:attachment":[{"href":"https:\/\/stoic-curie.212-227-153-4.plesk.page\/hr\/wp-json\/wp\/v2\/media?parent=742932"}],"wp:term":[{"taxonomy":"product_brand","embeddable":true,"href":"https:\/\/stoic-curie.212-227-153-4.plesk.page\/hr\/wp-json\/wp\/v2\/product_brand?post=742932"},{"taxonomy":"product_cat","embeddable":true,"href":"https:\/\/stoic-curie.212-227-153-4.plesk.page\/hr\/wp-json\/wp\/v2\/product_cat?post=742932"},{"taxonomy":"product_tag","embeddable":true,"href":"https:\/\/stoic-curie.212-227-153-4.plesk.page\/hr\/wp-json\/wp\/v2\/product_tag?post=742932"}],"curies":[{"name":"wp","href":"https:\/\/api.w.org\/{rel}","templated":true}]}}