{"id":742948,"date":"2025-03-03T18:24:19","date_gmt":"2025-03-03T17:24:19","guid":{"rendered":"https:\/\/stoic-curie.212-227-153-4.plesk.page\/producto\/tunel-od-stakloplastike-za-vetus-25kgf-110mm-x-75cm\/"},"modified":"2026-02-25T00:01:05","modified_gmt":"2026-02-25T00:01:05","slug":"tunel-od-stakloplastike-za-vetus-25kgf-110mm-x-75cm","status":"publish","type":"product","link":"https:\/\/stoic-curie.212-227-153-4.plesk.page\/hr\/product\/tunel-od-stakloplastike-za-vetus-25kgf-110mm-x-75cm\/","title":{"rendered":"Tunel od stakloplastike 110mm x 75cm"},"content":{"rendered":"<p>Tunel od stakloplastike 110mm x 75cm &#8211; <\/p>\n<p>Ovi tuneli od stakloplastike pa\u017eljivo su dizajnirani za besprijekornu instalaciju potisnika, \u0161to ih \u010dini idealnim izborom za ljubitelje plovidbe. Kompatibilni su s markama Quick i Vetus, osiguravaju\u0107i svestranost za razli\u010dite postavke brodova. S duljinom od 75 cm i promjerom od 110 mm, ovaj tunel predstavlja odli\u010dnu opciju koja zadovoljava va\u0161e specifi\u010dne potrebe plovidbe i pobolj\u0161ava upravljivost va\u0161eg plovila.<\/p>\n<p><strong>Specifikacije:<\/strong><\/p>\n<ul>\n<li><strong>Materijal:<\/strong> Plastika oja\u010dana staklenim vlaknima (GRP), poznata po svojoj trajnosti i \u010dvrsto\u0107i.<\/li>\n<li><strong>Marka:<\/strong> Quick, pouzdano ime u pomorskoj opremi.<\/li>\n<li><strong>Duljina:<\/strong> 750 mm, pru\u017ea dovoljno prostora za instalaciju.<\/li>\n<li><strong>Promjer:<\/strong> 110 mm, osigurava pravilno pristajanje za va\u0161 potisnik.<\/li>\n<li><strong>Debljina:<\/strong> 5.5 mm, nudi robusnu konstrukciju za dugotrajne performanse.<\/li>\n<\/ul>\n","protected":false},"excerpt":{"rendered":"<p>Tunel od stakloplastike 110mm x 75cm &#8211; Ovi tuneli od stakloplastike pa\u017eljivo su dizajnirani za besprijekornu instalaciju potisnika, \u0161to ih<\/p>\n","protected":false},"featured_media":5942044,"comment_status":"open","ping_status":"closed","template":"","meta":[],"product_brand":[3281],"product_cat":[1610,1609],"product_tag":[],"class_list":{"0":"post-742948","1":"product","2":"type-product","3":"status-publish","4":"has-post-thumbnail","6":"product_brand-quick-hr","7":"product_cat-pramcani-potisnici-quick","8":"product_cat-pramcani-potisnici-vetus","10":"first","11":"instock","12":"shipping-taxable","13":"purchasable","14":"product-type-simple"},"_links":{"self":[{"href":"https:\/\/stoic-curie.212-227-153-4.plesk.page\/hr\/wp-json\/wp\/v2\/product\/742948","targetHints":{"allow":["GET"]}}],"collection":[{"href":"https:\/\/stoic-curie.212-227-153-4.plesk.page\/hr\/wp-json\/wp\/v2\/product"}],"about":[{"href":"https:\/\/stoic-curie.212-227-153-4.plesk.page\/hr\/wp-json\/wp\/v2\/types\/product"}],"replies":[{"embeddable":true,"href":"https:\/\/stoic-curie.212-227-153-4.plesk.page\/hr\/wp-json\/wp\/v2\/comments?post=742948"}],"version-history":[{"count":0,"href":"https:\/\/stoic-curie.212-227-153-4.plesk.page\/hr\/wp-json\/wp\/v2\/product\/742948\/revisions"}],"wp:featuredmedia":[{"embeddable":true,"href":"https:\/\/stoic-curie.212-227-153-4.plesk.page\/hr\/wp-json\/wp\/v2\/media\/5942044"}],"wp:attachment":[{"href":"https:\/\/stoic-curie.212-227-153-4.plesk.page\/hr\/wp-json\/wp\/v2\/media?parent=742948"}],"wp:term":[{"taxonomy":"product_brand","embeddable":true,"href":"https:\/\/stoic-curie.212-227-153-4.plesk.page\/hr\/wp-json\/wp\/v2\/product_brand?post=742948"},{"taxonomy":"product_cat","embeddable":true,"href":"https:\/\/stoic-curie.212-227-153-4.plesk.page\/hr\/wp-json\/wp\/v2\/product_cat?post=742948"},{"taxonomy":"product_tag","embeddable":true,"href":"https:\/\/stoic-curie.212-227-153-4.plesk.page\/hr\/wp-json\/wp\/v2\/product_tag?post=742948"}],"curies":[{"name":"wp","href":"https:\/\/api.w.org\/{rel}","templated":true}]}}