{"id":742950,"date":"2025-03-03T18:24:19","date_gmt":"2025-03-03T17:24:19","guid":{"rendered":"https:\/\/stoic-curie.212-227-153-4.plesk.page\/producto\/tunel-od-stakloplastike-za-vetus-35-55kgf-150mm-x-75cm\/"},"modified":"2026-02-25T00:01:05","modified_gmt":"2026-02-25T00:01:05","slug":"tunel-od-stakloplastike-za-vetus-35-55kgf-150mm-x-75cm","status":"publish","type":"product","link":"https:\/\/stoic-curie.212-227-153-4.plesk.page\/hr\/product\/tunel-od-stakloplastike-za-vetus-35-55kgf-150mm-x-75cm\/","title":{"rendered":"Tunel od stakloplastike 150mm x 75cm"},"content":{"rendered":"<p>Tunel od stakloplastike 150mm x 75cm &#8211; <\/p>\n<p>Ovaj tunel od stakloplastike dizajniran je za ugradnju potisnika i kompatibilan je s brendovima Quick i Vetus. Duga\u010dak je 75 cm i ima promjer od 150 mm, \u0161to ga \u010dini pogodnom opcijom za va\u0161e plovne potrebe.<\/p>\n<p><strong>Specifikacije:<\/strong><\/p>\n<ul>\n<li><strong>Materijal:<\/strong> GRP (stakloplastika)<\/li>\n<li><strong>Brend:<\/strong> Quick<\/li>\n<li><strong>Duljina:<\/strong> 750 mm<\/li>\n<li><strong>Promjer:<\/strong> 150 mm<\/li>\n<li><strong>Debljina:<\/strong> 5.5 mm<\/li>\n<\/ul>\n","protected":false},"excerpt":{"rendered":"<p>Tunel od stakloplastike 150mm x 75cm &#8211; Ovaj tunel od stakloplastike dizajniran je za ugradnju potisnika i kompatibilan je s<\/p>\n","protected":false},"featured_media":5942044,"comment_status":"open","ping_status":"closed","template":"","meta":[],"product_brand":[3281],"product_cat":[1610,1609],"product_tag":[],"class_list":{"0":"post-742950","1":"product","2":"type-product","3":"status-publish","4":"has-post-thumbnail","6":"product_brand-quick-hr","7":"product_cat-pramcani-potisnici-quick","8":"product_cat-pramcani-potisnici-vetus","10":"first","11":"instock","12":"shipping-taxable","13":"purchasable","14":"product-type-simple"},"_links":{"self":[{"href":"https:\/\/stoic-curie.212-227-153-4.plesk.page\/hr\/wp-json\/wp\/v2\/product\/742950","targetHints":{"allow":["GET"]}}],"collection":[{"href":"https:\/\/stoic-curie.212-227-153-4.plesk.page\/hr\/wp-json\/wp\/v2\/product"}],"about":[{"href":"https:\/\/stoic-curie.212-227-153-4.plesk.page\/hr\/wp-json\/wp\/v2\/types\/product"}],"replies":[{"embeddable":true,"href":"https:\/\/stoic-curie.212-227-153-4.plesk.page\/hr\/wp-json\/wp\/v2\/comments?post=742950"}],"version-history":[{"count":0,"href":"https:\/\/stoic-curie.212-227-153-4.plesk.page\/hr\/wp-json\/wp\/v2\/product\/742950\/revisions"}],"wp:featuredmedia":[{"embeddable":true,"href":"https:\/\/stoic-curie.212-227-153-4.plesk.page\/hr\/wp-json\/wp\/v2\/media\/5942044"}],"wp:attachment":[{"href":"https:\/\/stoic-curie.212-227-153-4.plesk.page\/hr\/wp-json\/wp\/v2\/media?parent=742950"}],"wp:term":[{"taxonomy":"product_brand","embeddable":true,"href":"https:\/\/stoic-curie.212-227-153-4.plesk.page\/hr\/wp-json\/wp\/v2\/product_brand?post=742950"},{"taxonomy":"product_cat","embeddable":true,"href":"https:\/\/stoic-curie.212-227-153-4.plesk.page\/hr\/wp-json\/wp\/v2\/product_cat?post=742950"},{"taxonomy":"product_tag","embeddable":true,"href":"https:\/\/stoic-curie.212-227-153-4.plesk.page\/hr\/wp-json\/wp\/v2\/product_tag?post=742950"}],"curies":[{"name":"wp","href":"https:\/\/api.w.org\/{rel}","templated":true}]}}